{"id":12363,"date":"2025-06-29T14:24:44","date_gmt":"2025-06-29T12:24:44","guid":{"rendered":"https:\/\/uj.adatbank.ro\/lexikon\/termek\/koler-daniel\/"},"modified":"2025-06-29T14:24:44","modified_gmt":"2025-06-29T12:24:44","slug":"koler-daniel","status":"publish","type":"product","link":"https:\/\/uj.adatbank.ro\/lexikon\/termek\/koler-daniel\/","title":{"rendered":"K\u00d6LER, Daniel"},"content":{"rendered":"<p>Segesv\u00e1r, ? \u2020 Homor\u00f3dbene, 1761, jan. 22.: lelk\u00e9sz. \u2013 Tanult Wittenbergben (1717). Segesv\u00e1ron kezdte egyh\u00e1zi p\u00e1ly\u00e1j\u00e1t (1719) ; lelkip\u00e1sztor R\u00e1doson (1731), Homor\u00f3dben\u00e9n (1750\u201361). <br \/><strong>Irod.:<\/strong> Szab\u00f3\u2013Sz\u00f6gi<\/br><\/p>\n","protected":false},"excerpt":{"rendered":"<p>Segesv\u00e1r, ? \u2020 Homor\u00f3dbene, 1761, jan. 22.: lelk\u00e9sz. \u2013 Tanult Wittenbergben (1717). Segesv\u00e1ron kezdte egyh\u00e1zi p\u00e1ly\u00e1j\u00e1t (1719) ; lelkip\u00e1sztor R\u00e1doson (1731), Homor\u00f3dben\u00e9n (1750\u201361). Irod.: Szab\u00f3\u2013Sz\u00f6gi<\/p>\n","protected":false},"featured_media":0,"comment_status":"open","ping_status":"closed","template":"","meta":[],"product_brand":[],"product_cat":[137],"product_tag":[],"class_list":{"0":"post-12363","1":"product","2":"type-product","3":"status-publish","5":"product_cat-maros-megyei-eletrajzi-lexikon","7":"first","8":"instock","9":"shipping-taxable","10":"product-type-simple"},"_links":{"self":[{"href":"https:\/\/uj.adatbank.ro\/lexikon\/wp-json\/wp\/v2\/product\/12363","targetHints":{"allow":["GET"]}}],"collection":[{"href":"https:\/\/uj.adatbank.ro\/lexikon\/wp-json\/wp\/v2\/product"}],"about":[{"href":"https:\/\/uj.adatbank.ro\/lexikon\/wp-json\/wp\/v2\/types\/product"}],"replies":[{"embeddable":true,"href":"https:\/\/uj.adatbank.ro\/lexikon\/wp-json\/wp\/v2\/comments?post=12363"}],"wp:attachment":[{"href":"https:\/\/uj.adatbank.ro\/lexikon\/wp-json\/wp\/v2\/media?parent=12363"}],"wp:term":[{"taxonomy":"product_brand","embeddable":true,"href":"https:\/\/uj.adatbank.ro\/lexikon\/wp-json\/wp\/v2\/product_brand?post=12363"},{"taxonomy":"product_cat","embeddable":true,"href":"https:\/\/uj.adatbank.ro\/lexikon\/wp-json\/wp\/v2\/product_cat?post=12363"},{"taxonomy":"product_tag","embeddable":true,"href":"https:\/\/uj.adatbank.ro\/lexikon\/wp-json\/wp\/v2\/product_tag?post=12363"}],"curies":[{"name":"wp","href":"https:\/\/api.w.org\/{rel}","templated":true}]}}