{"id":12364,"date":"2025-06-29T14:24:47","date_gmt":"2025-06-29T12:24:47","guid":{"rendered":"https:\/\/uj.adatbank.ro\/lexikon\/termek\/koleszar-lajos\/"},"modified":"2025-06-29T14:24:47","modified_gmt":"2025-06-29T12:24:47","slug":"koleszar-lajos","status":"publish","type":"product","link":"https:\/\/uj.adatbank.ro\/lexikon\/termek\/koleszar-lajos\/","title":{"rendered":"KOLESZ\u00c1R Lajos"},"content":{"rendered":"<p>Kv., 1856. j\u00fal. 26., \u2020 Bp., 1939. dec. 7.: tan\u00edt\u00f3, tan\u00e1r, iskolaigazgat\u00f3. \u2013 A k\u00f6z\u00e9piskol\u00e1t sz\u00fcl\u0151v\u00e1ros\u00e1ban v\u00e9gezte : ref. gimn. \u00e9s tan\u00edt\u00f3k\u00e9pz\u0151; Bp.-en a Pedagogiumban tanult tov\u00e1bb (1874\u2013), majd Kv.-on az egyetemen matem. term\u00e9szettudom\u00e1nyokat hallgatott \u00e9s tan\u00e1ri oklevelet (1879).; a B\u00e1nffyhunyadra nevezt\u00e9k ki (1877\u2013), ahol k\u00f6zs\u00e9gi \u00f3vod\u00e1t, iparos- \u00e9s tanonciskol\u00e1t szervezett (1885), a kalotaszegi varrotas \u00e9rdek\u00e9ben Gyarmathy Zsig\u00e1n\u00e9val n\u0151i k\u00e9zimunka tanfolyamot l\u00e9tes\u00edtett, iskol\u00e1kat \u00e1tszervezett \u00e9s iskola\u00e9p\u00fcleteket emeltetett. Szaktanfel\u00fcgyel\u0151 (1904\u2013); a j\u00e1r\u00e1s \u00e1llatt- term\u00e9ny- \u00e9s gy\u00fcm\u00f6lcski\u00e1ll\u00edt\u00e1s rendez\u0151bizotts\u00e1g\u00e1nak eln\u00f6ke (1905); a Kalotaszegi Kaszin\u00f3 \u00e9s a munk\u00e1sgimn\u00e1zium igazgat\u00f3ja, az EMKE kalotaszegi titk\u00e1ra; Sepsiszentgy\u00f6rgy\u00f6n, majd Mv.-en az \u00e1llami m. tannyelv\u0171 k\u00f6z\u00e9piskola igazgat\u00f3ja (1921\u2013). Tan\u00fcgyi <strong>Cikkei:<\/strong> Csal\u00e1d \u00e9s Iskola, Tan\u00fcgy, K\u00f6l\u00f6zsv\u00e1ri K\u00f6tl\u00f6ny, Erd\u00e9lyi H\u00edrad\u00f3, Ellenz\u00e9k, Kalotaszeg, B\u00e1nffyhunyad, P. Isk. K\u00f6zl., B\u00e1nffyhunyadi Isk. \u00e9rtes\u00edt\u0151je (szerkesztette is). \u2013 <strong>F. m.:<\/strong> B\u00e1nffyhunyadi gyermekj\u00e1t\u00e9kk\u00e9sz\u00edt\u0151 tanm\u0171hely (Kv., 1885); \u00c9rsek\u00fajv\u00e1ri Gyarmathy Zsigmond \u00e9letrajza (Kv., ? ); Nagybarcsai Barcsay Domokos eml\u00e9kezete (Kv., 1913). <br \/><strong>Irod.:<\/strong> Guly\u00e1s, Szinnyei<\/br><\/p>\n","protected":false},"excerpt":{"rendered":"<p>Kv., 1856. j\u00fal. 26., \u2020 Bp., 1939. dec. 7.: tan\u00edt\u00f3, tan\u00e1r, iskolaigazgat\u00f3. \u2013 A k\u00f6z\u00e9piskol\u00e1t sz\u00fcl\u0151v\u00e1ros\u00e1ban v\u00e9gezte : ref. gimn. \u00e9s tan\u00edt\u00f3k\u00e9pz\u0151; Bp.-en a Pedagogiumban tanult tov\u00e1bb (1874\u2013), majd Kv.-on az egyetemen matem. term\u00e9szettudom\u00e1nyokat hallgatott \u00e9s tan\u00e1ri oklevelet (1879).; a B\u00e1nffyhunyadra nevezt\u00e9k ki (1877\u2013), ahol k\u00f6zs\u00e9gi \u00f3vod\u00e1t, iparos- \u00e9s tanonciskol\u00e1t szervezett (1885), a kalotaszegi varrotas [&hellip;]<\/p>\n","protected":false},"featured_media":0,"comment_status":"open","ping_status":"closed","template":"","meta":[],"product_brand":[],"product_cat":[137],"product_tag":[],"class_list":{"0":"post-12364","1":"product","2":"type-product","3":"status-publish","5":"product_cat-maros-megyei-eletrajzi-lexikon","7":"first","8":"instock","9":"shipping-taxable","10":"product-type-simple"},"_links":{"self":[{"href":"https:\/\/uj.adatbank.ro\/lexikon\/wp-json\/wp\/v2\/product\/12364","targetHints":{"allow":["GET"]}}],"collection":[{"href":"https:\/\/uj.adatbank.ro\/lexikon\/wp-json\/wp\/v2\/product"}],"about":[{"href":"https:\/\/uj.adatbank.ro\/lexikon\/wp-json\/wp\/v2\/types\/product"}],"replies":[{"embeddable":true,"href":"https:\/\/uj.adatbank.ro\/lexikon\/wp-json\/wp\/v2\/comments?post=12364"}],"wp:attachment":[{"href":"https:\/\/uj.adatbank.ro\/lexikon\/wp-json\/wp\/v2\/media?parent=12364"}],"wp:term":[{"taxonomy":"product_brand","embeddable":true,"href":"https:\/\/uj.adatbank.ro\/lexikon\/wp-json\/wp\/v2\/product_brand?post=12364"},{"taxonomy":"product_cat","embeddable":true,"href":"https:\/\/uj.adatbank.ro\/lexikon\/wp-json\/wp\/v2\/product_cat?post=12364"},{"taxonomy":"product_tag","embeddable":true,"href":"https:\/\/uj.adatbank.ro\/lexikon\/wp-json\/wp\/v2\/product_tag?post=12364"}],"curies":[{"name":"wp","href":"https:\/\/api.w.org\/{rel}","templated":true}]}}