{"id":12366,"date":"2025-06-29T14:24:50","date_gmt":"2025-06-29T12:24:50","guid":{"rendered":"https:\/\/uj.adatbank.ro\/lexikon\/termek\/kolin-istvan-2\/"},"modified":"2025-06-29T14:24:50","modified_gmt":"2025-06-29T12:24:50","slug":"kolin-istvan-2","status":"publish","type":"product","link":"https:\/\/uj.adatbank.ro\/lexikon\/termek\/kolin-istvan-2\/","title":{"rendered":"KOLIN Istv\u00e1n"},"content":{"rendered":"<p>? \u2020 ?: mez\u0151s\u00e1msondi. <br \/><strong>Irod.:<\/strong> A Szentistv\u00e1n T\u00e1rsulat tagjainak n\u00e9vsora (Bp., 1898)<\/br><\/p>\n","protected":false},"excerpt":{"rendered":"<p>? \u2020 ?: mez\u0151s\u00e1msondi. Irod.: A Szentistv\u00e1n T\u00e1rsulat tagjainak n\u00e9vsora (Bp., 1898)<\/p>\n","protected":false},"featured_media":0,"comment_status":"open","ping_status":"closed","template":"","meta":[],"product_brand":[],"product_cat":[137],"product_tag":[],"class_list":{"0":"post-12366","1":"product","2":"type-product","3":"status-publish","5":"product_cat-maros-megyei-eletrajzi-lexikon","7":"first","8":"instock","9":"shipping-taxable","10":"product-type-simple"},"_links":{"self":[{"href":"https:\/\/uj.adatbank.ro\/lexikon\/wp-json\/wp\/v2\/product\/12366","targetHints":{"allow":["GET"]}}],"collection":[{"href":"https:\/\/uj.adatbank.ro\/lexikon\/wp-json\/wp\/v2\/product"}],"about":[{"href":"https:\/\/uj.adatbank.ro\/lexikon\/wp-json\/wp\/v2\/types\/product"}],"replies":[{"embeddable":true,"href":"https:\/\/uj.adatbank.ro\/lexikon\/wp-json\/wp\/v2\/comments?post=12366"}],"wp:attachment":[{"href":"https:\/\/uj.adatbank.ro\/lexikon\/wp-json\/wp\/v2\/media?parent=12366"}],"wp:term":[{"taxonomy":"product_brand","embeddable":true,"href":"https:\/\/uj.adatbank.ro\/lexikon\/wp-json\/wp\/v2\/product_brand?post=12366"},{"taxonomy":"product_cat","embeddable":true,"href":"https:\/\/uj.adatbank.ro\/lexikon\/wp-json\/wp\/v2\/product_cat?post=12366"},{"taxonomy":"product_tag","embeddable":true,"href":"https:\/\/uj.adatbank.ro\/lexikon\/wp-json\/wp\/v2\/product_tag?post=12366"}],"curies":[{"name":"wp","href":"https:\/\/api.w.org\/{rel}","templated":true}]}}