{"id":12367,"date":"2025-06-29T14:24:52","date_gmt":"2025-06-29T12:24:52","guid":{"rendered":"https:\/\/uj.adatbank.ro\/lexikon\/termek\/kollar-gyorgy-kollar-henrik-gyorgy\/"},"modified":"2025-06-29T14:24:52","modified_gmt":"2025-06-29T12:24:52","slug":"kollar-gyorgy-kollar-henrik-gyorgy","status":"publish","type":"product","link":"https:\/\/uj.adatbank.ro\/lexikon\/termek\/kollar-gyorgy-kollar-henrik-gyorgy\/","title":{"rendered":"KOLL\u00c1R Gy\u00f6rgy; Koll\u00e1r Henrik Gy\u00f6rgy"},"content":{"rendered":"<p>Magyarr\u00e9gen, 1921 \u2020 ?: vegy\u00e9szm\u00e9rn\u00f6k. \u2013 A II. vh.-ban frontszolg\u00e1latot teljes\u00edtett (1942\u20131945), szovjet hadifogs\u00e1gban volt (1945\u20131947), a BME-n vegy\u00e9szm\u00e9rn\u00f6ki okl. -t szerzett (1951), doktor\u00e1lt (1960); a k\u00e9miai tudom\u00e1nyok kandid\u00e1dusa (1959). A Vasipari Kutat\u00f3 Int. Tud. Seg\u00e9dmunkat\u00e1rsa (1951), a BME Vegy\u00e9szm\u00e9rn\u00f6ki Kar Szervetlen K\u00e9miai Tansz\u00e9k tan\u00e1rseg\u00e9de (1951\u20131959), egyetemi adjunktusa (1959\u20131974), tudom\u00e1nyos f\u0151munkat\u00e1rsa (1974\u20131981). A folyad\u00e9k-g\u0151z egyens\u00falyok vizsg\u00e1lat\u00e1val, az old\u00f3szerek molekul\u00e1i k\u00f6z\u00f6tti vonz\u00e1spotenci\u00e1lok tanulm\u00e1nyoz\u00e1s\u00e1val foglalkozott. Nemzetk\u00f6zileg is jelent\u0151s, \u00faj m\u00e9r\u0151m\u00f3dszert dolgozott ki, ill. ezzel \u00f6sszef\u00fcgg\u00e9sben \u00faj k\u00e9sz\u00fcl\u00e9ket tervezett desztill\u00e1ci\u00f3s vizsg\u00e1latokhoz. &#8211; <strong>F. m.:<\/strong> Oldott szil\u00e1rd anyag hat\u00e1sa g\u0151z-folyad\u00e9k egyens\u00falyokra. Fabuss B. -vel (Magyar K\u00e9miai Foly\u00f3irat, 1952); Elektrolitek hat\u00e1sa az eotrop rendszerekre. Proszt J\u00e1nossal (Magyar K\u00e9miai Foly\u00f3irat, 1954); Bin\u00e9r folyad\u00e9kelegyek ebullioszk\u00f3pos vizsg\u00e1lata. Proszt J\u00e1nossal (MTA K\u00e9miai Tudom\u00e1nyok Oszt\u00e1lya K\u00f6zlem\u00e9nyei, 1955); A m\u00f3lar\u00e1nyos ebullioszk\u00f3pos \u00e1lland\u00f3 \u00e9s n\u00e9h\u00e1ny alkalmaz\u00e1sa fizikai-k\u00e9miai sz\u00e1m\u00edt\u00e1sokban. Kand. \u00e9rt. (Bp., 1958); G\u0151znyom\u00e1s-meghat\u00e1roz\u00e1s korrel\u00e1ci\u00f3s m\u00f3dszerrel a m\u00f3lar\u00e1nyos ebullioszk\u00f3pos \u00e9rt\u00e9kek alapj\u00e1n (Magyar K\u00e9miai Foly\u00f3irat, 1978); \u00c1ltal\u00e1nos \u00e9s szervetlen preparat\u00edv k\u00e9miai gyakorlatok. Juh\u00e1szn\u00e9 Kis J\u00fali\u00e1val(Bp., 1983; 2. kiad. 1985). <br \/><strong>Irod.:<\/strong> R\u00daL<\/br><\/p>\n","protected":false},"excerpt":{"rendered":"<p>Magyarr\u00e9gen, 1921 \u2020 ?: vegy\u00e9szm\u00e9rn\u00f6k. \u2013 A II. vh.-ban frontszolg\u00e1latot teljes\u00edtett (1942\u20131945), szovjet hadifogs\u00e1gban volt (1945\u20131947), a BME-n vegy\u00e9szm\u00e9rn\u00f6ki okl. -t szerzett (1951), doktor\u00e1lt (1960); a k\u00e9miai tudom\u00e1nyok kandid\u00e1dusa (1959). A Vasipari Kutat\u00f3 Int. Tud. Seg\u00e9dmunkat\u00e1rsa (1951), a BME Vegy\u00e9szm\u00e9rn\u00f6ki Kar Szervetlen K\u00e9miai Tansz\u00e9k tan\u00e1rseg\u00e9de (1951\u20131959), egyetemi adjunktusa (1959\u20131974), tudom\u00e1nyos f\u0151munkat\u00e1rsa (1974\u20131981). A folyad\u00e9k-g\u0151z egyens\u00falyok [&hellip;]<\/p>\n","protected":false},"featured_media":0,"comment_status":"open","ping_status":"closed","template":"","meta":[],"product_brand":[],"product_cat":[137],"product_tag":[],"class_list":{"0":"post-12367","1":"product","2":"type-product","3":"status-publish","5":"product_cat-maros-megyei-eletrajzi-lexikon","7":"first","8":"instock","9":"shipping-taxable","10":"product-type-simple"},"_links":{"self":[{"href":"https:\/\/uj.adatbank.ro\/lexikon\/wp-json\/wp\/v2\/product\/12367","targetHints":{"allow":["GET"]}}],"collection":[{"href":"https:\/\/uj.adatbank.ro\/lexikon\/wp-json\/wp\/v2\/product"}],"about":[{"href":"https:\/\/uj.adatbank.ro\/lexikon\/wp-json\/wp\/v2\/types\/product"}],"replies":[{"embeddable":true,"href":"https:\/\/uj.adatbank.ro\/lexikon\/wp-json\/wp\/v2\/comments?post=12367"}],"wp:attachment":[{"href":"https:\/\/uj.adatbank.ro\/lexikon\/wp-json\/wp\/v2\/media?parent=12367"}],"wp:term":[{"taxonomy":"product_brand","embeddable":true,"href":"https:\/\/uj.adatbank.ro\/lexikon\/wp-json\/wp\/v2\/product_brand?post=12367"},{"taxonomy":"product_cat","embeddable":true,"href":"https:\/\/uj.adatbank.ro\/lexikon\/wp-json\/wp\/v2\/product_cat?post=12367"},{"taxonomy":"product_tag","embeddable":true,"href":"https:\/\/uj.adatbank.ro\/lexikon\/wp-json\/wp\/v2\/product_tag?post=12367"}],"curies":[{"name":"wp","href":"https:\/\/api.w.org\/{rel}","templated":true}]}}