{"id":12370,"date":"2025-06-29T14:24:57","date_gmt":"2025-06-29T12:24:57","guid":{"rendered":"https:\/\/uj.adatbank.ro\/lexikon\/termek\/kolley-erno-kohler-1936-ig\/"},"modified":"2025-06-29T14:24:57","modified_gmt":"2025-06-29T12:24:57","slug":"kolley-erno-kohler-1936-ig","status":"publish","type":"product","link":"https:\/\/uj.adatbank.ro\/lexikon\/termek\/kolley-erno-kohler-1936-ig\/","title":{"rendered":"K\u00d6LLEY Ern\u0151, K\u00f6hler (1936-ig)"},"content":{"rendered":"<p>Segesv\u00e1r, 1888. \u00e1pr. 10. \u2020 Baden-Baden, 1971. \u00e1pr. 2.: nemes, vez\u00e9r\u0151rnagy. \u2013 K. Ott\u00f3 gazdatiszt \u00e9s Hammer Janka fia. \u2013 A b\u00e9cs\u00fajhelyi cs. kir. kat. akad. \u2013\u00e1n tanult (1906\u20131909). Hahadnagy (1909. okt. 18.), f\u0151hadnagy (1914. m\u00e1j. 1.), sz\u00e1zados (1917. febr. 1.), \u0151rnagy (1926. m\u00e1j. 1.), alezredes (1931. nov. 1.), ezredes (1937. m\u00e1j. 1.), t\u00e1bornok (1940. szept. 1.), alt\u00e1bornay (1938. nov. 1.). A dand\u00e1rtiszti iskola abszolv\u00e1l\u00e1s\u00e1t k\u00f6vet\u0151en ezzel az alakulattal r\u00e9szt vett az I. vh. keleti hadszint\u00e9ri k\u00fczdelmeiben, melynek sor\u00e1n orosz fogs\u00e1gba esett (1917\u2013). Kiszabadul\u00e1sa ut\u00e1n a szegedi kat. k\u00f6rzet, illetve az 5. vegyesdand\u00e1rparancsnoks\u00e1g beosztott tisztje (1918. okt. 31. &#8211; 1925). Ezut\u00e1n \u00e1tvett\u00e9k a vez\u00e9rkari test\u00fcletbe, \u00e9s alezredess\u00e9 l\u00e9ptett\u00e9k el\u0151 (1926). Ezt k\u00f6vet\u0151en katonai szakel\u0151ad\u00f3 Szofi\u00e1ban, majd Mo. kat. attas\u00e9ja a bolg\u00e1r f\u0151v\u00e1rosban (1928. jan. 26. &#8211; 32. jan. 1.), illetve sz\u00f3fiai sz\u00e9khellyel Ankar\u00e1ban is (1928. m\u00e1rc. 30. \u2013 32. jan. 15.). K\u00fcldet\u00e9se lej\u00e1rta ut\u00e1n az 1. husz\u00e1rezredhez helyezt\u00e9k az 1\/I. husz\u00e1roszt. parancsnokak\u00e9nt (1933. m\u00e1j. 1. \u2013), majd a HM kik\u00e9pz\u00e9si oszt\u00e1ly\u00e1n szolg\u00e1lt (1936. febr. 1. \u2013). Ezredess\u00e9 (1937. m\u00e1j. 1.), majd t\u00e1bornokk\u00e1 l\u00e9ptett\u00e9k el\u0151 (1940. szept. 1. \u2013), \u00e9s az I. gyorshadtest parancsnoks\u00e1g\u00e1ra helyezt\u00e9k. K\u00f6zben a Toldi Mikl\u00f3s honv\u00e9d sporttan\u00e1r- \u00e9s v\u00edv\u00f3mesterk\u00e9pz\u0151 int\u00e9zet parancsnoka is volt (1938. aug. 1 \u2013 40. dec. 24.). Nyug\u00e1llom\u00e1nyba vonult (1942. m\u00e1j. 1. \u2013). T\u00e1vozott a Mo.-r\u00f3l (1950-es \u00e9vekben). <br \/><strong>Irod.:<\/strong> Bene \u2013 Szab\u00f3; Szak\u00e1ly S\u00e1ndor<\/br><\/p>\n","protected":false},"excerpt":{"rendered":"<p>Segesv\u00e1r, 1888. \u00e1pr. 10. \u2020 Baden-Baden, 1971. \u00e1pr. 2.: nemes, vez\u00e9r\u0151rnagy. \u2013 K. Ott\u00f3 gazdatiszt \u00e9s Hammer Janka fia. \u2013 A b\u00e9cs\u00fajhelyi cs. kir. kat. akad. \u2013\u00e1n tanult (1906\u20131909). Hahadnagy (1909. okt. 18.), f\u0151hadnagy (1914. m\u00e1j. 1.), sz\u00e1zados (1917. febr. 1.), \u0151rnagy (1926. m\u00e1j. 1.), alezredes (1931. nov. 1.), ezredes (1937. m\u00e1j. 1.), t\u00e1bornok (1940. [&hellip;]<\/p>\n","protected":false},"featured_media":0,"comment_status":"open","ping_status":"closed","template":"","meta":[],"product_brand":[],"product_cat":[137],"product_tag":[],"class_list":{"0":"post-12370","1":"product","2":"type-product","3":"status-publish","5":"product_cat-maros-megyei-eletrajzi-lexikon","7":"first","8":"instock","9":"shipping-taxable","10":"product-type-simple"},"_links":{"self":[{"href":"https:\/\/uj.adatbank.ro\/lexikon\/wp-json\/wp\/v2\/product\/12370","targetHints":{"allow":["GET"]}}],"collection":[{"href":"https:\/\/uj.adatbank.ro\/lexikon\/wp-json\/wp\/v2\/product"}],"about":[{"href":"https:\/\/uj.adatbank.ro\/lexikon\/wp-json\/wp\/v2\/types\/product"}],"replies":[{"embeddable":true,"href":"https:\/\/uj.adatbank.ro\/lexikon\/wp-json\/wp\/v2\/comments?post=12370"}],"wp:attachment":[{"href":"https:\/\/uj.adatbank.ro\/lexikon\/wp-json\/wp\/v2\/media?parent=12370"}],"wp:term":[{"taxonomy":"product_brand","embeddable":true,"href":"https:\/\/uj.adatbank.ro\/lexikon\/wp-json\/wp\/v2\/product_brand?post=12370"},{"taxonomy":"product_cat","embeddable":true,"href":"https:\/\/uj.adatbank.ro\/lexikon\/wp-json\/wp\/v2\/product_cat?post=12370"},{"taxonomy":"product_tag","embeddable":true,"href":"https:\/\/uj.adatbank.ro\/lexikon\/wp-json\/wp\/v2\/product_tag?post=12370"}],"curies":[{"name":"wp","href":"https:\/\/api.w.org\/{rel}","templated":true}]}}