{"id":12371,"date":"2025-06-29T14:25:00","date_gmt":"2025-06-29T12:25:00","guid":{"rendered":"https:\/\/uj.adatbank.ro\/lexikon\/termek\/kollo-antal-p-bonifac\/"},"modified":"2025-06-29T14:25:00","modified_gmt":"2025-06-29T12:25:00","slug":"kollo-antal-p-bonifac","status":"publish","type":"product","link":"https:\/\/uj.adatbank.ro\/lexikon\/termek\/kollo-antal-p-bonifac\/","title":{"rendered":"K\u00d6LL\u0150 Antal P. Bonif\u00e1c"},"content":{"rendered":"<p>? \u2020 ?: r. k. pap, \u2013 Ferences szerzetespap lett a ny\u00e1r\u00e1dselyei pl\u00e9b\u00e1nos (1957\u201366), kijav\u00edtatta a templomot \u00e9s a pl\u00e9b\u00e1ni\u00e1t, az egyh\u00e1zi \u00e9p\u00fcleteket villamos\u00edtatta. A temesv\u00e1ri egyh\u00e1zmegy\u00e9be t\u00e1vozott (1966). <br \/><strong>Irod.:<\/strong> Maros-k\u00fck\u00fcll\u0151i f\u0151esp.<\/br><\/p>\n","protected":false},"excerpt":{"rendered":"<p>? \u2020 ?: r. k. pap, \u2013 Ferences szerzetespap lett a ny\u00e1r\u00e1dselyei pl\u00e9b\u00e1nos (1957\u201366), kijav\u00edtatta a templomot \u00e9s a pl\u00e9b\u00e1ni\u00e1t, az egyh\u00e1zi \u00e9p\u00fcleteket villamos\u00edtatta. A temesv\u00e1ri egyh\u00e1zmegy\u00e9be t\u00e1vozott (1966). Irod.: Maros-k\u00fck\u00fcll\u0151i f\u0151esp.<\/p>\n","protected":false},"featured_media":0,"comment_status":"open","ping_status":"closed","template":"","meta":[],"product_brand":[],"product_cat":[137],"product_tag":[],"class_list":{"0":"post-12371","1":"product","2":"type-product","3":"status-publish","5":"product_cat-maros-megyei-eletrajzi-lexikon","7":"first","8":"instock","9":"shipping-taxable","10":"product-type-simple"},"_links":{"self":[{"href":"https:\/\/uj.adatbank.ro\/lexikon\/wp-json\/wp\/v2\/product\/12371","targetHints":{"allow":["GET"]}}],"collection":[{"href":"https:\/\/uj.adatbank.ro\/lexikon\/wp-json\/wp\/v2\/product"}],"about":[{"href":"https:\/\/uj.adatbank.ro\/lexikon\/wp-json\/wp\/v2\/types\/product"}],"replies":[{"embeddable":true,"href":"https:\/\/uj.adatbank.ro\/lexikon\/wp-json\/wp\/v2\/comments?post=12371"}],"wp:attachment":[{"href":"https:\/\/uj.adatbank.ro\/lexikon\/wp-json\/wp\/v2\/media?parent=12371"}],"wp:term":[{"taxonomy":"product_brand","embeddable":true,"href":"https:\/\/uj.adatbank.ro\/lexikon\/wp-json\/wp\/v2\/product_brand?post=12371"},{"taxonomy":"product_cat","embeddable":true,"href":"https:\/\/uj.adatbank.ro\/lexikon\/wp-json\/wp\/v2\/product_cat?post=12371"},{"taxonomy":"product_tag","embeddable":true,"href":"https:\/\/uj.adatbank.ro\/lexikon\/wp-json\/wp\/v2\/product_tag?post=12371"}],"curies":[{"name":"wp","href":"https:\/\/api.w.org\/{rel}","templated":true}]}}