{"id":12372,"date":"2025-06-29T14:25:04","date_gmt":"2025-06-29T12:25:04","guid":{"rendered":"https:\/\/uj.adatbank.ro\/lexikon\/termek\/kollo-bela-%c2%a7\/"},"modified":"2025-06-29T14:25:04","modified_gmt":"2025-06-29T12:25:04","slug":"kollo-bela-%c2%a7","status":"publish","type":"product","link":"https:\/\/uj.adatbank.ro\/lexikon\/termek\/kollo-bela-%c2%a7\/","title":{"rendered":"K\u00d6LL\u0150 B\u00e9la, \u00a7"},"content":{"rendered":"<p>Gyergy\u00f3szentmikl\u00f3s, 1929., \u2020 Kv., 1985. jan. 8.: sz\u00edn\u00e9sz. \u2013 A mv.-i Sz\u00e9kely Sz\u00ednh\u00e1z tagja volt (1948\u201349). D\u00e9ry Tibor darabj\u00e1ban l\u00e9pett a sz\u00ednpadra el\u0151sz\u00f6r (1947), majd a Bot csin\u00e1lta doktorban aratott sikert (1948). Beiratkozott a kv.-i Szentgy\u00f6rgyi Istv\u00e1n Sz\u00ednm\u0171v\u00e9szeti Int\u00e9zetbe (1949\u201353), mint k\u00e9sz sz\u00edn\u00e9sz Nagyb\u00e1ny\u00e1n mutatkozott be. A szatm\u00e1ri sz\u00ednh\u00e1z tagja (1953\u201369), a sepsiszentgy\u00f6rgyi (1969\u201372), majd a Kv.-i \u00c1llami M. Sz\u00ednh\u00e1z\u00e9 (1972\u201384). \u2013 <strong>F. sz.:<\/strong> Jeszenka (Miksz\u00e1th K. K\u00fcl\u00f6n\u00f6s h\u00e1zass\u00e1g); 1. talig\u00e1s (M\u00f3ricz Zs.: Uri muri); Csend\u0151r (Kiss-Kov\u00e1ts : Vihar a havason); Bariba (Gorbatov: Az ap\u00e1k ifj\u00fas\u00e1ga); Szellemfi (Szigligeti Ede: Liliomfi); Bontas (A. Baranga: Kerge birka). <br \/><strong>Irod.:<\/strong> A H\u00e9t \u00e9vk\u00f6nyve (1982); Horv\u00e1th Bea; Polg\u00e1r Istv\u00e1n: K\u00e9t \u00e9vtized m\u00falt\u00e1n (\u00daj \u00c9let, 1967. 13. sz.); Katona Szab\u00f3 Istv\u00e1n: Az \u00daj \u00c9let lexikona, 94. (\u00daj \u00c9let, 10. sz. 1974.)<\/br><\/p>\n","protected":false},"excerpt":{"rendered":"<p>Gyergy\u00f3szentmikl\u00f3s, 1929., \u2020 Kv., 1985. jan. 8.: sz\u00edn\u00e9sz. \u2013 A mv.-i Sz\u00e9kely Sz\u00ednh\u00e1z tagja volt (1948\u201349). D\u00e9ry Tibor darabj\u00e1ban l\u00e9pett a sz\u00ednpadra el\u0151sz\u00f6r (1947), majd a Bot csin\u00e1lta doktorban aratott sikert (1948). Beiratkozott a kv.-i Szentgy\u00f6rgyi Istv\u00e1n Sz\u00ednm\u0171v\u00e9szeti Int\u00e9zetbe (1949\u201353), mint k\u00e9sz sz\u00edn\u00e9sz Nagyb\u00e1ny\u00e1n mutatkozott be. A szatm\u00e1ri sz\u00ednh\u00e1z tagja (1953\u201369), a sepsiszentgy\u00f6rgyi (1969\u201372), majd [&hellip;]<\/p>\n","protected":false},"featured_media":0,"comment_status":"open","ping_status":"closed","template":"","meta":[],"product_brand":[],"product_cat":[137],"product_tag":[],"class_list":{"0":"post-12372","1":"product","2":"type-product","3":"status-publish","5":"product_cat-maros-megyei-eletrajzi-lexikon","7":"first","8":"instock","9":"shipping-taxable","10":"product-type-simple"},"_links":{"self":[{"href":"https:\/\/uj.adatbank.ro\/lexikon\/wp-json\/wp\/v2\/product\/12372","targetHints":{"allow":["GET"]}}],"collection":[{"href":"https:\/\/uj.adatbank.ro\/lexikon\/wp-json\/wp\/v2\/product"}],"about":[{"href":"https:\/\/uj.adatbank.ro\/lexikon\/wp-json\/wp\/v2\/types\/product"}],"replies":[{"embeddable":true,"href":"https:\/\/uj.adatbank.ro\/lexikon\/wp-json\/wp\/v2\/comments?post=12372"}],"wp:attachment":[{"href":"https:\/\/uj.adatbank.ro\/lexikon\/wp-json\/wp\/v2\/media?parent=12372"}],"wp:term":[{"taxonomy":"product_brand","embeddable":true,"href":"https:\/\/uj.adatbank.ro\/lexikon\/wp-json\/wp\/v2\/product_brand?post=12372"},{"taxonomy":"product_cat","embeddable":true,"href":"https:\/\/uj.adatbank.ro\/lexikon\/wp-json\/wp\/v2\/product_cat?post=12372"},{"taxonomy":"product_tag","embeddable":true,"href":"https:\/\/uj.adatbank.ro\/lexikon\/wp-json\/wp\/v2\/product_tag?post=12372"}],"curies":[{"name":"wp","href":"https:\/\/api.w.org\/{rel}","templated":true}]}}