{"id":12373,"date":"2025-06-29T14:25:05","date_gmt":"2025-06-29T12:25:05","guid":{"rendered":"https:\/\/uj.adatbank.ro\/lexikon\/termek\/kollo-ignac\/"},"modified":"2025-06-29T14:25:05","modified_gmt":"2025-06-29T12:25:05","slug":"kollo-ignac","status":"publish","type":"product","link":"https:\/\/uj.adatbank.ro\/lexikon\/termek\/kollo-ignac\/","title":{"rendered":"K\u00d6LL\u0150 Ign\u00e1c"},"content":{"rendered":"<p>Gyergy\u00f3csomafalva, 1859. febr. 8., \u2020 Veszpr\u00e9m, 1942. m\u00e1rc. 11.: t\u00f6rv\u00e9nysz\u00e9ki b\u00edr\u00f3, alisp\u00e1n. \u2013 K. Ign\u00e1cz l\u00f3f\u0151sz\u00e9kely (primipilus) f\u00f6ldbirtokos, 48-as honv\u00e9dhusz\u00e1r, k\u00f6zs\u00e9gi b\u00edr\u00f3, gy\u00f3gyszer\u00e9sz (1825 -Gyergy\u00f3csomafalva, 1919. j\u00fal. 13.) \u00e9s Sz\u00e9kely Erzs\u00e9bet fia. K\u00f6ll\u0151 Mikl\u00f3s szobr\u00e1sz unokatestv\u00e9re. &#8211; K\u00f6z\u00e9piskol\u00e1it Mv.-en, Cs\u00edksomly\u00f3n, Kv. -t, a jogi tanfolyamot szint\u00e9n Kv.-on v\u00e9gezte (1884); Egy \u00e9vi \u00f6nk\u00e9ntes katonai szolg\u00e1latot is teljes\u00edtett (1882\u20131883). Gyergy\u00f3szentmikl\u00f3sra a j\u00e1r\u00e1sb\u00edr\u00f3s\u00e1gra nevezt\u00e9k ki joggyakornoknak (1884\u2013); a cs\u00edkszentm\u00e1rtoni j\u00e1r\u00e1sb\u00edr\u00f3s\u00e1gon aljegyz\u0151 (1887\u2013); b\u00edr\u00f3i vizsg\u00e1t tett a mv.-i it\u00e9l\u0151 t\u00e1bl\u00e1n (1888); alb\u00edr\u00f3 a gyergy\u00f3szentmikl\u00f3si j\u00e1r\u00e1sb\u00edr\u00f3s\u00e1gon (1891\u2013); a Mv.-i kir. t\u00f6v\u00e9nysz\u00e9k b\u00edr\u00f3ja (1897\u2013); Cs\u00edkv\u00e1rmegye t\u00f6rv\u00e9nyhat\u00f3s\u00e1gi bizotts\u00e1g\u00e1nak tagja; r\u00e9szt vett az ezer\u00e9ves \u00fcnnep alkalm\u00e1val rendezett d\u00edszfelvonul\u00e1son (1896. j\u00fan. 8); alisp\u00e1n Marostorda v\u00e1rmegy\u00e9ben (1906). T\u00f6rv\u00e9nysz\u00e9ki b\u00edr\u00f3 (1907\u20131919). Ahol a bel\u00fcgyminiszter elj\u00e1r\u00e1st kezdem\u00e9nyezett ellene, mert h\u00e1rom felf\u00fcggesztett v\u00e1rmegyei tisztvisel\u0151t visszahelyezett \u00e1ll\u00e1s\u00e1ba (1910). Er\u0151sdy S\u00e1ndor f\u0151isp\u00e1n felf\u00fcggesztette \u00e1ll\u00e1s\u00e1b\u00f3l, majd Haller J\u00e1nos visszahelyezte (1911). R\u00e9szt vett B\u00e9csben a kir\u00e1ly 85. sz\u00fclet\u00e9snapj\u00e1n tartott \u00fcnneps\u00e9geken (1915). T\u00e1rsadalmi s politikai cikkeket \u00edrt \u00e1lnevek alatt a lapokban. A Mv.-i Kaszin\u00f3 vezet\u0151s\u00e9gi tagja, aleln\u00f6ke (1911). Cikkei a: Jog c. lapban. <br \/><strong>Irod.:<\/strong> A IV. Orsz\u00e1gos Patronage Kongresszus iratai (Kv., 1914), Bi\u00e1s Istv\u00e1n; Chalupka Rezs\u0151: Hallerk\u0151i id. Gr. Haller J\u00e1nos (Sz\u00e9kelyudvarhely, 1911); Guly\u00e1s; Gy\u00e1szjelent.; Id\u0151t\u00e1r 2; Id\u0151t\u00e1r 3; Maros-k\u00fck\u00fcll\u0151i f\u0151esp.; P\u00e1l-Antal 2003; Szinnyei<\/br><\/p>\n","protected":false},"excerpt":{"rendered":"<p>Gyergy\u00f3csomafalva, 1859. febr. 8., \u2020 Veszpr\u00e9m, 1942. m\u00e1rc. 11.: t\u00f6rv\u00e9nysz\u00e9ki b\u00edr\u00f3, alisp\u00e1n. \u2013 K. Ign\u00e1cz l\u00f3f\u0151sz\u00e9kely (primipilus) f\u00f6ldbirtokos, 48-as honv\u00e9dhusz\u00e1r, k\u00f6zs\u00e9gi b\u00edr\u00f3, gy\u00f3gyszer\u00e9sz (1825 -Gyergy\u00f3csomafalva, 1919. j\u00fal. 13.) \u00e9s Sz\u00e9kely Erzs\u00e9bet fia. K\u00f6ll\u0151 Mikl\u00f3s szobr\u00e1sz unokatestv\u00e9re. &#8211; K\u00f6z\u00e9piskol\u00e1it Mv.-en, Cs\u00edksomly\u00f3n, Kv. -t, a jogi tanfolyamot szint\u00e9n Kv.-on v\u00e9gezte (1884); Egy \u00e9vi \u00f6nk\u00e9ntes katonai szolg\u00e1latot is [&hellip;]<\/p>\n","protected":false},"featured_media":0,"comment_status":"open","ping_status":"closed","template":"","meta":[],"product_brand":[],"product_cat":[137],"product_tag":[],"class_list":{"0":"post-12373","1":"product","2":"type-product","3":"status-publish","5":"product_cat-maros-megyei-eletrajzi-lexikon","7":"first","8":"instock","9":"shipping-taxable","10":"product-type-simple"},"_links":{"self":[{"href":"https:\/\/uj.adatbank.ro\/lexikon\/wp-json\/wp\/v2\/product\/12373","targetHints":{"allow":["GET"]}}],"collection":[{"href":"https:\/\/uj.adatbank.ro\/lexikon\/wp-json\/wp\/v2\/product"}],"about":[{"href":"https:\/\/uj.adatbank.ro\/lexikon\/wp-json\/wp\/v2\/types\/product"}],"replies":[{"embeddable":true,"href":"https:\/\/uj.adatbank.ro\/lexikon\/wp-json\/wp\/v2\/comments?post=12373"}],"wp:attachment":[{"href":"https:\/\/uj.adatbank.ro\/lexikon\/wp-json\/wp\/v2\/media?parent=12373"}],"wp:term":[{"taxonomy":"product_brand","embeddable":true,"href":"https:\/\/uj.adatbank.ro\/lexikon\/wp-json\/wp\/v2\/product_brand?post=12373"},{"taxonomy":"product_cat","embeddable":true,"href":"https:\/\/uj.adatbank.ro\/lexikon\/wp-json\/wp\/v2\/product_cat?post=12373"},{"taxonomy":"product_tag","embeddable":true,"href":"https:\/\/uj.adatbank.ro\/lexikon\/wp-json\/wp\/v2\/product_tag?post=12373"}],"curies":[{"name":"wp","href":"https:\/\/api.w.org\/{rel}","templated":true}]}}