{"id":12374,"date":"2025-06-29T14:25:08","date_gmt":"2025-06-29T12:25:08","guid":{"rendered":"https:\/\/uj.adatbank.ro\/lexikon\/termek\/kollo-miklos-%c2%a7\/"},"modified":"2025-06-29T14:25:08","modified_gmt":"2025-06-29T12:25:08","slug":"kollo-miklos-%c2%a7","status":"publish","type":"product","link":"https:\/\/uj.adatbank.ro\/lexikon\/termek\/kollo-miklos-%c2%a7\/","title":{"rendered":"K\u00d6LL\u0150 Mikl\u00f3s, \u00a7"},"content":{"rendered":"<p>Gyergy\u00f3csomafalva, 1861 dec. 23., \u2020 Bp., 1900. szept. 17.: szobr\u00e1sz. \u2013 A hossz\u00fafalusi farag\u00e1szati iskola elv\u00e9gz\u00e9se ut\u00e1n tanulm\u00e1nyait, a sz\u00fcl\u0151f\u00f6ld anyagi t\u00e1mogat\u00e1s\u00e1val, a m\u00fcncheni Akad\u00e9mi\u00e1n, majd Bp.-en v\u00e9gezte. Munkat\u00e1rsk\u00e9nt Husz\u00e1r Adolf \u00e9s Zala Gy\u00f6rgy v\u00e1llalkoz\u00e1sait seg\u00edtette, r\u00e9szt vett az aradi Szabads\u00e1g-szobor, a budai Honv\u00e9d-szobor, az Orsz\u00e1gh\u00e1za, a budai Kir. Palota, a K\u00faria k\u00e9sz\u00edt\u00e9s\u00e9nek csoportmunk\u00e1iban. \u00d6n\u00e1ll\u00f3 m\u0171helyt nyitott Bp.-en. El\u0151bb d\u00edsz\u00edt\u0151 szobrokat, majd k\u00f6zt\u00e9ri eml\u00e9kszobrokat alkotott. K\u00f6zt\u00e9ri szobrai: a segesv\u00e1ri v\u00e1rban Pet\u0151fi honv\u00e9druh\u00e1s szobra (felavatt\u00e1k: 1897. j\u00fal. 31., 1916-ban a szobrot Kiskunf\u00e9legyh\u00e1z\u00e1ra menek\u00edtett\u00e9k s ma is ott \u00e1ll.); Feh\u00e9regyh\u00e1z\u00e1n az 1849-es csata sz\u00ednhely\u00e9n \u00e1ll eml\u00e9km\u0171ve; a M\u00e1d\u00e9falvi veszedelem eml\u00e9km\u0171ve turulmad\u00e1r-szobra (1899, fel\u00e1ll\u00edtott\u00e1k 1905.); Bp.-en a millennium eml\u00e9m\u0171re IV. B\u00e9la szobra; H\u00e9jjasfalv\u00e1n a Zeyk Domokos eml\u00e9k\u00e9re \u00e1ll\u00edtott\u00e1k fel obeliszkj\u00e9t (1901). Mv. F\u0151ter\u00e9n avatt\u00e1k fel Kossuth szobr\u00e1t (1899. j\u00fan. 11., amit 1919. m\u00e1rc. 28-ra virrad\u00f3 \u00e9jjel led\u00f6nt\u00f6ttek \u00e9s \u00f6ssszet\u00f6rtek.). Fiatalon halt meg, betegs\u00e9ge miatt kor\u00e1n megt\u00f6rt a munkaereje, k\u00e9t kiskor\u00fa gyermek\u00e9nek elveszt\u00e9se miatt \u00f6ngyilkos lett. <br \/><strong>Irod.:<\/strong> B\u00f6l\u00f6ni Domokos: K. M. \u00e9s Gyergy\u00f3csomafalva (N\u00fa., Sz\u00ednes Vil\u00e1g, 2010. dec. 4.); \u00c9ber; Guly\u00e1s; Id\u0151t\u00e1r 2; Id\u0151t\u00e1r 3; Ki is utazhat m\u00e1s ilyen id\u0151ben? (N\u00fa., 1998. jan. 31.); Mur\u00e1din; Mur\u00e1din Jen\u0151: A szobr\u00e1sz K. M. \u00e9s a szabads\u00e1gharc kultusza (Sz\u00e9kelyf\u00f6ld, 7. sz., 2010. j\u00fal.); Nagyjaink; Pet\u0151fi album (Bp., 1898)<\/br><\/p>\n","protected":false},"excerpt":{"rendered":"<p>Gyergy\u00f3csomafalva, 1861 dec. 23., \u2020 Bp., 1900. szept. 17.: szobr\u00e1sz. \u2013 A hossz\u00fafalusi farag\u00e1szati iskola elv\u00e9gz\u00e9se ut\u00e1n tanulm\u00e1nyait, a sz\u00fcl\u0151f\u00f6ld anyagi t\u00e1mogat\u00e1s\u00e1val, a m\u00fcncheni Akad\u00e9mi\u00e1n, majd Bp.-en v\u00e9gezte. Munkat\u00e1rsk\u00e9nt Husz\u00e1r Adolf \u00e9s Zala Gy\u00f6rgy v\u00e1llalkoz\u00e1sait seg\u00edtette, r\u00e9szt vett az aradi Szabads\u00e1g-szobor, a budai Honv\u00e9d-szobor, az Orsz\u00e1gh\u00e1za, a budai Kir. Palota, a K\u00faria k\u00e9sz\u00edt\u00e9s\u00e9nek csoportmunk\u00e1iban. \u00d6n\u00e1ll\u00f3 [&hellip;]<\/p>\n","protected":false},"featured_media":0,"comment_status":"open","ping_status":"closed","template":"","meta":[],"product_brand":[],"product_cat":[137],"product_tag":[],"class_list":{"0":"post-12374","1":"product","2":"type-product","3":"status-publish","5":"product_cat-maros-megyei-eletrajzi-lexikon","7":"first","8":"instock","9":"shipping-taxable","10":"product-type-simple"},"_links":{"self":[{"href":"https:\/\/uj.adatbank.ro\/lexikon\/wp-json\/wp\/v2\/product\/12374","targetHints":{"allow":["GET"]}}],"collection":[{"href":"https:\/\/uj.adatbank.ro\/lexikon\/wp-json\/wp\/v2\/product"}],"about":[{"href":"https:\/\/uj.adatbank.ro\/lexikon\/wp-json\/wp\/v2\/types\/product"}],"replies":[{"embeddable":true,"href":"https:\/\/uj.adatbank.ro\/lexikon\/wp-json\/wp\/v2\/comments?post=12374"}],"wp:attachment":[{"href":"https:\/\/uj.adatbank.ro\/lexikon\/wp-json\/wp\/v2\/media?parent=12374"}],"wp:term":[{"taxonomy":"product_brand","embeddable":true,"href":"https:\/\/uj.adatbank.ro\/lexikon\/wp-json\/wp\/v2\/product_brand?post=12374"},{"taxonomy":"product_cat","embeddable":true,"href":"https:\/\/uj.adatbank.ro\/lexikon\/wp-json\/wp\/v2\/product_cat?post=12374"},{"taxonomy":"product_tag","embeddable":true,"href":"https:\/\/uj.adatbank.ro\/lexikon\/wp-json\/wp\/v2\/product_tag?post=12374"}],"curies":[{"name":"wp","href":"https:\/\/api.w.org\/{rel}","templated":true}]}}