{"id":12376,"date":"2025-06-29T14:25:11","date_gmt":"2025-06-29T12:25:11","guid":{"rendered":"https:\/\/uj.adatbank.ro\/lexikon\/termek\/kollo-pal-gyergyocsomafalvi\/"},"modified":"2025-06-29T14:25:11","modified_gmt":"2025-06-29T12:25:11","slug":"kollo-pal-gyergyocsomafalvi","status":"publish","type":"product","link":"https:\/\/uj.adatbank.ro\/lexikon\/termek\/kollo-pal-gyergyocsomafalvi\/","title":{"rendered":"K\u00d6LL\u0150 P\u00e1l, gyergy\u00f3csomafalvi"},"content":{"rendered":"<p>Mv., 1919. \u00e1pr. 21. \u2020 ? : husz\u00e1rhadnagy. \u2013 A Ludovika Akad. elv\u00e9gz\u00e9se ut\u00e1n hadnagyk\u00e9nt Szentesre a 2. husz\u00e1rezredhez helyezt\u00e9k (1942. dec. 6. \u2013). A k\u00f6v. \u00e9vben a 2. \/I. husz\u00e1roszt. Neh\u00e9zfegyver sz\u00e1zad\u00e1nak szakaszparancsnoka (1943. jan. 10. &#8211; \u00e1pr.), majd a hadszint\u00e9rre vez\u00e9nyelt\u00e9k. Szabadk\u00e1n aknavet\u0151 tanfolyamon (1943. nov. &#8211; 44. \u00e1pr.), azut\u00e1n az aknavet\u0151 sz\u00e1zad parancsnokak\u00e9nt a sz\u00e1zad\u00e1val a keleti hadszint\u00e9r harcaiban vett r\u00e9szt. K\u00e9tszer s\u00falyosan megsebes\u00fclt (1944. j\u00fal. 30. \u00e9s szept. 15.). Fel\u00e9p\u00fcl\u00e9se ut\u00e1n \u00f6nk\u00e9nt jelentkezett a demokratikus honv\u00e9ds\u00e9gbe, \u00e9s a 16. gyalogezred sz\u00e1zad\u00e1ba osztott\u00e1k be (1945. m\u00e1rc. 15. \u2013), majd a szentesi kieg\u00e9sz\u00edt\u0151 parancsnoks\u00e1g tisztje volt (1945. m\u00e1j. \u2013). F\u0151hadnaggy\u00e1 (1946. \u00e1pr. \u2013), majd sz\u00e1zadoss\u00e1 l\u00e9ptett\u00e9k el\u0151 (1947. nov. 1. \u2013), \u00e9s a Honv\u00e9d L\u00f3nevel\u0151 Telep parancsnoks\u00e1g\u00e1n szolg\u00e1lt. Nyug\u00e1llom\u00e1nyba helyezt\u00e9k (1948. szept. 30. \u2013). A polg\u00e1ri \u00e9letben a bp.-i Beton\u00fat\u00e9p\u00edt\u0151 V\u00e1llalatn\u00e1l dolgozott, Cegl\u00e9den a K\u00f6z\u00fati Igazgat\u00f3s\u00e1gn\u00e1l (1960\u2013), a Pilisi Parkerd\u0151 Gazdas\u00e1gn\u00e1l, v\u00e9g\u00fcl a Tahitotfalui Sz\u00f6vetkezetn\u00e9l tev\u00e9kenykedett, ahonnan nyugd\u00edjba vonult (1979\u2013). <br \/><strong>Irod.:<\/strong> Bene \u2013 Szab\u00f3<\/br><\/p>\n","protected":false},"excerpt":{"rendered":"<p>Mv., 1919. \u00e1pr. 21. \u2020 ? : husz\u00e1rhadnagy. \u2013 A Ludovika Akad. elv\u00e9gz\u00e9se ut\u00e1n hadnagyk\u00e9nt Szentesre a 2. husz\u00e1rezredhez helyezt\u00e9k (1942. dec. 6. \u2013). A k\u00f6v. \u00e9vben a 2. \/I. husz\u00e1roszt. Neh\u00e9zfegyver sz\u00e1zad\u00e1nak szakaszparancsnoka (1943. jan. 10. &#8211; \u00e1pr.), majd a hadszint\u00e9rre vez\u00e9nyelt\u00e9k. Szabadk\u00e1n aknavet\u0151 tanfolyamon (1943. nov. &#8211; 44. \u00e1pr.), azut\u00e1n az aknavet\u0151 sz\u00e1zad [&hellip;]<\/p>\n","protected":false},"featured_media":0,"comment_status":"open","ping_status":"closed","template":"","meta":[],"product_brand":[],"product_cat":[137],"product_tag":[],"class_list":{"0":"post-12376","1":"product","2":"type-product","3":"status-publish","5":"product_cat-maros-megyei-eletrajzi-lexikon","7":"first","8":"instock","9":"shipping-taxable","10":"product-type-simple"},"_links":{"self":[{"href":"https:\/\/uj.adatbank.ro\/lexikon\/wp-json\/wp\/v2\/product\/12376","targetHints":{"allow":["GET"]}}],"collection":[{"href":"https:\/\/uj.adatbank.ro\/lexikon\/wp-json\/wp\/v2\/product"}],"about":[{"href":"https:\/\/uj.adatbank.ro\/lexikon\/wp-json\/wp\/v2\/types\/product"}],"replies":[{"embeddable":true,"href":"https:\/\/uj.adatbank.ro\/lexikon\/wp-json\/wp\/v2\/comments?post=12376"}],"wp:attachment":[{"href":"https:\/\/uj.adatbank.ro\/lexikon\/wp-json\/wp\/v2\/media?parent=12376"}],"wp:term":[{"taxonomy":"product_brand","embeddable":true,"href":"https:\/\/uj.adatbank.ro\/lexikon\/wp-json\/wp\/v2\/product_brand?post=12376"},{"taxonomy":"product_cat","embeddable":true,"href":"https:\/\/uj.adatbank.ro\/lexikon\/wp-json\/wp\/v2\/product_cat?post=12376"},{"taxonomy":"product_tag","embeddable":true,"href":"https:\/\/uj.adatbank.ro\/lexikon\/wp-json\/wp\/v2\/product_tag?post=12376"}],"curies":[{"name":"wp","href":"https:\/\/api.w.org\/{rel}","templated":true}]}}