{"id":12377,"date":"2025-06-29T14:25:12","date_gmt":"2025-06-29T12:25:12","guid":{"rendered":"https:\/\/uj.adatbank.ro\/lexikon\/termek\/kolonics-istvan-kolonits-istvan\/"},"modified":"2025-06-29T14:25:12","modified_gmt":"2025-06-29T12:25:12","slug":"kolonics-istvan-kolonits-istvan","status":"publish","type":"product","link":"https:\/\/uj.adatbank.ro\/lexikon\/termek\/kolonics-istvan-kolonits-istvan\/","title":{"rendered":"KOLONICS Istv\u00e1n, Kolonits Istv\u00e1n"},"content":{"rendered":"<p>Szabadka, 1826. aug. 16., \u2020 1892. nov. 30.: orgona\u00e9p\u00edt\u0151. \u2013 Kolonits S\u00e1ndor \u00e9s Merkovits Ter\u00e9z fia. \u2013 B\u00e1r\u00e1ny Lajos sz\u00e9kesfeh\u00e9rv\u00e1ri orgona\u00e9p\u00edt\u0151 seg\u00e9dje (1846\u2013). Nagyenyeden \u00e9p\u00edtett orgon\u00e1t (1854). Cserefalv\u00e1n a ref. templom \u2013 ma is l\u00e9tez\u0151 \u2013 orgon\u00e1j\u00e1t k\u00e9sz\u00edtette, Zolt\u00e1n S\u00e1muel lelk\u00e9sz szolg\u00e1lata idej\u00e9ben (1866), az els\u0151 orgonista Debreczeni \u00c1ron volt. A vh.-ban elrekvir\u00e1lt s\u00edpokat Szeidl Ferenc \u00e9s Mesnyi J\u00e1nos helyettes\u00edtette (1938). A s\u00f3v\u00e1radi templom orgon\u00e1j\u00e1t is \u0151 \u00e9p\u00edtette (1873), ez volt a 120. m\u0171ve. Dics\u0151szentm\u00e1rton ref. templom\u00e1ban is \u00e9p\u00edtett (1890). <br \/><strong>Irod.:<\/strong> B\u00e1lint Zsigmond 2010; Cs\u00edky Csaba. Kolonics: Orgona\u00e9p\u00edt\u00e9szet a 19. sz.-i Erd\u00e9lyben = Orga \u00een secolul al 19-lea \u00een Transilvania (Mv., 2006 v. 2007); Cs\u00edky Csaba: Az orgona\u00e9p\u00edt\u0151 (Erd\u00e9lyi Figyel\u0151, 3. sz., 1994); K\u00fck\u00fcll\u0151i Ref. Egyh\u00e1zm. 4.; Maros \u2013 m\u0171eml\u00e9kek; MMMM; Sepsisz\u00e9ki<\/br><\/p>\n","protected":false},"excerpt":{"rendered":"<p>Szabadka, 1826. aug. 16., \u2020 1892. nov. 30.: orgona\u00e9p\u00edt\u0151. \u2013 Kolonits S\u00e1ndor \u00e9s Merkovits Ter\u00e9z fia. \u2013 B\u00e1r\u00e1ny Lajos sz\u00e9kesfeh\u00e9rv\u00e1ri orgona\u00e9p\u00edt\u0151 seg\u00e9dje (1846\u2013). Nagyenyeden \u00e9p\u00edtett orgon\u00e1t (1854). Cserefalv\u00e1n a ref. templom \u2013 ma is l\u00e9tez\u0151 \u2013 orgon\u00e1j\u00e1t k\u00e9sz\u00edtette, Zolt\u00e1n S\u00e1muel lelk\u00e9sz szolg\u00e1lata idej\u00e9ben (1866), az els\u0151 orgonista Debreczeni \u00c1ron volt. A vh.-ban elrekvir\u00e1lt s\u00edpokat Szeidl [&hellip;]<\/p>\n","protected":false},"featured_media":0,"comment_status":"open","ping_status":"closed","template":"","meta":[],"product_brand":[],"product_cat":[137],"product_tag":[],"class_list":{"0":"post-12377","1":"product","2":"type-product","3":"status-publish","5":"product_cat-maros-megyei-eletrajzi-lexikon","7":"first","8":"instock","9":"shipping-taxable","10":"product-type-simple"},"_links":{"self":[{"href":"https:\/\/uj.adatbank.ro\/lexikon\/wp-json\/wp\/v2\/product\/12377","targetHints":{"allow":["GET"]}}],"collection":[{"href":"https:\/\/uj.adatbank.ro\/lexikon\/wp-json\/wp\/v2\/product"}],"about":[{"href":"https:\/\/uj.adatbank.ro\/lexikon\/wp-json\/wp\/v2\/types\/product"}],"replies":[{"embeddable":true,"href":"https:\/\/uj.adatbank.ro\/lexikon\/wp-json\/wp\/v2\/comments?post=12377"}],"wp:attachment":[{"href":"https:\/\/uj.adatbank.ro\/lexikon\/wp-json\/wp\/v2\/media?parent=12377"}],"wp:term":[{"taxonomy":"product_brand","embeddable":true,"href":"https:\/\/uj.adatbank.ro\/lexikon\/wp-json\/wp\/v2\/product_brand?post=12377"},{"taxonomy":"product_cat","embeddable":true,"href":"https:\/\/uj.adatbank.ro\/lexikon\/wp-json\/wp\/v2\/product_cat?post=12377"},{"taxonomy":"product_tag","embeddable":true,"href":"https:\/\/uj.adatbank.ro\/lexikon\/wp-json\/wp\/v2\/product_tag?post=12377"}],"curies":[{"name":"wp","href":"https:\/\/api.w.org\/{rel}","templated":true}]}}