{"id":12378,"date":"2025-06-29T14:25:15","date_gmt":"2025-06-29T12:25:15","guid":{"rendered":"https:\/\/uj.adatbank.ro\/lexikon\/termek\/kolonte-zsolt-%c2%a7\/"},"modified":"2025-06-29T14:25:15","modified_gmt":"2025-06-29T12:25:15","slug":"kolonte-zsolt-%c2%a7","status":"publish","type":"product","link":"https:\/\/uj.adatbank.ro\/lexikon\/termek\/kolonte-zsolt-%c2%a7\/","title":{"rendered":"K\u00d6L\u00d6NTE Zsolt, \u00a7"},"content":{"rendered":"<p>Medgyes, 1937. szept. 7., \u2020 M\u00fcnster, 1985. nov. 9.: \u00e9p\u00edt\u00e9szm\u00e9rn\u00f6k, bels\u0151\u00e9p\u00edt\u00e9sz, d\u00edszlettervez\u0151, grafikus. \u2013 Buk.-ben v\u00e9gezte a f\u0151iskol\u00e1t (1967). D\u00edszlettervez\u0151 Mv.-en, Harag Gy\u00f6rgy rendez\u0151 munkat\u00e1rsa volt a Mv.-i Nemzeti Sz\u00ednh\u00e1zban (1968\u201373). Ki\u00e1ll\u00edt\u00e1sokon vett r\u00e9szt Mv.-en, Buk.-ben (1967). A 60-as \u00e9vekben k\u00e9sz\u00fclt plak\u00e1tjai jelent\u0151sen hozz\u00e1j\u00e1rultak a rom\u00e1niai alkalmazott grafika \u00fajszer\u0171v\u00e9 v\u00e1l\u00e1s\u00e1hoz. Magyaro. -ra, majd N\u00e9meto. -ba t\u00e1vozott. Hol j\u00f3l bej\u00e1tszhat\u00f3, t\u00e1gas j\u00e1t\u00e9ktereket alak\u00edtott ki, kev\u00e9s, de szuggeszt\u00edv d\u00edszletelemmel, hol ellenkez\u0151leg, a lehet\u0151 legt\u00f6bb kell\u00e9kkel zs\u00fafolta tele a sz\u00ednpadot, ezzel sz\u00e1nd\u00e9kosan befoly\u00e1solva, nehez\u00edtve a sz\u00edn\u00e9szek mozg\u00e1s\u00e1t. Korai hal\u00e1l\u00e1t tragikus aut\u00f3baleset okozta. \u2013 <strong>F. r.:<\/strong>: Kocsis Istv\u00e1n : Bolyai J\u00e1nos est\u00e9je : El\u0151adta Ferenczy Istv\u00e1n- \u00e9s d\u00edszlet (1971); <strong>F. t.:<\/strong>: Sem eml\u00e9k sem var\u00e1zslat : Nemes Levente Radn\u00f3ti Mikl\u00f3s est (1969); Antoine de Sain Exupery: A kis herceg (1969); Sz\u00e9kely J\u00e1nos: D\u00f3zsa Nemes Levente el\u0151ad\u00e1sa (1969); Szab\u00f3 Lajos: Ments\u00e9g, (1971); \u00d6rk\u00e9ny Istv\u00e1n: Macskaj\u00e1t\u00e9k, Petru Vintila: Az \u00e1lmok h\u00e1za (1972); Bulgakov M.: K\u00e9pmutat\u00f3k cselsz\u00f6v\u00e9se (1973); Barta Lajos: Szerelem (1973); Csehov: H\u00e1rom n\u0151v\u00e9r; P\u00e1sk\u00e1ndi G.: Tornyot v\u00e1lasztok.; V\u00e1logatott csoportos ki\u00e1ll.: Expo \u201968 (Mv.); Orsz\u00e1gos Rajz \u00e9s Metszetgrafikai Szalon (Buk, 1968); Mv. (1976); Mv.-i m\u0171v\u00e9szek ki\u00e1ll\u00edt\u00e1sa [Szil\u00e1gyi S\u00e1ndorral], (Dalles Terem, Buk., 1970). <br \/><strong>Irod.:<\/strong> artportal; Banner; Kantor-K\u00f6t\u0151; MSZL; MSZL; Todea 2013<\/br><\/p>\n","protected":false},"excerpt":{"rendered":"<p>Medgyes, 1937. szept. 7., \u2020 M\u00fcnster, 1985. nov. 9.: \u00e9p\u00edt\u00e9szm\u00e9rn\u00f6k, bels\u0151\u00e9p\u00edt\u00e9sz, d\u00edszlettervez\u0151, grafikus. \u2013 Buk.-ben v\u00e9gezte a f\u0151iskol\u00e1t (1967). D\u00edszlettervez\u0151 Mv.-en, Harag Gy\u00f6rgy rendez\u0151 munkat\u00e1rsa volt a Mv.-i Nemzeti Sz\u00ednh\u00e1zban (1968\u201373). Ki\u00e1ll\u00edt\u00e1sokon vett r\u00e9szt Mv.-en, Buk.-ben (1967). A 60-as \u00e9vekben k\u00e9sz\u00fclt plak\u00e1tjai jelent\u0151sen hozz\u00e1j\u00e1rultak a rom\u00e1niai alkalmazott grafika \u00fajszer\u0171v\u00e9 v\u00e1l\u00e1s\u00e1hoz. Magyaro. -ra, majd N\u00e9meto. -ba [&hellip;]<\/p>\n","protected":false},"featured_media":0,"comment_status":"open","ping_status":"closed","template":"","meta":[],"product_brand":[],"product_cat":[137],"product_tag":[],"class_list":{"0":"post-12378","1":"product","2":"type-product","3":"status-publish","5":"product_cat-maros-megyei-eletrajzi-lexikon","7":"first","8":"instock","9":"shipping-taxable","10":"product-type-simple"},"_links":{"self":[{"href":"https:\/\/uj.adatbank.ro\/lexikon\/wp-json\/wp\/v2\/product\/12378","targetHints":{"allow":["GET"]}}],"collection":[{"href":"https:\/\/uj.adatbank.ro\/lexikon\/wp-json\/wp\/v2\/product"}],"about":[{"href":"https:\/\/uj.adatbank.ro\/lexikon\/wp-json\/wp\/v2\/types\/product"}],"replies":[{"embeddable":true,"href":"https:\/\/uj.adatbank.ro\/lexikon\/wp-json\/wp\/v2\/comments?post=12378"}],"wp:attachment":[{"href":"https:\/\/uj.adatbank.ro\/lexikon\/wp-json\/wp\/v2\/media?parent=12378"}],"wp:term":[{"taxonomy":"product_brand","embeddable":true,"href":"https:\/\/uj.adatbank.ro\/lexikon\/wp-json\/wp\/v2\/product_brand?post=12378"},{"taxonomy":"product_cat","embeddable":true,"href":"https:\/\/uj.adatbank.ro\/lexikon\/wp-json\/wp\/v2\/product_cat?post=12378"},{"taxonomy":"product_tag","embeddable":true,"href":"https:\/\/uj.adatbank.ro\/lexikon\/wp-json\/wp\/v2\/product_tag?post=12378"}],"curies":[{"name":"wp","href":"https:\/\/api.w.org\/{rel}","templated":true}]}}