{"id":12381,"date":"2025-06-29T14:25:20","date_gmt":"2025-06-29T12:25:20","guid":{"rendered":"https:\/\/uj.adatbank.ro\/lexikon\/termek\/kolosi-janos-kolossy-janos-kolosy-janos\/"},"modified":"2025-06-29T14:25:20","modified_gmt":"2025-06-29T12:25:20","slug":"kolosi-janos-kolossy-janos-kolosy-janos","status":"publish","type":"product","link":"https:\/\/uj.adatbank.ro\/lexikon\/termek\/kolosi-janos-kolossy-janos-kolosy-janos\/","title":{"rendered":"KOLOSI J\u00e1nos, Kolossy J\u00e1nos, Kolosy J\u00e1nos"},"content":{"rendered":"<p>Mez\u0151madaras, 1808. jan. 1., \u2020 Alvinc, 1873. v. 1872. dec. 12..: r. k. pap. \u2013 Papp\u00e1 szentelt\u00e9k (1831. j\u00fan. 5.). K\u00e1pl\u00e1n Mv.-en (1831), tan\u00e1r Sz\u00e9kelyudvarhelyen (1832). Pl\u00e9b\u00e1nos Sz\u00e9kelyszenttam\u00e1son (1834), Kerel\u0151szentp\u00e1lon (1837). K\u00fck\u00fcll\u0151 megyei t\u00e1blab\u00edr\u00f3 (1846). Bekapcsol\u00f3dott a forradalmi harcokba, megszervezte a K\u00fck\u00fcll\u0151i isp\u00e1ns\u00e1gban a nemzeti g\u00e1rd\u00e1t (1848. \u00e1pr. 25.), amelynek saj\u00e1t k\u00f6lts\u00e9g\u00e9n egyenruh\u00e1t is varratott. Parancsnoka Haller Gy\u00f6rgy volt, \u00e9s miut\u00e1n ez lemondott a tiszts\u00e9gr\u0151l, Kolozsit nevezt\u00e9k ki hely\u00e9be (1848. j\u00fan. 3. \u2013), mint lovas\u0151rnagy ezredlelk\u00e9sz. Bossz\u00fab\u00f3l h\u00e1z\u00e1t \u00e9s birtok\u00e1t V. Moldov\u00e1n l\u00e9gi\u00f3parancsnok vezet\u00e9s\u00e9vel a fell\u00e1zadt rom\u00e1nok feld\u00falt\u00e1k \u00e9s t\u00f6nkretett\u00e9k (1848. okt. 20). Az erd\u00e9lyi hadsereg t\u00e1bori lelk\u00e9sze (1849. \u00e1pr. 14.). A forradalom lever\u00e9se ut\u00e1n a mv.-i hadb\u00edr\u00f3s\u00e1g 10 \u00e9vi v\u00e1rfogs\u00e1gra it\u00e9lte (1849. szept. 18.), Kufsteinban raboskodott (1856-ig). Pl\u00e9b\u00e1nos Magyarigenben (1858), Sinfalv\u00e1n (1860\u201372), Felvincen adminisztr\u00e1tor. <br \/><strong>Irod.:<\/strong> 1848\u20131849 Transilvania; Ferenczi S\u00e1ndor 2009; P\u00e1l-Antal \u2013 Szab\u00f3 2.; P\u00e1lmay<\/br><\/p>\n","protected":false},"excerpt":{"rendered":"<p>Mez\u0151madaras, 1808. jan. 1., \u2020 Alvinc, 1873. v. 1872. dec. 12..: r. k. pap. \u2013 Papp\u00e1 szentelt\u00e9k (1831. j\u00fan. 5.). K\u00e1pl\u00e1n Mv.-en (1831), tan\u00e1r Sz\u00e9kelyudvarhelyen (1832). Pl\u00e9b\u00e1nos Sz\u00e9kelyszenttam\u00e1son (1834), Kerel\u0151szentp\u00e1lon (1837). K\u00fck\u00fcll\u0151 megyei t\u00e1blab\u00edr\u00f3 (1846). Bekapcsol\u00f3dott a forradalmi harcokba, megszervezte a K\u00fck\u00fcll\u0151i isp\u00e1ns\u00e1gban a nemzeti g\u00e1rd\u00e1t (1848. \u00e1pr. 25.), amelynek saj\u00e1t k\u00f6lts\u00e9g\u00e9n egyenruh\u00e1t is varratott. [&hellip;]<\/p>\n","protected":false},"featured_media":0,"comment_status":"open","ping_status":"closed","template":"","meta":[],"product_brand":[],"product_cat":[137],"product_tag":[],"class_list":{"0":"post-12381","1":"product","2":"type-product","3":"status-publish","5":"product_cat-maros-megyei-eletrajzi-lexikon","7":"first","8":"instock","9":"shipping-taxable","10":"product-type-simple"},"_links":{"self":[{"href":"https:\/\/uj.adatbank.ro\/lexikon\/wp-json\/wp\/v2\/product\/12381","targetHints":{"allow":["GET"]}}],"collection":[{"href":"https:\/\/uj.adatbank.ro\/lexikon\/wp-json\/wp\/v2\/product"}],"about":[{"href":"https:\/\/uj.adatbank.ro\/lexikon\/wp-json\/wp\/v2\/types\/product"}],"replies":[{"embeddable":true,"href":"https:\/\/uj.adatbank.ro\/lexikon\/wp-json\/wp\/v2\/comments?post=12381"}],"wp:attachment":[{"href":"https:\/\/uj.adatbank.ro\/lexikon\/wp-json\/wp\/v2\/media?parent=12381"}],"wp:term":[{"taxonomy":"product_brand","embeddable":true,"href":"https:\/\/uj.adatbank.ro\/lexikon\/wp-json\/wp\/v2\/product_brand?post=12381"},{"taxonomy":"product_cat","embeddable":true,"href":"https:\/\/uj.adatbank.ro\/lexikon\/wp-json\/wp\/v2\/product_cat?post=12381"},{"taxonomy":"product_tag","embeddable":true,"href":"https:\/\/uj.adatbank.ro\/lexikon\/wp-json\/wp\/v2\/product_tag?post=12381"}],"curies":[{"name":"wp","href":"https:\/\/api.w.org\/{rel}","templated":true}]}}