{"id":12383,"date":"2025-06-29T14:25:26","date_gmt":"2025-06-29T12:25:26","guid":{"rendered":"https:\/\/uj.adatbank.ro\/lexikon\/termek\/kolossy-istvan-mezomadarasi\/"},"modified":"2025-06-29T14:25:26","modified_gmt":"2025-06-29T12:25:26","slug":"kolossy-istvan-mezomadarasi","status":"publish","type":"product","link":"https:\/\/uj.adatbank.ro\/lexikon\/termek\/kolossy-istvan-mezomadarasi\/","title":{"rendered":"KOLOSSY Istv\u00e1n, mez\u0151madarasi"},"content":{"rendered":"<p>Mez\u0151s\u00e1lyi, 1818, \u2020 ?: test\u0151r, sz\u00e1zados. \u2013 A test\u0151rs\u00e9gben szolg\u00e1lt (1840\u20131845), majd az 1. sz\u00e9kely hat\u00e1r\u0151rezredben tiszti rangot szerzett. Sz\u00e1zadosi rangban r\u00e9szt vett az 1848\/49-es szabds\u00e1gharcban, a fegyverlet\u00e9tel ut\u00e1n T\u00f6r\u00f6ko. -ba menek\u00fclt, Viddinb\u0151l hazat\u00e9rve hal\u00e1lra, majd 16 \u00e9v v\u00e1rfogs\u00e1gra \u00edt\u00e9lt\u00e9k., de r\u00f6vid id\u0151 ut\u00e1n kegyelmet kapott. <br \/><strong>Irod.:<\/strong> MTN<\/br><\/p>\n","protected":false},"excerpt":{"rendered":"<p>Mez\u0151s\u00e1lyi, 1818, \u2020 ?: test\u0151r, sz\u00e1zados. \u2013 A test\u0151rs\u00e9gben szolg\u00e1lt (1840\u20131845), majd az 1. sz\u00e9kely hat\u00e1r\u0151rezredben tiszti rangot szerzett. Sz\u00e1zadosi rangban r\u00e9szt vett az 1848\/49-es szabds\u00e1gharcban, a fegyverlet\u00e9tel ut\u00e1n T\u00f6r\u00f6ko. -ba menek\u00fclt, Viddinb\u0151l hazat\u00e9rve hal\u00e1lra, majd 16 \u00e9v v\u00e1rfogs\u00e1gra \u00edt\u00e9lt\u00e9k., de r\u00f6vid id\u0151 ut\u00e1n kegyelmet kapott. Irod.: MTN<\/p>\n","protected":false},"featured_media":0,"comment_status":"open","ping_status":"closed","template":"","meta":[],"product_brand":[],"product_cat":[137],"product_tag":[],"class_list":{"0":"post-12383","1":"product","2":"type-product","3":"status-publish","5":"product_cat-maros-megyei-eletrajzi-lexikon","7":"first","8":"instock","9":"shipping-taxable","10":"product-type-simple"},"_links":{"self":[{"href":"https:\/\/uj.adatbank.ro\/lexikon\/wp-json\/wp\/v2\/product\/12383","targetHints":{"allow":["GET"]}}],"collection":[{"href":"https:\/\/uj.adatbank.ro\/lexikon\/wp-json\/wp\/v2\/product"}],"about":[{"href":"https:\/\/uj.adatbank.ro\/lexikon\/wp-json\/wp\/v2\/types\/product"}],"replies":[{"embeddable":true,"href":"https:\/\/uj.adatbank.ro\/lexikon\/wp-json\/wp\/v2\/comments?post=12383"}],"wp:attachment":[{"href":"https:\/\/uj.adatbank.ro\/lexikon\/wp-json\/wp\/v2\/media?parent=12383"}],"wp:term":[{"taxonomy":"product_brand","embeddable":true,"href":"https:\/\/uj.adatbank.ro\/lexikon\/wp-json\/wp\/v2\/product_brand?post=12383"},{"taxonomy":"product_cat","embeddable":true,"href":"https:\/\/uj.adatbank.ro\/lexikon\/wp-json\/wp\/v2\/product_cat?post=12383"},{"taxonomy":"product_tag","embeddable":true,"href":"https:\/\/uj.adatbank.ro\/lexikon\/wp-json\/wp\/v2\/product_tag?post=12383"}],"curies":[{"name":"wp","href":"https:\/\/api.w.org\/{rel}","templated":true}]}}