{"id":12385,"date":"2025-06-29T14:25:30","date_gmt":"2025-06-29T12:25:30","guid":{"rendered":"https:\/\/uj.adatbank.ro\/lexikon\/termek\/kolosvari-csalad\/"},"modified":"2025-06-29T14:25:30","modified_gmt":"2025-06-29T12:25:30","slug":"kolosvari-csalad","status":"publish","type":"product","link":"https:\/\/uj.adatbank.ro\/lexikon\/termek\/kolosvari-csalad\/","title":{"rendered":"KOLOSV\u00c1RI csal\u00e1d"},"content":{"rendered":"<p>Erd\u00e9lyi csal\u00e1d, mely n\u00e9ven Kolosv\u00e1ri B\u00e1lint a n\u00e9metorsz\u00e1gi akad\u00e9mi\u00e1kon tanult, Wittenbergben Melanchton F\u00fcl\u00f6p hallgat\u00f3ja volt; 1555-ben Torda v\u00e1ros ref. lelk\u00e9sze. Kolosv\u00e1ri J\u00e1nos de\u00e1k (litteratus) 1610-ben B\u00e1thori G\u00e1bor fejedelems\u00e9ge kor\u00e1ban \u00e9lt., el\u0151bb fiscalis director. Kolosv\u00e1ri P\u00e1l orvos \u00e9s kolosv\u00e1ri tan\u00e1r s lelk\u00e9sz, a belga akademi\u00e1kon tanult, meghalt 1720-ban. \u0151t tartatj\u00e1k azon magyarul \u00e9s latinul irt Katekizmus szerz\u0151j\u00e9nek, melyet az unitariusok haszn\u00e1lnak; J\u00e1nos birtokos K\u00fck\u00fcll\u0151 megy\u00e9ben, S\u00e1ndor Torda megy\u00e9ben, Kolozsban P\u00e1l, Gergely \u00e9s Druzsianna; azonban lesz\u00e1rmaz\u00e1si f\u00e1juk, \u00e9s egym\u00e1shozi v\u00e9rs\u00e9ges viszonyuk ismeretlen. <br \/><strong>Irod.:<\/strong> Nagy Iv\u00e1n<\/br><\/p>\n","protected":false},"excerpt":{"rendered":"<p>Erd\u00e9lyi csal\u00e1d, mely n\u00e9ven Kolosv\u00e1ri B\u00e1lint a n\u00e9metorsz\u00e1gi akad\u00e9mi\u00e1kon tanult, Wittenbergben Melanchton F\u00fcl\u00f6p hallgat\u00f3ja volt; 1555-ben Torda v\u00e1ros ref. lelk\u00e9sze. Kolosv\u00e1ri J\u00e1nos de\u00e1k (litteratus) 1610-ben B\u00e1thori G\u00e1bor fejedelems\u00e9ge kor\u00e1ban \u00e9lt., el\u0151bb fiscalis director. Kolosv\u00e1ri P\u00e1l orvos \u00e9s kolosv\u00e1ri tan\u00e1r s lelk\u00e9sz, a belga akademi\u00e1kon tanult, meghalt 1720-ban. \u0151t tartatj\u00e1k azon magyarul \u00e9s latinul irt Katekizmus [&hellip;]<\/p>\n","protected":false},"featured_media":0,"comment_status":"open","ping_status":"closed","template":"","meta":[],"product_brand":[],"product_cat":[137],"product_tag":[],"class_list":{"0":"post-12385","1":"product","2":"type-product","3":"status-publish","5":"product_cat-maros-megyei-eletrajzi-lexikon","7":"first","8":"instock","9":"shipping-taxable","10":"product-type-simple"},"_links":{"self":[{"href":"https:\/\/uj.adatbank.ro\/lexikon\/wp-json\/wp\/v2\/product\/12385","targetHints":{"allow":["GET"]}}],"collection":[{"href":"https:\/\/uj.adatbank.ro\/lexikon\/wp-json\/wp\/v2\/product"}],"about":[{"href":"https:\/\/uj.adatbank.ro\/lexikon\/wp-json\/wp\/v2\/types\/product"}],"replies":[{"embeddable":true,"href":"https:\/\/uj.adatbank.ro\/lexikon\/wp-json\/wp\/v2\/comments?post=12385"}],"wp:attachment":[{"href":"https:\/\/uj.adatbank.ro\/lexikon\/wp-json\/wp\/v2\/media?parent=12385"}],"wp:term":[{"taxonomy":"product_brand","embeddable":true,"href":"https:\/\/uj.adatbank.ro\/lexikon\/wp-json\/wp\/v2\/product_brand?post=12385"},{"taxonomy":"product_cat","embeddable":true,"href":"https:\/\/uj.adatbank.ro\/lexikon\/wp-json\/wp\/v2\/product_cat?post=12385"},{"taxonomy":"product_tag","embeddable":true,"href":"https:\/\/uj.adatbank.ro\/lexikon\/wp-json\/wp\/v2\/product_tag?post=12385"}],"curies":[{"name":"wp","href":"https:\/\/api.w.org\/{rel}","templated":true}]}}