{"id":12390,"date":"2025-06-29T14:25:40","date_gmt":"2025-06-29T12:25:40","guid":{"rendered":"https:\/\/uj.adatbank.ro\/lexikon\/termek\/kolosvari-szots-daniel\/"},"modified":"2025-06-29T14:25:40","modified_gmt":"2025-06-29T12:25:40","slug":"kolosvari-szots-daniel","status":"publish","type":"product","link":"https:\/\/uj.adatbank.ro\/lexikon\/termek\/kolosvari-szots-daniel\/","title":{"rendered":"KOLOSV\u00c1RI SZ\u0150TS D\u00e1niel"},"content":{"rendered":"<p>? \u2020 ?: v\u00e1rosi jegyz\u0151, senator, f\u0151b\u00edr\u00f3. \u2013 V\u00e1rosi tan\u00e1csos, szen\u00e1tor (1699), n\u00e9met p\u00e1rti volt, a tan\u00e1cs \u00e1ltal felb\u00edztatott polg\u00e1rok sz\u00e9th\u00e1nyt\u00e1k h\u00e1z\u00e1t \u00e9s sz\u0151l\u0151j\u00e9t (1699); Mv.-en v\u00e1rosi f\u0151b\u00edr\u00f3 (1718\u201331). N\u00e9pszer\u0171 ember hir\u00e9ben \u00e1llott \u00e9s k\u00fcl\u00f6n\u00f6sen a ref. egyh\u00e1z \u00e9s koll. \u00e9rdek\u00e9ben sokat tett. A V\u00e1rtemplomi szent\u00e9ly keleti v\u00e9g\u00e9be f\u00e1b\u00f3l k\u00e9sz\u00fclt karzatot emeltetett (1718). A r\u00e9gi particula \u00e9s az ide k\u00f6lt\u00f6z\u00f6tt s\u00e1rospataki- gyulafeh\u00e9rv\u00e1ri koll. egyes\u00fcl\u00e9se ut\u00e1n, amikor a mai koll. hely\u00e9n megnyiltak az \u00faj szob\u00e1k \u00e9s amely napon a b\u00fajdos\u00f3 iskola tagjai b\u00facs\u00fat vettek a v\u00e1rosban sz\u00e1ll\u00e1st ad\u00f3 gazd\u00e1ikt\u00f3l bek\u00f6lt\u00f6zve az \u00faj szob\u00e1ikba, a lelkes f\u0151b\u00edr\u00f3 \u00e9tellel, itallal megvend\u00e9gelte a koll. \u00f6sszes polg\u00e1r\u00e1t, s\u0151t egy szob\u00e1t saj\u00e1t k\u00f6lts\u00e9g\u00e9n \u00e9p\u00edttetett. Nagy Szigeti Gy\u00f6rgy b\u00edr\u00f3s\u00e1ga idej\u00e9n (1727) saj\u00e1t k\u00f6lts\u00e9g\u00e9n \u00e1t\u00f6ntette a v\u00e1rbeli templom 1673 ben k\u00e9sz\u00fclt harangj\u00e1t. \u00c9p\u00edtettetett egy saj\u00e1t kis fatemplomot \u00e9s temet\u0151t a Gecse utc\u00e1ban, melyet k\u00fcls\u0151 fatemplomk\u00e9nt ismer\u00fcnk (l\u00e9tez\u00e9s\u00e9t egy 1722-b\u0151l fennmaradt okirat igazolja). <br \/><strong>Irod.:<\/strong> Fodor\u2013Bal\u00e1s; Id\u0151t\u00e1r 1; Kr\u00f3n. F\u00fcz. (1940. 4\/10); Man Ioan Eugen; P\u00e1l-Antal 2003; P\u00e1l-Antal 2009<\/br><\/p>\n","protected":false},"excerpt":{"rendered":"<p>? \u2020 ?: v\u00e1rosi jegyz\u0151, senator, f\u0151b\u00edr\u00f3. \u2013 V\u00e1rosi tan\u00e1csos, szen\u00e1tor (1699), n\u00e9met p\u00e1rti volt, a tan\u00e1cs \u00e1ltal felb\u00edztatott polg\u00e1rok sz\u00e9th\u00e1nyt\u00e1k h\u00e1z\u00e1t \u00e9s sz\u0151l\u0151j\u00e9t (1699); Mv.-en v\u00e1rosi f\u0151b\u00edr\u00f3 (1718\u201331). N\u00e9pszer\u0171 ember hir\u00e9ben \u00e1llott \u00e9s k\u00fcl\u00f6n\u00f6sen a ref. egyh\u00e1z \u00e9s koll. \u00e9rdek\u00e9ben sokat tett. A V\u00e1rtemplomi szent\u00e9ly keleti v\u00e9g\u00e9be f\u00e1b\u00f3l k\u00e9sz\u00fclt karzatot emeltetett (1718). A r\u00e9gi [&hellip;]<\/p>\n","protected":false},"featured_media":0,"comment_status":"open","ping_status":"closed","template":"","meta":[],"product_brand":[],"product_cat":[137],"product_tag":[],"class_list":{"0":"post-12390","1":"product","2":"type-product","3":"status-publish","5":"product_cat-maros-megyei-eletrajzi-lexikon","7":"first","8":"instock","9":"shipping-taxable","10":"product-type-simple"},"_links":{"self":[{"href":"https:\/\/uj.adatbank.ro\/lexikon\/wp-json\/wp\/v2\/product\/12390","targetHints":{"allow":["GET"]}}],"collection":[{"href":"https:\/\/uj.adatbank.ro\/lexikon\/wp-json\/wp\/v2\/product"}],"about":[{"href":"https:\/\/uj.adatbank.ro\/lexikon\/wp-json\/wp\/v2\/types\/product"}],"replies":[{"embeddable":true,"href":"https:\/\/uj.adatbank.ro\/lexikon\/wp-json\/wp\/v2\/comments?post=12390"}],"wp:attachment":[{"href":"https:\/\/uj.adatbank.ro\/lexikon\/wp-json\/wp\/v2\/media?parent=12390"}],"wp:term":[{"taxonomy":"product_brand","embeddable":true,"href":"https:\/\/uj.adatbank.ro\/lexikon\/wp-json\/wp\/v2\/product_brand?post=12390"},{"taxonomy":"product_cat","embeddable":true,"href":"https:\/\/uj.adatbank.ro\/lexikon\/wp-json\/wp\/v2\/product_cat?post=12390"},{"taxonomy":"product_tag","embeddable":true,"href":"https:\/\/uj.adatbank.ro\/lexikon\/wp-json\/wp\/v2\/product_tag?post=12390"}],"curies":[{"name":"wp","href":"https:\/\/api.w.org\/{rel}","templated":true}]}}