{"id":12392,"date":"2025-06-29T14:25:45","date_gmt":"2025-06-29T12:25:45","guid":{"rendered":"https:\/\/uj.adatbank.ro\/lexikon\/termek\/kolosvary-sandor-kolossvari-kolozsvari\/"},"modified":"2025-06-29T14:25:45","modified_gmt":"2025-06-29T12:25:45","slug":"kolosvary-sandor-kolossvari-kolozsvari","status":"publish","type":"product","link":"https:\/\/uj.adatbank.ro\/lexikon\/termek\/kolosvary-sandor-kolossvari-kolozsvari\/","title":{"rendered":"KOLOSV\u00c1RY S\u00e1ndor, Kolossv\u00e1ri, Kolozsv\u00e1ri"},"content":{"rendered":"<p>Lukafalva, 1840. j\u00fan. 23., \u2020 Bp., 1922. aug. 7.: jog\u00e1sz, egyetemi tan\u00e1r. \u2013 Apja kolozsv\u00e1ri K. Lajos (1812\u20131898) f\u00f6ldbirtokos. Gyermekei: Ilona dr. Csat\u00f3 K\u00e1lm\u00e1nn\u00e9; Margit, dr Borcsa Mih\u00e1lyn\u00e9; B\u00e1lint; S\u00e1ndor, Antal. \u2013 Irni, olvasni a lukafalvi elemi iskol\u00e1ban tanult Gergely S\u00e1muel ref. felekezeti k\u00e1ntortan\u00edt\u00f3t\u00f3l, majd sz\u00fclei beadt\u00e1k a Mv.-i ref. f\u0151tanod\u00e1ba, ahol elv\u00e9gezte az elemi \u00e9s gimn\u00e1ziumi oszt\u00e1lyokat, kit\u0171n\u0151 min\u0151s\u00edt\u00e9ssel, \u00e9retts\u00e9gizett (1859). Sz\u00fclei sz\u0171k\u00f6s anyagi viszonyuk miatt nagyobbr\u00e9szt priv\u00e1t tan\u00edt\u00e1ssal tartotta fenn mag\u00e1t. Ez\u00e9rt a k\u00f6nnyebben el\u00e9rhet\u0151 papi p\u00e1ly\u00e1ra sz\u00e1nt\u00e1k \u00e9s a teol\u00f3giai el\u0151k\u00e9sz\u00edt\u0151n tanult Mv.-en (1859\u201360); Vonzalma a jogi p\u00e1ly\u00e1hoz volt ez\u00e9rt a nagyszebeni jogakad\u00e9mia hallgat\u00f3ja lett, nevel\u0151 \u00e1ll\u00e1s mellett, ahol a n\u00e9metet is tanulta (1860\u2013), Mv.-en tanult jogot (1861\u201362), ahol D\u00f3sa Elek volt az egyik tan\u00e1ra, Teleki Edu\u00e1rd gr. fiai mellett nevel\u0151sk\u00f6d\u00f6tt; Pesten tanult tov\u00e1bb jogi tanulm\u00e1nyainak befejez\u00e9s\u00e9ig (1862\u201365), az elm\u00e9leti b\u00edr\u00f3i \u00e1llamvizsga let\u00e9tele (1865), a jogtud. \u00e9s \u00e1llamtud. doktori oklev\u00e9l megszerz\u00e9se (1866) \u00e9s r\u00f6vid joggyakorlat ut\u00e1n a kv.-i Ref. Koll. jogi tanfolyam\u00e1nak tan\u00e1ra (1867\u2013), majd a jogakad\u00e9mia r. tan\u00e1rak\u00e9nt m\u0171k\u00f6d\u00f6tt az egyh\u00e1zi \u00fcgyek ir\u00e1nti \u00e9l\u00e9nk \u00e9rdekl\u0151d\u00e9ssel (1870\u2013); Kv.-on fel\u00e1ll\u00edtott kir jogakad\u00e9mia, el\u0151bb nyilv\u00e1nos rendkiv\u00fcli (a magyar mag\u00e1n- k\u00f6z- \u00e9s b\u00f6lcseleti jog), majd az egyetemi mag\u00e1ntan\u00e1ri k\u00e9pes\u00edt\u00e9st Bp.-en megszerezve rendes jogtan\u00e1ra lett, majd a M. K. Tudom\u00e1nyegyetemnek fel\u00e1ll\u00edt\u00e1sa ut\u00e1n (1872\u20131910) a mag\u00e1njog, b\u00f6lcseleti jog, b\u00e1nyajog, \u00e1llam- \u00e9s jogt\u00f6rt\u00e9net tan\u00e1ra ; a jog- \u00e9s \u00e1llamtudom\u00e1nyi kar d\u00e9k\u00e1nja (1876\u201377, 1885\u201386, 1898\u201399 \u00e9s 1908\u201309), az egyetem rektora (1876\u201377, 1888\u201389). Emellet az erd\u00e9lyi ref. egyh\u00e1z, \u00e9s tan\u00fcgy \u00fajj\u00e1szervez\u00e9s\u00e9ben vett r\u00e9szt, a gy\u0171l\u00e9seken mint referens, jegyz\u0151 v. eln\u00f6k m\u0171k\u00f6d\u00f6tt. Az erd\u00e9lyi ref. egyh\u00e1zker\u00fclet f\u0151consistorium\u00e1nak titk\u00e1ra, azut\u00e1n az igazgat\u00f3tan\u00e1csnak kezdett\u0151l tagja, eln\u00f6khelyettese (1885\u2013), a kolozsv\u00e1ri egyh\u00e1zmegy\u00e9nek al- (1880\u2013), f\u0151gondnoka (1889- 1896), majd minden egyh\u00e1zi tiszts\u00e9g\u00e9r\u0151l lemondott. Az egyh\u00e1z anyagi \u00e9rdekei biztos\u00edt\u00e1s\u00e1ra a telekk\u00f6nyvek l\u00e9tes\u00edt\u00e9s\u00e9n\u00e9l, a birtokrendez\u00e9sekn\u00e9l felvil\u00e1gos\u00edt\u00e1ssal, k\u00f6zvetlen seg\u00edts\u00e9gad\u00e1ssal folyton k\u00f6zrem\u0171k\u00f6d\u00f6tt. Jogt\u00f6rt. forr\u00e1skiad\u00f3 munk\u00e1ss\u00e1ga mara\u00addand\u00f3 \u00e9rt\u00e9k\u0171. A volt b\u00e9csi, erd\u00e9lyi udvari kancell\u00e1ria, gubernium, kincst\u00e1r lev\u00e9lt\u00e1r\u00e1nak \u00e1tkutat\u00e1s\u00e1val olyan okm\u00e1nyokat tal\u00e1lt amelyek seg\u00edts\u00e9g\u00e9vel t\u00f6bbekkel eggy\u00fctt (Dr. Sz\u00e1sz B\u00e9la, Dr. Jenei Viktor, Balogh Gy\u00f6rgy) siker\u00fclt az erd\u00e9lyi v\u00e1lasztott fejedelmek \u00e1ltal adom\u00e1nyozott, de az osztr\u00e1kok \u00e1ltal elvett Camerarium beneficium ir\u00e1nt fenn\u00e1ll\u00f3 ig\u00e9nyeit az erd\u00e9lyi ref. egyh. -nak az \u00e1llammal szemben kiel\u00e9g\u00edteni, amit el\u0151deik 180 \u00e9v alatt nem tudtak; a MTA levelez\u0151 tagja (1892). Tagj\u00e1ul volt a debreceni, valamint a budapesti els\u0151 \u00e9s m\u00e1sodik zsinatnak, \u00e9s 1896-t\u00f3l t\u00f6bbnyire tagja akonventnek is. Gazdag irodalmi munk\u00e1ss\u00e1g\u00e1b\u00f3l kiemelkedik a tan\u00e1rt\u00e1rs\u00e1val \u00d3v\u00e1ri Kelemennel k\u00f6z\u00f6sen kiadott, A Magyar t\u00f6rv\u00e9nyhat\u00f3s\u00e1gok jogszab\u00e1lyainak gy\u0171jtem\u00e9nye a XVI-XVIII. sz. -b\u00f3l (Bp., 1885\u201397) c. n\u00e9gyk\u00f6tetes m\u0171, valamint a Magyar T\u00f6rv\u00e9nyt\u00e1r milleniumi eml\u00e9kkiad\u00e1s\u00e1ba megjelent az 1540\u201348 \u00e9vi erd\u00e9lyi t\u00f6rv\u00e9nyek (Bp., 1900) c. k\u00f6tete, melyeket k\u00e9s\u0151bb is seg\u00e9deszkoz\u00fcl haszn\u00e1ltak a t\u00f6rt\u00e9n\u00e9szek. Cikkei : Erd\u00e9lyi Prot. K\u00f6zl\u00f6ny, Jogtudom\u00e1nyi K\u00f6zl\u00f6ny, T\u00f6rt\u00e9nelmi Lapok, a kv.-i Egyetemi Act\u00e1c, \u00e9s napilapokban pl. (Marosv\u00e1s\u00e1rhely, 1911. j\u00fal. 1.: A mv.-i ref. koll. felavat\u00e1sa. \u00dcdv\u00f6zl\u0151 besz\u00e9d). \u2013 <strong>F. m.:<\/strong> Tervezet az erd\u00e9lyi ev. ref. egyh\u00e1zi t\u00f6rv\u00e9nykez\u00e9s\u00e9r\u0151l (Kv., 1873); Az erd\u00e9lyi ev. ref. egyh\u00e1zker\u00fclet egyh\u00e1zjoga (Kv., 1876); Eml\u00e9kirat az erd\u00e9lyi ref. egyh\u00e1zker\u00fclet k\u00f6zjogi \u00e1ll\u00e1s\u00e1nak \u00e9s az \u00e1llamhoz val\u00f3 viszony\u00e1nak, valamint a t\u00f6bbi egyh\u00e1zker\u00fcletek alkotm\u00e1nyos szervezet\u00e9t\u0151l val\u00f3 k\u00fcl\u00f6mbs\u00e9gek felt\u0171ntet\u00e9s\u00e9re (Kv., 1881); Az erd\u00e9lyi ref. egyh\u00e1zker\u00fclet t\u0151rv\u00e9nyei. (Kv., 1884); R\u00e9gi hangok, \u00faj ir\u00e1ny (Kv., 1888); A magyar protest\u00e1ns egyh\u00e1z egyh\u00e1zt\u00f6rv\u00e9nykez\u00e9si szervezete (Debrecen, 1891); Az Unio k\u00e9rd\u00e9s\u00e9ben (Kv., ?); A kolozsv\u00e1ri ref. egyh\u00e1z egy \u00e9vi \u00e9lete (Kv., 1892); Helyzetv\u00e1ltoz\u00e1sok a vall\u00e1s-szabads\u00e1g \u00e9s felekezetn\u00e9lk\u00fclis\u00e9g tekintet\u00e9b\u0151l (Kv., 1894); <strong>szerk.:<\/strong> Corpus statutorum Hungariae municipalium \u2013 A ma\u00adgyar t\u00f6rv\u00e9nyhat\u00f3s\u00e1gok jogszab\u00e1lyainak gy\u0171j\u00adtem\u00e9nye a XVI-XVIII. sz\u00e1zadb\u00f3l, I-V. \u00d6ssze\u00adgy\u0171jt., kiad., jegyz. \u00d3v\u00e1ri Kelemennel (Bp., 1885\u20131904); Monumenta Hungariae juridico-historica (Bp., 1885); Werb\u0151czy Istv\u00e1n H\u00e1rmask\u00f6nyve Ford., kiad., jogi m\u0171sz\u00f3t\u00e1rral ell\u00e1tta \u00d3v\u00e1ri Kelemennel (Bp., 1894, 1897); Az erd\u00e9lyi Approbata \u00e9s Compilatae Constitutiones Kiad. jegyz. \u00d3v\u00e1ri Kelemennel (Bp., 1896); Az erd\u00e9lyi Articuli novellares et provisionales (Bp., 1896); A Magyar T\u00f6rv\u00e9nyt\u00e1r ( ford, utal\u00e1sokkal ell\u00e1tta, Bp., 1896\u201397). <br \/><strong>Irod.:<\/strong> Benk\u0151 Samu; D\u00f6m\u00e9ny; K\u00e1d\u00e1r Zsombor: A statutumalkot\u00e1s erd\u00e9szeti vonatkoz\u00e1sai =  K\u00e1d\u00e1r Zsombor: Sz\u00e9kelyf\u00f6ldi erd\u00e9szeti arck\u00e9pcsarnok (Bp., 1999); Kiss-K\u00e1lm\u00e1n-Bierbrunner; Marosi-KZST; M\u00c9L; RNL; Rugonfalvi Kiss; Szinnyei; Szinnyei J.; \u00daM\u00c9L; Zov\u00e1nyi<\/br><\/p>\n","protected":false},"excerpt":{"rendered":"<p>Lukafalva, 1840. j\u00fan. 23., \u2020 Bp., 1922. aug. 7.: jog\u00e1sz, egyetemi tan\u00e1r. \u2013 Apja kolozsv\u00e1ri K. Lajos (1812\u20131898) f\u00f6ldbirtokos. Gyermekei: Ilona dr. Csat\u00f3 K\u00e1lm\u00e1nn\u00e9; Margit, dr Borcsa Mih\u00e1lyn\u00e9; B\u00e1lint; S\u00e1ndor, Antal. \u2013 Irni, olvasni a lukafalvi elemi iskol\u00e1ban tanult Gergely S\u00e1muel ref. felekezeti k\u00e1ntortan\u00edt\u00f3t\u00f3l, majd sz\u00fclei beadt\u00e1k a Mv.-i ref. f\u0151tanod\u00e1ba, ahol elv\u00e9gezte az elemi [&hellip;]<\/p>\n","protected":false},"featured_media":0,"comment_status":"open","ping_status":"closed","template":"","meta":[],"product_brand":[],"product_cat":[137],"product_tag":[],"class_list":{"0":"post-12392","1":"product","2":"type-product","3":"status-publish","5":"product_cat-maros-megyei-eletrajzi-lexikon","7":"first","8":"instock","9":"shipping-taxable","10":"product-type-simple"},"_links":{"self":[{"href":"https:\/\/uj.adatbank.ro\/lexikon\/wp-json\/wp\/v2\/product\/12392","targetHints":{"allow":["GET"]}}],"collection":[{"href":"https:\/\/uj.adatbank.ro\/lexikon\/wp-json\/wp\/v2\/product"}],"about":[{"href":"https:\/\/uj.adatbank.ro\/lexikon\/wp-json\/wp\/v2\/types\/product"}],"replies":[{"embeddable":true,"href":"https:\/\/uj.adatbank.ro\/lexikon\/wp-json\/wp\/v2\/comments?post=12392"}],"wp:attachment":[{"href":"https:\/\/uj.adatbank.ro\/lexikon\/wp-json\/wp\/v2\/media?parent=12392"}],"wp:term":[{"taxonomy":"product_brand","embeddable":true,"href":"https:\/\/uj.adatbank.ro\/lexikon\/wp-json\/wp\/v2\/product_brand?post=12392"},{"taxonomy":"product_cat","embeddable":true,"href":"https:\/\/uj.adatbank.ro\/lexikon\/wp-json\/wp\/v2\/product_cat?post=12392"},{"taxonomy":"product_tag","embeddable":true,"href":"https:\/\/uj.adatbank.ro\/lexikon\/wp-json\/wp\/v2\/product_tag?post=12392"}],"curies":[{"name":"wp","href":"https:\/\/api.w.org\/{rel}","templated":true}]}}