{"id":12394,"date":"2025-06-29T14:25:50","date_gmt":"2025-06-29T12:25:50","guid":{"rendered":"https:\/\/uj.adatbank.ro\/lexikon\/termek\/kolosy-antal-mezomadarasi\/"},"modified":"2025-06-29T14:25:50","modified_gmt":"2025-06-29T12:25:50","slug":"kolosy-antal-mezomadarasi","status":"publish","type":"product","link":"https:\/\/uj.adatbank.ro\/lexikon\/termek\/kolosy-antal-mezomadarasi\/","title":{"rendered":"KOLOSY Antal, mez\u0151madarasi"},"content":{"rendered":"<p>Mez\u0151k\u00f6vesd, 1821. febr. 12., \u2020 K\u00e1rolyfeh\u00e9rv\u00e1r \/ Gyulafeh\u00e9rv\u00e1r, 1886. m\u00e1rc. 12.: pr\u00e9post-kanonok. \u2013 Bp.-en v\u00e9gezte a teol\u00f3gi\u00e1t (1846). Kv.-on k\u00e1pl\u00e1n (1846\u2013); Nagyszebenben tan\u00e1r, V\u00edzaknai pl\u00e9b\u00e1nos (1848\u201349); Gyulafeh\u00e9rv\u00e1ron teol\u00f3giai, majd gimn.-i tan\u00e1r (1851\u2013); p\u00fcsp\u00f6ki titk\u00e1r, irodaigazgat\u00f3, p\u00e1pai titkos kamar\u00e1s (1854), a szebeni Ter\u00e9z \u00e1rvah\u00e1z igazgat\u00f3ja (1868\u201373); gyulafeh\u00e9rv\u00e1ri v\u00e1rosi pl\u00e9b\u00e1nos, sz\u00e9kesegyh\u00e1zi kanonok (1883\u2013). Steinbachi pr\u00e9post Meg\u00edrta latinul az egyh\u00e1zmegye valamennyi k\u00f6zs\u00e9g\u00e9nek t\u00f6rt\u00e9net\u00e9t \u00e9s k\u00f6zz\u00e9tette a Schematismus Transsylvaniensisben (1822). <br \/><strong>Irod.:<\/strong> Gy\u00e1szjelent\u0151.; P\u00e1lmay; Rugonfalvi Kiss; Szinnyei<\/br><\/p>\n","protected":false},"excerpt":{"rendered":"<p>Mez\u0151k\u00f6vesd, 1821. febr. 12., \u2020 K\u00e1rolyfeh\u00e9rv\u00e1r \/ Gyulafeh\u00e9rv\u00e1r, 1886. m\u00e1rc. 12.: pr\u00e9post-kanonok. \u2013 Bp.-en v\u00e9gezte a teol\u00f3gi\u00e1t (1846). Kv.-on k\u00e1pl\u00e1n (1846\u2013); Nagyszebenben tan\u00e1r, V\u00edzaknai pl\u00e9b\u00e1nos (1848\u201349); Gyulafeh\u00e9rv\u00e1ron teol\u00f3giai, majd gimn.-i tan\u00e1r (1851\u2013); p\u00fcsp\u00f6ki titk\u00e1r, irodaigazgat\u00f3, p\u00e1pai titkos kamar\u00e1s (1854), a szebeni Ter\u00e9z \u00e1rvah\u00e1z igazgat\u00f3ja (1868\u201373); gyulafeh\u00e9rv\u00e1ri v\u00e1rosi pl\u00e9b\u00e1nos, sz\u00e9kesegyh\u00e1zi kanonok (1883\u2013). Steinbachi pr\u00e9post Meg\u00edrta latinul [&hellip;]<\/p>\n","protected":false},"featured_media":0,"comment_status":"open","ping_status":"closed","template":"","meta":[],"product_brand":[],"product_cat":[137],"product_tag":[],"class_list":{"0":"post-12394","1":"product","2":"type-product","3":"status-publish","5":"product_cat-maros-megyei-eletrajzi-lexikon","7":"first","8":"instock","9":"shipping-taxable","10":"product-type-simple"},"_links":{"self":[{"href":"https:\/\/uj.adatbank.ro\/lexikon\/wp-json\/wp\/v2\/product\/12394","targetHints":{"allow":["GET"]}}],"collection":[{"href":"https:\/\/uj.adatbank.ro\/lexikon\/wp-json\/wp\/v2\/product"}],"about":[{"href":"https:\/\/uj.adatbank.ro\/lexikon\/wp-json\/wp\/v2\/types\/product"}],"replies":[{"embeddable":true,"href":"https:\/\/uj.adatbank.ro\/lexikon\/wp-json\/wp\/v2\/comments?post=12394"}],"wp:attachment":[{"href":"https:\/\/uj.adatbank.ro\/lexikon\/wp-json\/wp\/v2\/media?parent=12394"}],"wp:term":[{"taxonomy":"product_brand","embeddable":true,"href":"https:\/\/uj.adatbank.ro\/lexikon\/wp-json\/wp\/v2\/product_brand?post=12394"},{"taxonomy":"product_cat","embeddable":true,"href":"https:\/\/uj.adatbank.ro\/lexikon\/wp-json\/wp\/v2\/product_cat?post=12394"},{"taxonomy":"product_tag","embeddable":true,"href":"https:\/\/uj.adatbank.ro\/lexikon\/wp-json\/wp\/v2\/product_tag?post=12394"}],"curies":[{"name":"wp","href":"https:\/\/api.w.org\/{rel}","templated":true}]}}