{"id":12395,"date":"2025-06-29T14:25:51","date_gmt":"2025-06-29T12:25:51","guid":{"rendered":"https:\/\/uj.adatbank.ro\/lexikon\/termek\/kolosy-gyorgy-mezomadarasi\/"},"modified":"2025-06-29T14:25:51","modified_gmt":"2025-06-29T12:25:51","slug":"kolosy-gyorgy-mezomadarasi","status":"publish","type":"product","link":"https:\/\/uj.adatbank.ro\/lexikon\/termek\/kolosy-gyorgy-mezomadarasi\/","title":{"rendered":"KOLOSY Gy\u00f6rgy, mez\u0151madarasi"},"content":{"rendered":"<p>1824, \u2020 Bp, Buda az \u00daj\u00e9p\u00fcletben, 1850. jan. 23: Pesten b\u00f6lcs\u00e9szhallgat\u00f3 volt az 1848\/49-es forradalom kit\u00f6r\u00e9sekor \u00e9s r\u00e9szt vett a harcokban. K\u00f6t\u00e9l \u00e1ltali hal\u00e1lra it\u00e9lt\u00e9k (1850. jan. 18.) \u00e9s kiv\u00e9gezt\u00e9k. <br \/><strong>Irod.:<\/strong> P\u00e1lmay<\/br><\/p>\n","protected":false},"excerpt":{"rendered":"<p>1824, \u2020 Bp, Buda az \u00daj\u00e9p\u00fcletben, 1850. jan. 23: Pesten b\u00f6lcs\u00e9szhallgat\u00f3 volt az 1848\/49-es forradalom kit\u00f6r\u00e9sekor \u00e9s r\u00e9szt vett a harcokban. K\u00f6t\u00e9l \u00e1ltali hal\u00e1lra it\u00e9lt\u00e9k (1850. jan. 18.) \u00e9s kiv\u00e9gezt\u00e9k. Irod.: P\u00e1lmay<\/p>\n","protected":false},"featured_media":0,"comment_status":"open","ping_status":"closed","template":"","meta":[],"product_brand":[],"product_cat":[137],"product_tag":[],"class_list":{"0":"post-12395","1":"product","2":"type-product","3":"status-publish","5":"product_cat-maros-megyei-eletrajzi-lexikon","7":"first","8":"instock","9":"shipping-taxable","10":"product-type-simple"},"_links":{"self":[{"href":"https:\/\/uj.adatbank.ro\/lexikon\/wp-json\/wp\/v2\/product\/12395","targetHints":{"allow":["GET"]}}],"collection":[{"href":"https:\/\/uj.adatbank.ro\/lexikon\/wp-json\/wp\/v2\/product"}],"about":[{"href":"https:\/\/uj.adatbank.ro\/lexikon\/wp-json\/wp\/v2\/types\/product"}],"replies":[{"embeddable":true,"href":"https:\/\/uj.adatbank.ro\/lexikon\/wp-json\/wp\/v2\/comments?post=12395"}],"wp:attachment":[{"href":"https:\/\/uj.adatbank.ro\/lexikon\/wp-json\/wp\/v2\/media?parent=12395"}],"wp:term":[{"taxonomy":"product_brand","embeddable":true,"href":"https:\/\/uj.adatbank.ro\/lexikon\/wp-json\/wp\/v2\/product_brand?post=12395"},{"taxonomy":"product_cat","embeddable":true,"href":"https:\/\/uj.adatbank.ro\/lexikon\/wp-json\/wp\/v2\/product_cat?post=12395"},{"taxonomy":"product_tag","embeddable":true,"href":"https:\/\/uj.adatbank.ro\/lexikon\/wp-json\/wp\/v2\/product_tag?post=12395"}],"curies":[{"name":"wp","href":"https:\/\/api.w.org\/{rel}","templated":true}]}}