{"id":12396,"date":"2025-06-29T14:25:52","date_gmt":"2025-06-29T12:25:52","guid":{"rendered":"https:\/\/uj.adatbank.ro\/lexikon\/termek\/kolosy-janos-kolosi\/"},"modified":"2025-06-29T14:25:52","modified_gmt":"2025-06-29T12:25:52","slug":"kolosy-janos-kolosi","status":"publish","type":"product","link":"https:\/\/uj.adatbank.ro\/lexikon\/termek\/kolosy-janos-kolosi\/","title":{"rendered":"KOLOSY J\u00e1nos ; Kolo\u2019si"},"content":{"rendered":"<p>? \u2020 ? : ref. lelk\u00e9sz Madarason, \u00e9s a marossz\u00e9ki egyh\u00e1zmegye esperese (1760\u20131787). \u2013 <strong>F. m.:<\/strong> Tan\u00edt\u00e1s. Az el\u00e1v\u00e1laszt\u00e1sr\u00f3l \u00e9s meg-vet\u00e9sr\u0151l. (Kv., 1761). <br \/><strong>Irod.:<\/strong> Szinnyei; Zov\u00e1nyi<\/br><\/p>\n","protected":false},"excerpt":{"rendered":"<p>? \u2020 ? : ref. lelk\u00e9sz Madarason, \u00e9s a marossz\u00e9ki egyh\u00e1zmegye esperese (1760\u20131787). \u2013 F. m.: Tan\u00edt\u00e1s. Az el\u00e1v\u00e1laszt\u00e1sr\u00f3l \u00e9s meg-vet\u00e9sr\u0151l. (Kv., 1761). Irod.: Szinnyei; Zov\u00e1nyi<\/p>\n","protected":false},"featured_media":0,"comment_status":"open","ping_status":"closed","template":"","meta":[],"product_brand":[],"product_cat":[137],"product_tag":[],"class_list":{"0":"post-12396","1":"product","2":"type-product","3":"status-publish","5":"product_cat-maros-megyei-eletrajzi-lexikon","7":"first","8":"instock","9":"shipping-taxable","10":"product-type-simple"},"_links":{"self":[{"href":"https:\/\/uj.adatbank.ro\/lexikon\/wp-json\/wp\/v2\/product\/12396","targetHints":{"allow":["GET"]}}],"collection":[{"href":"https:\/\/uj.adatbank.ro\/lexikon\/wp-json\/wp\/v2\/product"}],"about":[{"href":"https:\/\/uj.adatbank.ro\/lexikon\/wp-json\/wp\/v2\/types\/product"}],"replies":[{"embeddable":true,"href":"https:\/\/uj.adatbank.ro\/lexikon\/wp-json\/wp\/v2\/comments?post=12396"}],"wp:attachment":[{"href":"https:\/\/uj.adatbank.ro\/lexikon\/wp-json\/wp\/v2\/media?parent=12396"}],"wp:term":[{"taxonomy":"product_brand","embeddable":true,"href":"https:\/\/uj.adatbank.ro\/lexikon\/wp-json\/wp\/v2\/product_brand?post=12396"},{"taxonomy":"product_cat","embeddable":true,"href":"https:\/\/uj.adatbank.ro\/lexikon\/wp-json\/wp\/v2\/product_cat?post=12396"},{"taxonomy":"product_tag","embeddable":true,"href":"https:\/\/uj.adatbank.ro\/lexikon\/wp-json\/wp\/v2\/product_tag?post=12396"}],"curies":[{"name":"wp","href":"https:\/\/api.w.org\/{rel}","templated":true}]}}