{"id":12397,"date":"2025-06-29T14:25:54","date_gmt":"2025-06-29T12:25:54","guid":{"rendered":"https:\/\/uj.adatbank.ro\/lexikon\/termek\/kolosy-mezomadarasi-kolossy-kolozsi\/"},"modified":"2025-06-29T14:25:54","modified_gmt":"2025-06-29T12:25:54","slug":"kolosy-mezomadarasi-kolossy-kolozsi","status":"publish","type":"product","link":"https:\/\/uj.adatbank.ro\/lexikon\/termek\/kolosy-mezomadarasi-kolossy-kolozsi\/","title":{"rendered":"KOLOSY, mez\u0151madarasi; Kolossy, Kolozsi"},"content":{"rendered":"<p>a csal\u00e1d Csikszentgy\u00f6rgyr\u0151l sz\u00e1rmazik, a Marossz\u00e9ken telepedett le az egyik \u00e1g (1614 k\u00f6r\u00fcl). A csal\u00e1db\u00f3l K. Gergely lustr\u00e1lt (1614), K. Andr\u00e1s nemeslevelet nyert II. R\u00e1k\u00f3czi Gy\u00f6rgyt\u0151l (1655). K. Istv\u00e1n cs. kir. hat\u00e1rezredbeli birtokos (1846) \u00e9s K. S\u00e1muel birtokos Mikefalv\u00e1n. <br \/><strong>Irod.:<\/strong> Nagy Iv\u00e1n; P\u00e1lmay<\/br><\/p>\n","protected":false},"excerpt":{"rendered":"<p>a csal\u00e1d Csikszentgy\u00f6rgyr\u0151l sz\u00e1rmazik, a Marossz\u00e9ken telepedett le az egyik \u00e1g (1614 k\u00f6r\u00fcl). A csal\u00e1db\u00f3l K. Gergely lustr\u00e1lt (1614), K. Andr\u00e1s nemeslevelet nyert II. R\u00e1k\u00f3czi Gy\u00f6rgyt\u0151l (1655). K. Istv\u00e1n cs. kir. hat\u00e1rezredbeli birtokos (1846) \u00e9s K. S\u00e1muel birtokos Mikefalv\u00e1n. Irod.: Nagy Iv\u00e1n; P\u00e1lmay<\/p>\n","protected":false},"featured_media":0,"comment_status":"open","ping_status":"closed","template":"","meta":[],"product_brand":[],"product_cat":[137],"product_tag":[],"class_list":{"0":"post-12397","1":"product","2":"type-product","3":"status-publish","5":"product_cat-maros-megyei-eletrajzi-lexikon","7":"first","8":"instock","9":"shipping-taxable","10":"product-type-simple"},"_links":{"self":[{"href":"https:\/\/uj.adatbank.ro\/lexikon\/wp-json\/wp\/v2\/product\/12397","targetHints":{"allow":["GET"]}}],"collection":[{"href":"https:\/\/uj.adatbank.ro\/lexikon\/wp-json\/wp\/v2\/product"}],"about":[{"href":"https:\/\/uj.adatbank.ro\/lexikon\/wp-json\/wp\/v2\/types\/product"}],"replies":[{"embeddable":true,"href":"https:\/\/uj.adatbank.ro\/lexikon\/wp-json\/wp\/v2\/comments?post=12397"}],"wp:attachment":[{"href":"https:\/\/uj.adatbank.ro\/lexikon\/wp-json\/wp\/v2\/media?parent=12397"}],"wp:term":[{"taxonomy":"product_brand","embeddable":true,"href":"https:\/\/uj.adatbank.ro\/lexikon\/wp-json\/wp\/v2\/product_brand?post=12397"},{"taxonomy":"product_cat","embeddable":true,"href":"https:\/\/uj.adatbank.ro\/lexikon\/wp-json\/wp\/v2\/product_cat?post=12397"},{"taxonomy":"product_tag","embeddable":true,"href":"https:\/\/uj.adatbank.ro\/lexikon\/wp-json\/wp\/v2\/product_tag?post=12397"}],"curies":[{"name":"wp","href":"https:\/\/api.w.org\/{rel}","templated":true}]}}