{"id":12399,"date":"2025-06-29T14:25:58","date_gmt":"2025-06-29T12:25:58","guid":{"rendered":"https:\/\/uj.adatbank.ro\/lexikon\/termek\/kolozsi-maria\/"},"modified":"2025-06-29T14:25:58","modified_gmt":"2025-06-29T12:25:58","slug":"kolozsi-maria","status":"publish","type":"product","link":"https:\/\/uj.adatbank.ro\/lexikon\/termek\/kolozsi-maria\/","title":{"rendered":"KOLOZSI M\u00e1ria"},"content":{"rendered":"<p>1936., \u2020 Mv., 2003. nov. 9.: orvos. \u2013 F\u00e9rje Gross Frigyes urol\u00f3gus. &#8211; Mv.-en v\u00e9gezte az orvosi egyetemet (1961). Cs\u00edkszered\u00e1ban k\u00f6rzeti gyermekgy\u00f3gy\u00e1sz f\u0151orvos. Mv.-en \u00e9ltek hal\u00e1lukig. <br \/><strong>Irod.:<\/strong> Kiss-P. &#8211; P<\/br><\/p>\n","protected":false},"excerpt":{"rendered":"<p>1936., \u2020 Mv., 2003. nov. 9.: orvos. \u2013 F\u00e9rje Gross Frigyes urol\u00f3gus. &#8211; Mv.-en v\u00e9gezte az orvosi egyetemet (1961). Cs\u00edkszered\u00e1ban k\u00f6rzeti gyermekgy\u00f3gy\u00e1sz f\u0151orvos. Mv.-en \u00e9ltek hal\u00e1lukig. Irod.: Kiss-P. &#8211; P<\/p>\n","protected":false},"featured_media":0,"comment_status":"open","ping_status":"closed","template":"","meta":[],"product_brand":[],"product_cat":[137],"product_tag":[],"class_list":{"0":"post-12399","1":"product","2":"type-product","3":"status-publish","5":"product_cat-maros-megyei-eletrajzi-lexikon","7":"first","8":"instock","9":"shipping-taxable","10":"product-type-simple"},"_links":{"self":[{"href":"https:\/\/uj.adatbank.ro\/lexikon\/wp-json\/wp\/v2\/product\/12399","targetHints":{"allow":["GET"]}}],"collection":[{"href":"https:\/\/uj.adatbank.ro\/lexikon\/wp-json\/wp\/v2\/product"}],"about":[{"href":"https:\/\/uj.adatbank.ro\/lexikon\/wp-json\/wp\/v2\/types\/product"}],"replies":[{"embeddable":true,"href":"https:\/\/uj.adatbank.ro\/lexikon\/wp-json\/wp\/v2\/comments?post=12399"}],"wp:attachment":[{"href":"https:\/\/uj.adatbank.ro\/lexikon\/wp-json\/wp\/v2\/media?parent=12399"}],"wp:term":[{"taxonomy":"product_brand","embeddable":true,"href":"https:\/\/uj.adatbank.ro\/lexikon\/wp-json\/wp\/v2\/product_brand?post=12399"},{"taxonomy":"product_cat","embeddable":true,"href":"https:\/\/uj.adatbank.ro\/lexikon\/wp-json\/wp\/v2\/product_cat?post=12399"},{"taxonomy":"product_tag","embeddable":true,"href":"https:\/\/uj.adatbank.ro\/lexikon\/wp-json\/wp\/v2\/product_tag?post=12399"}],"curies":[{"name":"wp","href":"https:\/\/api.w.org\/{rel}","templated":true}]}}