{"id":12401,"date":"2025-06-29T14:26:00","date_gmt":"2025-06-29T12:26:00","guid":{"rendered":"https:\/\/uj.adatbank.ro\/lexikon\/termek\/kolozsvari-arpad\/"},"modified":"2025-06-29T14:26:00","modified_gmt":"2025-06-29T12:26:00","slug":"kolozsvari-arpad","status":"publish","type":"product","link":"https:\/\/uj.adatbank.ro\/lexikon\/termek\/kolozsvari-arpad\/","title":{"rendered":"KOLOZSV\u00c1RI \u00c1rp\u00e1d"},"content":{"rendered":"<p>? \u2020 ?: ref. lelk\u00e9sz. \u2013 Marosugr\u00e1n szolg\u00e1lata idej\u00e9ben \u00e9p\u00fclt fel az \u00faj, tornyos ref. templom (1886 \u2013 1902), mv.-i mesterrel orgon\u00e1t \u00e9p\u00edttetett a karzatra (1892. dec. 21). <br \/><strong>Irod.:<\/strong> Ogra<\/br><\/p>\n","protected":false},"excerpt":{"rendered":"<p>? \u2020 ?: ref. lelk\u00e9sz. \u2013 Marosugr\u00e1n szolg\u00e1lata idej\u00e9ben \u00e9p\u00fclt fel az \u00faj, tornyos ref. templom (1886 \u2013 1902), mv.-i mesterrel orgon\u00e1t \u00e9p\u00edttetett a karzatra (1892. dec. 21). Irod.: Ogra<\/p>\n","protected":false},"featured_media":0,"comment_status":"open","ping_status":"closed","template":"","meta":[],"product_brand":[],"product_cat":[137],"product_tag":[],"class_list":{"0":"post-12401","1":"product","2":"type-product","3":"status-publish","5":"product_cat-maros-megyei-eletrajzi-lexikon","7":"first","8":"instock","9":"shipping-taxable","10":"product-type-simple"},"_links":{"self":[{"href":"https:\/\/uj.adatbank.ro\/lexikon\/wp-json\/wp\/v2\/product\/12401","targetHints":{"allow":["GET"]}}],"collection":[{"href":"https:\/\/uj.adatbank.ro\/lexikon\/wp-json\/wp\/v2\/product"}],"about":[{"href":"https:\/\/uj.adatbank.ro\/lexikon\/wp-json\/wp\/v2\/types\/product"}],"replies":[{"embeddable":true,"href":"https:\/\/uj.adatbank.ro\/lexikon\/wp-json\/wp\/v2\/comments?post=12401"}],"wp:attachment":[{"href":"https:\/\/uj.adatbank.ro\/lexikon\/wp-json\/wp\/v2\/media?parent=12401"}],"wp:term":[{"taxonomy":"product_brand","embeddable":true,"href":"https:\/\/uj.adatbank.ro\/lexikon\/wp-json\/wp\/v2\/product_brand?post=12401"},{"taxonomy":"product_cat","embeddable":true,"href":"https:\/\/uj.adatbank.ro\/lexikon\/wp-json\/wp\/v2\/product_cat?post=12401"},{"taxonomy":"product_tag","embeddable":true,"href":"https:\/\/uj.adatbank.ro\/lexikon\/wp-json\/wp\/v2\/product_tag?post=12401"}],"curies":[{"name":"wp","href":"https:\/\/api.w.org\/{rel}","templated":true}]}}