{"id":12405,"date":"2025-06-29T14:26:08","date_gmt":"2025-06-29T12:26:08","guid":{"rendered":"https:\/\/uj.adatbank.ro\/lexikon\/termek\/kolozsvari-janos-ioan\/"},"modified":"2025-06-29T14:26:08","modified_gmt":"2025-06-29T12:26:08","slug":"kolozsvari-janos-ioan","status":"publish","type":"product","link":"https:\/\/uj.adatbank.ro\/lexikon\/termek\/kolozsvari-janos-ioan\/","title":{"rendered":"KOLOZSV\u00c1RI J\u00e1nos, Ioan"},"content":{"rendered":"<p>Mez\u0151szentm\u00e1rton, 1919. m\u00e1j. 14., \u2020 Marosludas, 1989. dec. 15., : politikus, polg\u00e1rmester. \u2013 Egy ideig Nagys\u00e1rm\u00e1son dolgozott, azut\u00e1n p\u00e1rtvonalon t\u00f6lt\u00f6tt be k\u00fcl\u00f6nb\u00f6z\u0151 funkci\u00f3kat, mint: Ludas v\u00e1ros N\u00e9ptan\u00e1csa VB-nak eln\u00f6ke, majd a v\u00e1ros polg\u00e1rmestere (1961- 1967). Polg\u00e1rmesters\u00e9ge ideje alatt a aut\u00f3telep l\u00e9tes\u00fclt a v\u00e1rosban, beindult a k\u00f6zsz\u00e1ll\u00edt\u00e1s (1961); fel\u00e9p\u00fclt \u00e9s \u00e1tadt\u00e1k az 1-es sz \u00c1lt. Iskola \u00faj \u00e9p\u00fclet\u00e9t (1961); \u00e1tadt\u00e1k a V\u00e1rosi Poliklinik\u00e1t (1962); 4000 f\u0151s szarvasmarha h\u00edzlalda l\u00e9tes\u00fclt (1963); \u00faj posta\u00e9p\u00fclet \u00e9p\u00fclt (1963); felavatt\u00e1k a Kisipari Sz\u00f6vetkezetek Komplexum\u00e1t (1963); fel\u00e9p\u00fclt a jelenlegi Ipari L\u00edc. \u00e9p\u00fclete (1967). <br \/><strong>Irod.:<\/strong> Ludu\u015f<\/br><\/p>\n","protected":false},"excerpt":{"rendered":"<p>Mez\u0151szentm\u00e1rton, 1919. m\u00e1j. 14., \u2020 Marosludas, 1989. dec. 15., : politikus, polg\u00e1rmester. \u2013 Egy ideig Nagys\u00e1rm\u00e1son dolgozott, azut\u00e1n p\u00e1rtvonalon t\u00f6lt\u00f6tt be k\u00fcl\u00f6nb\u00f6z\u0151 funkci\u00f3kat, mint: Ludas v\u00e1ros N\u00e9ptan\u00e1csa VB-nak eln\u00f6ke, majd a v\u00e1ros polg\u00e1rmestere (1961- 1967). Polg\u00e1rmesters\u00e9ge ideje alatt a aut\u00f3telep l\u00e9tes\u00fclt a v\u00e1rosban, beindult a k\u00f6zsz\u00e1ll\u00edt\u00e1s (1961); fel\u00e9p\u00fclt \u00e9s \u00e1tadt\u00e1k az 1-es sz \u00c1lt. Iskola [&hellip;]<\/p>\n","protected":false},"featured_media":0,"comment_status":"open","ping_status":"closed","template":"","meta":[],"product_brand":[],"product_cat":[137],"product_tag":[],"class_list":{"0":"post-12405","1":"product","2":"type-product","3":"status-publish","5":"product_cat-maros-megyei-eletrajzi-lexikon","7":"first","8":"instock","9":"shipping-taxable","10":"product-type-simple"},"_links":{"self":[{"href":"https:\/\/uj.adatbank.ro\/lexikon\/wp-json\/wp\/v2\/product\/12405","targetHints":{"allow":["GET"]}}],"collection":[{"href":"https:\/\/uj.adatbank.ro\/lexikon\/wp-json\/wp\/v2\/product"}],"about":[{"href":"https:\/\/uj.adatbank.ro\/lexikon\/wp-json\/wp\/v2\/types\/product"}],"replies":[{"embeddable":true,"href":"https:\/\/uj.adatbank.ro\/lexikon\/wp-json\/wp\/v2\/comments?post=12405"}],"wp:attachment":[{"href":"https:\/\/uj.adatbank.ro\/lexikon\/wp-json\/wp\/v2\/media?parent=12405"}],"wp:term":[{"taxonomy":"product_brand","embeddable":true,"href":"https:\/\/uj.adatbank.ro\/lexikon\/wp-json\/wp\/v2\/product_brand?post=12405"},{"taxonomy":"product_cat","embeddable":true,"href":"https:\/\/uj.adatbank.ro\/lexikon\/wp-json\/wp\/v2\/product_cat?post=12405"},{"taxonomy":"product_tag","embeddable":true,"href":"https:\/\/uj.adatbank.ro\/lexikon\/wp-json\/wp\/v2\/product_tag?post=12405"}],"curies":[{"name":"wp","href":"https:\/\/api.w.org\/{rel}","templated":true}]}}