{"id":12407,"date":"2025-06-29T14:26:12","date_gmt":"2025-06-29T12:26:12","guid":{"rendered":"https:\/\/uj.adatbank.ro\/lexikon\/termek\/kolozsvari-karoly\/"},"modified":"2025-06-29T14:26:12","modified_gmt":"2025-06-29T12:26:12","slug":"kolozsvari-karoly","status":"publish","type":"product","link":"https:\/\/uj.adatbank.ro\/lexikon\/termek\/kolozsvari-karoly\/","title":{"rendered":"KOLOZSV\u00c1RI K\u00e1roly"},"content":{"rendered":"<p>1836.? \u2020 Marosugra, 1894. dec. 12.: ref. lelk\u00e9sz. \u2013 K. S\u00e1muel \u00e9s V\u00e9gh Eszter fia. Testv\u00e9rei: K. J\u00f3zsef; K Polix\u00e9nia, Albisi S\u00e1mueln\u00e9. Feles\u00e9ge: Oroszl\u00e1n Lidia. Gyermekeik: K. S\u00e1ndor, J\u00f3zsef, Anna, R\u00f3za, Ilona. <br \/><strong>Irod.:<\/strong> Gy\u00e1szjelent\u0151.<\/br><\/p>\n","protected":false},"excerpt":{"rendered":"<p>1836.? \u2020 Marosugra, 1894. dec. 12.: ref. lelk\u00e9sz. \u2013 K. S\u00e1muel \u00e9s V\u00e9gh Eszter fia. Testv\u00e9rei: K. J\u00f3zsef; K Polix\u00e9nia, Albisi S\u00e1mueln\u00e9. Feles\u00e9ge: Oroszl\u00e1n Lidia. Gyermekeik: K. S\u00e1ndor, J\u00f3zsef, Anna, R\u00f3za, Ilona. Irod.: Gy\u00e1szjelent\u0151.<\/p>\n","protected":false},"featured_media":0,"comment_status":"open","ping_status":"closed","template":"","meta":[],"product_brand":[],"product_cat":[137],"product_tag":[],"class_list":{"0":"post-12407","1":"product","2":"type-product","3":"status-publish","5":"product_cat-maros-megyei-eletrajzi-lexikon","7":"first","8":"instock","9":"shipping-taxable","10":"product-type-simple"},"_links":{"self":[{"href":"https:\/\/uj.adatbank.ro\/lexikon\/wp-json\/wp\/v2\/product\/12407","targetHints":{"allow":["GET"]}}],"collection":[{"href":"https:\/\/uj.adatbank.ro\/lexikon\/wp-json\/wp\/v2\/product"}],"about":[{"href":"https:\/\/uj.adatbank.ro\/lexikon\/wp-json\/wp\/v2\/types\/product"}],"replies":[{"embeddable":true,"href":"https:\/\/uj.adatbank.ro\/lexikon\/wp-json\/wp\/v2\/comments?post=12407"}],"wp:attachment":[{"href":"https:\/\/uj.adatbank.ro\/lexikon\/wp-json\/wp\/v2\/media?parent=12407"}],"wp:term":[{"taxonomy":"product_brand","embeddable":true,"href":"https:\/\/uj.adatbank.ro\/lexikon\/wp-json\/wp\/v2\/product_brand?post=12407"},{"taxonomy":"product_cat","embeddable":true,"href":"https:\/\/uj.adatbank.ro\/lexikon\/wp-json\/wp\/v2\/product_cat?post=12407"},{"taxonomy":"product_tag","embeddable":true,"href":"https:\/\/uj.adatbank.ro\/lexikon\/wp-json\/wp\/v2\/product_tag?post=12407"}],"curies":[{"name":"wp","href":"https:\/\/api.w.org\/{rel}","templated":true}]}}