{"id":12408,"date":"2025-06-29T14:26:14","date_gmt":"2025-06-29T12:26:14","guid":{"rendered":"https:\/\/uj.adatbank.ro\/lexikon\/termek\/kolozsvari-litteratti-gabor\/"},"modified":"2025-06-29T14:26:14","modified_gmt":"2025-06-29T12:26:14","slug":"kolozsvari-litteratti-gabor","status":"publish","type":"product","link":"https:\/\/uj.adatbank.ro\/lexikon\/termek\/kolozsvari-litteratti-gabor\/","title":{"rendered":"KOLOZSV\u00c1RI LITTER\u00c1TTI G\u00e1bor"},"content":{"rendered":"<p>? \u2020 ?: f\u00f6ldbirtokos. \u2013 Csejden, Sz\u00e9kesen \u00e9s Szentgy\u00f6rgy\u00f6n r\u00e9szb\u00edrtokai voltak (1878\u2013), amiket B\u00e1thory Krist\u00f3ft\u00f3l kapott adom\u00e1nyba. A both\u00e1zi birtokai\u00e9rt T\u00f3falv\u00e1n egy h\u00e1z jobb\u00e1gyot \u00e9s 150 forintot (1582) kapott both\u00e1zi Bodoni Gergelyt\u0151l. Csejdi j\u00f3sz\u00e1gai\u00e9rt cser\u00e9be Vuketievicht\u0151l a t\u00f3falvi praedium\u00e1t (1583). <br \/><strong>Irod.:<\/strong> Csejd \u2013T\u00f3falva<\/br><\/p>\n","protected":false},"excerpt":{"rendered":"<p>? \u2020 ?: f\u00f6ldbirtokos. \u2013 Csejden, Sz\u00e9kesen \u00e9s Szentgy\u00f6rgy\u00f6n r\u00e9szb\u00edrtokai voltak (1878\u2013), amiket B\u00e1thory Krist\u00f3ft\u00f3l kapott adom\u00e1nyba. A both\u00e1zi birtokai\u00e9rt T\u00f3falv\u00e1n egy h\u00e1z jobb\u00e1gyot \u00e9s 150 forintot (1582) kapott both\u00e1zi Bodoni Gergelyt\u0151l. Csejdi j\u00f3sz\u00e1gai\u00e9rt cser\u00e9be Vuketievicht\u0151l a t\u00f3falvi praedium\u00e1t (1583). Irod.: Csejd \u2013T\u00f3falva<\/p>\n","protected":false},"featured_media":0,"comment_status":"open","ping_status":"closed","template":"","meta":[],"product_brand":[],"product_cat":[137],"product_tag":[],"class_list":{"0":"post-12408","1":"product","2":"type-product","3":"status-publish","5":"product_cat-maros-megyei-eletrajzi-lexikon","7":"first","8":"instock","9":"shipping-taxable","10":"product-type-simple"},"_links":{"self":[{"href":"https:\/\/uj.adatbank.ro\/lexikon\/wp-json\/wp\/v2\/product\/12408","targetHints":{"allow":["GET"]}}],"collection":[{"href":"https:\/\/uj.adatbank.ro\/lexikon\/wp-json\/wp\/v2\/product"}],"about":[{"href":"https:\/\/uj.adatbank.ro\/lexikon\/wp-json\/wp\/v2\/types\/product"}],"replies":[{"embeddable":true,"href":"https:\/\/uj.adatbank.ro\/lexikon\/wp-json\/wp\/v2\/comments?post=12408"}],"wp:attachment":[{"href":"https:\/\/uj.adatbank.ro\/lexikon\/wp-json\/wp\/v2\/media?parent=12408"}],"wp:term":[{"taxonomy":"product_brand","embeddable":true,"href":"https:\/\/uj.adatbank.ro\/lexikon\/wp-json\/wp\/v2\/product_brand?post=12408"},{"taxonomy":"product_cat","embeddable":true,"href":"https:\/\/uj.adatbank.ro\/lexikon\/wp-json\/wp\/v2\/product_cat?post=12408"},{"taxonomy":"product_tag","embeddable":true,"href":"https:\/\/uj.adatbank.ro\/lexikon\/wp-json\/wp\/v2\/product_tag?post=12408"}],"curies":[{"name":"wp","href":"https:\/\/api.w.org\/{rel}","templated":true}]}}