{"id":12413,"date":"2025-06-29T14:26:23","date_gmt":"2025-06-29T12:26:23","guid":{"rendered":"https:\/\/uj.adatbank.ro\/lexikon\/termek\/kolozsvary-jozsef\/"},"modified":"2025-06-29T14:26:23","modified_gmt":"2025-06-29T12:26:23","slug":"kolozsvary-jozsef","status":"publish","type":"product","link":"https:\/\/uj.adatbank.ro\/lexikon\/termek\/kolozsvary-jozsef\/","title":{"rendered":"KOLOZSV\u00c1RY J\u00f3zsef"},"content":{"rendered":"<p>Berekereszt\u00far, 1904. m\u00e1j. 9., \u2020 Berekereszt\u00far, 1944. jan. 21.: tisztvisel\u0151, \u00edr\u00f3. \u2013 Tanulm\u00e1nyait Mv.-en a kereskedelmi k\u00f6z\u00e9piskol\u00e1ban v\u00e9gezte (1923). A kv.-i Ellenz\u00e9k kiad\u00f3hivatal\u00e1nak tisztvisel\u0151je (\u20131927), majd a bekecsalji ref. egyh\u00e1zmegye esperesi hivatal\u00e1nak titk\u00e1ra. Elbesz\u00e9l\u00e9sei, novell\u00e1i, sz\u00edndarabjai, erd\u00e9lyi lapokban jelentek meg (1929\u2013): a Harangsz\u00f3, \u00daj Cimbora munkat\u00e1rsa. \u00cdr\u00e1saiban a paraszti sors neh\u00e9zs\u00e9geit \u00e1br\u00e1zolta s oldotta fel humoros fordulatokkal. \u2013 <strong>F. m.:<\/strong> F\u00f6ldszag\u00fa r\u00f3zs\u00e1k (Torda, 1931); J\u00f6n a Mikul\u00e1s (Mv., 1934); antol\u00f3gi\u00e1ban: \u00daj utakon (Bp., 1932). <br \/><strong>Irod.:<\/strong> Guly\u00e1s; RMIL<\/br><\/p>\n","protected":false},"excerpt":{"rendered":"<p>Berekereszt\u00far, 1904. m\u00e1j. 9., \u2020 Berekereszt\u00far, 1944. jan. 21.: tisztvisel\u0151, \u00edr\u00f3. \u2013 Tanulm\u00e1nyait Mv.-en a kereskedelmi k\u00f6z\u00e9piskol\u00e1ban v\u00e9gezte (1923). A kv.-i Ellenz\u00e9k kiad\u00f3hivatal\u00e1nak tisztvisel\u0151je (\u20131927), majd a bekecsalji ref. egyh\u00e1zmegye esperesi hivatal\u00e1nak titk\u00e1ra. Elbesz\u00e9l\u00e9sei, novell\u00e1i, sz\u00edndarabjai, erd\u00e9lyi lapokban jelentek meg (1929\u2013): a Harangsz\u00f3, \u00daj Cimbora munkat\u00e1rsa. \u00cdr\u00e1saiban a paraszti sors neh\u00e9zs\u00e9geit \u00e1br\u00e1zolta s oldotta fel [&hellip;]<\/p>\n","protected":false},"featured_media":0,"comment_status":"open","ping_status":"closed","template":"","meta":[],"product_brand":[],"product_cat":[137],"product_tag":[],"class_list":{"0":"post-12413","1":"product","2":"type-product","3":"status-publish","5":"product_cat-maros-megyei-eletrajzi-lexikon","7":"first","8":"instock","9":"shipping-taxable","10":"product-type-simple"},"_links":{"self":[{"href":"https:\/\/uj.adatbank.ro\/lexikon\/wp-json\/wp\/v2\/product\/12413","targetHints":{"allow":["GET"]}}],"collection":[{"href":"https:\/\/uj.adatbank.ro\/lexikon\/wp-json\/wp\/v2\/product"}],"about":[{"href":"https:\/\/uj.adatbank.ro\/lexikon\/wp-json\/wp\/v2\/types\/product"}],"replies":[{"embeddable":true,"href":"https:\/\/uj.adatbank.ro\/lexikon\/wp-json\/wp\/v2\/comments?post=12413"}],"wp:attachment":[{"href":"https:\/\/uj.adatbank.ro\/lexikon\/wp-json\/wp\/v2\/media?parent=12413"}],"wp:term":[{"taxonomy":"product_brand","embeddable":true,"href":"https:\/\/uj.adatbank.ro\/lexikon\/wp-json\/wp\/v2\/product_brand?post=12413"},{"taxonomy":"product_cat","embeddable":true,"href":"https:\/\/uj.adatbank.ro\/lexikon\/wp-json\/wp\/v2\/product_cat?post=12413"},{"taxonomy":"product_tag","embeddable":true,"href":"https:\/\/uj.adatbank.ro\/lexikon\/wp-json\/wp\/v2\/product_tag?post=12413"}],"curies":[{"name":"wp","href":"https:\/\/api.w.org\/{rel}","templated":true}]}}