{"id":12415,"date":"2025-06-29T14:26:27","date_gmt":"2025-06-29T12:26:27","guid":{"rendered":"https:\/\/uj.adatbank.ro\/lexikon\/termek\/kolozsvary-jozsef-3\/"},"modified":"2025-06-29T14:26:27","modified_gmt":"2025-06-29T12:26:27","slug":"kolozsvary-jozsef-3","status":"publish","type":"product","link":"https:\/\/uj.adatbank.ro\/lexikon\/termek\/kolozsvary-jozsef-3\/","title":{"rendered":"KOLOZSV\u00c1RY J\u00f3zsef,"},"content":{"rendered":"<p>Nagyszalonta, 1889., \u2020 ?: mv.-i gy\u00f3gyszer\u00e9sz. \u2013Apja gimn\u00e1ziumi tan\u00e1r. K\u00f6z\u00e9piskol\u00e1it Mez\u0151t\u00faron \u00e9s Bp.-en, gy\u00f3gyszer\u00e9sz egyetemet Bp.-en v\u00e9gzett (1912). Eleinte Gyergy\u00f3szentmikl\u00f3son gy\u00f3gyszert\u00e1rat b\u00e9relt, majd Mv.-en az \u0150rangyal elnevez\u00e9s\u0171 gy\u00f3gyszert\u00e1r tulajdonosa lett (1826\u2013). \u00c9l\u00e9nk t\u00e1rsadalmi tev\u00e9kenys\u00e9get folytatott. A MP. Az orsz. Gy\u00f3gyszer\u00e9szegyes\u00fclet, azon kiv\u00fcl t\u00f6bb t\u00e1rsadalmi \u00e9s kultur\u00e1lis egyes\u00fclet tagja volt. Bel- \u00e9s k\u00fclf\u00f6ldi szaklapokban cikkei jelentek meg. <br \/><strong>Irod.:<\/strong> Ki kicsoda ?<\/br><\/p>\n","protected":false},"excerpt":{"rendered":"<p>Nagyszalonta, 1889., \u2020 ?: mv.-i gy\u00f3gyszer\u00e9sz. \u2013Apja gimn\u00e1ziumi tan\u00e1r. K\u00f6z\u00e9piskol\u00e1it Mez\u0151t\u00faron \u00e9s Bp.-en, gy\u00f3gyszer\u00e9sz egyetemet Bp.-en v\u00e9gzett (1912). Eleinte Gyergy\u00f3szentmikl\u00f3son gy\u00f3gyszert\u00e1rat b\u00e9relt, majd Mv.-en az \u0150rangyal elnevez\u00e9s\u0171 gy\u00f3gyszert\u00e1r tulajdonosa lett (1826\u2013). \u00c9l\u00e9nk t\u00e1rsadalmi tev\u00e9kenys\u00e9get folytatott. A MP. Az orsz. Gy\u00f3gyszer\u00e9szegyes\u00fclet, azon kiv\u00fcl t\u00f6bb t\u00e1rsadalmi \u00e9s kultur\u00e1lis egyes\u00fclet tagja volt. Bel- \u00e9s k\u00fclf\u00f6ldi szaklapokban cikkei jelentek [&hellip;]<\/p>\n","protected":false},"featured_media":0,"comment_status":"open","ping_status":"closed","template":"","meta":[],"product_brand":[],"product_cat":[137],"product_tag":[],"class_list":{"0":"post-12415","1":"product","2":"type-product","3":"status-publish","5":"product_cat-maros-megyei-eletrajzi-lexikon","7":"first","8":"instock","9":"shipping-taxable","10":"product-type-simple"},"_links":{"self":[{"href":"https:\/\/uj.adatbank.ro\/lexikon\/wp-json\/wp\/v2\/product\/12415","targetHints":{"allow":["GET"]}}],"collection":[{"href":"https:\/\/uj.adatbank.ro\/lexikon\/wp-json\/wp\/v2\/product"}],"about":[{"href":"https:\/\/uj.adatbank.ro\/lexikon\/wp-json\/wp\/v2\/types\/product"}],"replies":[{"embeddable":true,"href":"https:\/\/uj.adatbank.ro\/lexikon\/wp-json\/wp\/v2\/comments?post=12415"}],"wp:attachment":[{"href":"https:\/\/uj.adatbank.ro\/lexikon\/wp-json\/wp\/v2\/media?parent=12415"}],"wp:term":[{"taxonomy":"product_brand","embeddable":true,"href":"https:\/\/uj.adatbank.ro\/lexikon\/wp-json\/wp\/v2\/product_brand?post=12415"},{"taxonomy":"product_cat","embeddable":true,"href":"https:\/\/uj.adatbank.ro\/lexikon\/wp-json\/wp\/v2\/product_cat?post=12415"},{"taxonomy":"product_tag","embeddable":true,"href":"https:\/\/uj.adatbank.ro\/lexikon\/wp-json\/wp\/v2\/product_tag?post=12415"}],"curies":[{"name":"wp","href":"https:\/\/api.w.org\/{rel}","templated":true}]}}