{"id":12416,"date":"2025-06-29T14:26:30","date_gmt":"2025-06-29T12:26:30","guid":{"rendered":"https:\/\/uj.adatbank.ro\/lexikon\/termek\/kolozsvary-jozsef-kolozsvari\/"},"modified":"2025-06-29T14:26:30","modified_gmt":"2025-06-29T12:26:30","slug":"kolozsvary-jozsef-kolozsvari","status":"publish","type":"product","link":"https:\/\/uj.adatbank.ro\/lexikon\/termek\/kolozsvary-jozsef-kolozsvari\/","title":{"rendered":"KOLOZSV\u00c1RY J\u00f3zsef, Kolozsv\u00e1ri"},"content":{"rendered":"<p>Maroscsap\u00f3, 1873. aug. 6., \u2020 ?? : ref. esperes. \u2013 Tanulm\u00e1nyait Mv.-en \u00e9s Kv.-on v\u00e9gezte, papp\u00e1 szentelt\u00e9k (1901). Berekereszt\u00faron m\u0171k\u00f6d\u00f6tt t\u00f6bb mint n\u00e9gy \u00e9vtizeden kereszt\u0171l, egyh\u00e1zmegyei sz\u00e1mvev\u0151 t\u00edz \u00e9ven \u00e1t \u00e9s esperes a bekecsalji egyh\u00e1zmegy\u00e9ben (1920-s\u00e9 \u00e9vek). A Hangya eln\u00f6ke, egyh\u00e1zmegyei sz\u00e1mvev\u0151, \u00e9s el\u0151lj\u00e1r\u00f3s\u00e1gi tagja volt a mv.-i Ref. Koll. nak. <br \/><strong>Irod.:<\/strong> EM ; Ref. egyetemes n\u00e9vt\u00e1r; Sz\u00e9kelyf\u00f6ld \u00ed. k.; Szov\u00e1ta<\/br><\/p>\n","protected":false},"excerpt":{"rendered":"<p>Maroscsap\u00f3, 1873. aug. 6., \u2020 ?? : ref. esperes. \u2013 Tanulm\u00e1nyait Mv.-en \u00e9s Kv.-on v\u00e9gezte, papp\u00e1 szentelt\u00e9k (1901). Berekereszt\u00faron m\u0171k\u00f6d\u00f6tt t\u00f6bb mint n\u00e9gy \u00e9vtizeden kereszt\u0171l, egyh\u00e1zmegyei sz\u00e1mvev\u0151 t\u00edz \u00e9ven \u00e1t \u00e9s esperes a bekecsalji egyh\u00e1zmegy\u00e9ben (1920-s\u00e9 \u00e9vek). A Hangya eln\u00f6ke, egyh\u00e1zmegyei sz\u00e1mvev\u0151, \u00e9s el\u0151lj\u00e1r\u00f3s\u00e1gi tagja volt a mv.-i Ref. Koll. nak. Irod.: EM ; Ref. [&hellip;]<\/p>\n","protected":false},"featured_media":0,"comment_status":"open","ping_status":"closed","template":"","meta":[],"product_brand":[],"product_cat":[137],"product_tag":[],"class_list":{"0":"post-12416","1":"product","2":"type-product","3":"status-publish","5":"product_cat-maros-megyei-eletrajzi-lexikon","7":"first","8":"instock","9":"shipping-taxable","10":"product-type-simple"},"_links":{"self":[{"href":"https:\/\/uj.adatbank.ro\/lexikon\/wp-json\/wp\/v2\/product\/12416","targetHints":{"allow":["GET"]}}],"collection":[{"href":"https:\/\/uj.adatbank.ro\/lexikon\/wp-json\/wp\/v2\/product"}],"about":[{"href":"https:\/\/uj.adatbank.ro\/lexikon\/wp-json\/wp\/v2\/types\/product"}],"replies":[{"embeddable":true,"href":"https:\/\/uj.adatbank.ro\/lexikon\/wp-json\/wp\/v2\/comments?post=12416"}],"wp:attachment":[{"href":"https:\/\/uj.adatbank.ro\/lexikon\/wp-json\/wp\/v2\/media?parent=12416"}],"wp:term":[{"taxonomy":"product_brand","embeddable":true,"href":"https:\/\/uj.adatbank.ro\/lexikon\/wp-json\/wp\/v2\/product_brand?post=12416"},{"taxonomy":"product_cat","embeddable":true,"href":"https:\/\/uj.adatbank.ro\/lexikon\/wp-json\/wp\/v2\/product_cat?post=12416"},{"taxonomy":"product_tag","embeddable":true,"href":"https:\/\/uj.adatbank.ro\/lexikon\/wp-json\/wp\/v2\/product_tag?post=12416"}],"curies":[{"name":"wp","href":"https:\/\/api.w.org\/{rel}","templated":true}]}}