{"id":12419,"date":"2025-06-29T14:26:35","date_gmt":"2025-06-29T12:26:35","guid":{"rendered":"https:\/\/uj.adatbank.ro\/lexikon\/termek\/kolthay-ferenc-schreiben-vitez\/"},"modified":"2025-06-29T14:26:35","modified_gmt":"2025-06-29T12:26:35","slug":"kolthay-ferenc-schreiben-vitez","status":"publish","type":"product","link":"https:\/\/uj.adatbank.ro\/lexikon\/termek\/kolthay-ferenc-schreiben-vitez\/","title":{"rendered":"KOLTHAY Ferenc, Schreiben, vit\u00e9z"},"content":{"rendered":"<p>Kom\u00e1rom, 1891. nov. 9., \u2020 V\u00e1rv\u00f6lgy, 1955. okt. 10.: alt\u00e1bornagy, v\u00e1rosparancsok. \u2013 T\u00e1bornok (1940. j\u00fal. 1. \u2013), kinevezt\u00e9k v\u00e1rosparancsnoknak \u00e9s az \u00fajonnan alakult mv.-i 27. sz\u00e9kely gyalogdand\u00e1r, majd k\u00f6nny\u0171 hadoszt\u00e1ly parancsnok\u00e1v\u00e1 (1940. nov. 15. \u2013), alt\u00e1bornaggy\u00e1 l\u00e9ptett\u00e9k el\u0151 (1942. nov. 1. \u2013), nyugd\u00edjba vonult (1943. febr. 1.). <br \/><strong>Irod.:<\/strong> Berekm\u00e9ri: mv.-i 27. hadoszt\u00e1ly; Id\u0151t\u00e1r 3.<\/br><\/p>\n","protected":false},"excerpt":{"rendered":"<p>Kom\u00e1rom, 1891. nov. 9., \u2020 V\u00e1rv\u00f6lgy, 1955. okt. 10.: alt\u00e1bornagy, v\u00e1rosparancsok. \u2013 T\u00e1bornok (1940. j\u00fal. 1. \u2013), kinevezt\u00e9k v\u00e1rosparancsnoknak \u00e9s az \u00fajonnan alakult mv.-i 27. sz\u00e9kely gyalogdand\u00e1r, majd k\u00f6nny\u0171 hadoszt\u00e1ly parancsnok\u00e1v\u00e1 (1940. nov. 15. \u2013), alt\u00e1bornaggy\u00e1 l\u00e9ptett\u00e9k el\u0151 (1942. nov. 1. \u2013), nyugd\u00edjba vonult (1943. febr. 1.). Irod.: Berekm\u00e9ri: mv.-i 27. hadoszt\u00e1ly; Id\u0151t\u00e1r 3.<\/p>\n","protected":false},"featured_media":0,"comment_status":"open","ping_status":"closed","template":"","meta":[],"product_brand":[],"product_cat":[137],"product_tag":[],"class_list":{"0":"post-12419","1":"product","2":"type-product","3":"status-publish","5":"product_cat-maros-megyei-eletrajzi-lexikon","7":"first","8":"instock","9":"shipping-taxable","10":"product-type-simple"},"_links":{"self":[{"href":"https:\/\/uj.adatbank.ro\/lexikon\/wp-json\/wp\/v2\/product\/12419","targetHints":{"allow":["GET"]}}],"collection":[{"href":"https:\/\/uj.adatbank.ro\/lexikon\/wp-json\/wp\/v2\/product"}],"about":[{"href":"https:\/\/uj.adatbank.ro\/lexikon\/wp-json\/wp\/v2\/types\/product"}],"replies":[{"embeddable":true,"href":"https:\/\/uj.adatbank.ro\/lexikon\/wp-json\/wp\/v2\/comments?post=12419"}],"wp:attachment":[{"href":"https:\/\/uj.adatbank.ro\/lexikon\/wp-json\/wp\/v2\/media?parent=12419"}],"wp:term":[{"taxonomy":"product_brand","embeddable":true,"href":"https:\/\/uj.adatbank.ro\/lexikon\/wp-json\/wp\/v2\/product_brand?post=12419"},{"taxonomy":"product_cat","embeddable":true,"href":"https:\/\/uj.adatbank.ro\/lexikon\/wp-json\/wp\/v2\/product_cat?post=12419"},{"taxonomy":"product_tag","embeddable":true,"href":"https:\/\/uj.adatbank.ro\/lexikon\/wp-json\/wp\/v2\/product_tag?post=12419"}],"curies":[{"name":"wp","href":"https:\/\/api.w.org\/{rel}","templated":true}]}}