{"id":12421,"date":"2025-06-29T14:26:40","date_gmt":"2025-06-29T12:26:40","guid":{"rendered":"https:\/\/uj.adatbank.ro\/lexikon\/termek\/kolumban-bendeguz\/"},"modified":"2025-06-29T14:26:40","modified_gmt":"2025-06-29T12:26:40","slug":"kolumban-bendeguz","status":"publish","type":"product","link":"https:\/\/uj.adatbank.ro\/lexikon\/termek\/kolumban-bendeguz\/","title":{"rendered":"KOLUMB\u00c1N Bendeg\u00faz"},"content":{"rendered":"<p>Olasztelek, 1905. m\u00e1j. 9., \u2020 Mez\u0151m\u00e9hes, 1968. okt. 5.: ref. lelk\u00e9sz. \u2013 Uzdiszentp\u00e9terben szolg\u00e1lt (1936\u201342). Kezdem\u00e9nyez\u0151je \u00e9s kiviteleztet\u0151je volt a faluban lev\u0151 h\u0151s\u00f6k eml\u00e9km\u0171v\u00e9nek. A ref. templom (1861-ben \u00e9p\u00fclt) nagy harangot kapott (1937. m\u00e1j.). Letart\u00f3ztar\u00e1sakor (1959. j\u00fan.) Kissolymoson volt lelk\u00e9sz. A kv.-i Katonai B\u00edr\u00f3s\u00e1g l\u00e1z\u00edt\u00e1s v\u00e1dj\u00e1val 5 \u00e9vre \u00edt\u00e9lte. Szamos\u00fajv\u00e1ron, majd a Duna-delt\u00e1ban, Periprav\u00e1n k\u00e9lnyszermunkat\u00e1borban volt. Kiszabadul\u00e1sa ut\u00e1n Mez\u0151m\u00e9hesen volt lelk\u00e9sz. \u2013 Irod: 1956 Erd\u00e9lyben; P\u00e1l-Antal 2013; S\u00e2npetru de C\u00e2mpie<\/br><\/p>\n","protected":false},"excerpt":{"rendered":"<p>Olasztelek, 1905. m\u00e1j. 9., \u2020 Mez\u0151m\u00e9hes, 1968. okt. 5.: ref. lelk\u00e9sz. \u2013 Uzdiszentp\u00e9terben szolg\u00e1lt (1936\u201342). Kezdem\u00e9nyez\u0151je \u00e9s kiviteleztet\u0151je volt a faluban lev\u0151 h\u0151s\u00f6k eml\u00e9km\u0171v\u00e9nek. A ref. templom (1861-ben \u00e9p\u00fclt) nagy harangot kapott (1937. m\u00e1j.). Letart\u00f3ztar\u00e1sakor (1959. j\u00fan.) Kissolymoson volt lelk\u00e9sz. A kv.-i Katonai B\u00edr\u00f3s\u00e1g l\u00e1z\u00edt\u00e1s v\u00e1dj\u00e1val 5 \u00e9vre \u00edt\u00e9lte. Szamos\u00fajv\u00e1ron, majd a Duna-delt\u00e1ban, Periprav\u00e1n k\u00e9lnyszermunkat\u00e1borban [&hellip;]<\/p>\n","protected":false},"featured_media":0,"comment_status":"open","ping_status":"closed","template":"","meta":[],"product_brand":[],"product_cat":[137],"product_tag":[],"class_list":{"0":"post-12421","1":"product","2":"type-product","3":"status-publish","5":"product_cat-maros-megyei-eletrajzi-lexikon","7":"first","8":"instock","9":"shipping-taxable","10":"product-type-simple"},"_links":{"self":[{"href":"https:\/\/uj.adatbank.ro\/lexikon\/wp-json\/wp\/v2\/product\/12421","targetHints":{"allow":["GET"]}}],"collection":[{"href":"https:\/\/uj.adatbank.ro\/lexikon\/wp-json\/wp\/v2\/product"}],"about":[{"href":"https:\/\/uj.adatbank.ro\/lexikon\/wp-json\/wp\/v2\/types\/product"}],"replies":[{"embeddable":true,"href":"https:\/\/uj.adatbank.ro\/lexikon\/wp-json\/wp\/v2\/comments?post=12421"}],"wp:attachment":[{"href":"https:\/\/uj.adatbank.ro\/lexikon\/wp-json\/wp\/v2\/media?parent=12421"}],"wp:term":[{"taxonomy":"product_brand","embeddable":true,"href":"https:\/\/uj.adatbank.ro\/lexikon\/wp-json\/wp\/v2\/product_brand?post=12421"},{"taxonomy":"product_cat","embeddable":true,"href":"https:\/\/uj.adatbank.ro\/lexikon\/wp-json\/wp\/v2\/product_cat?post=12421"},{"taxonomy":"product_tag","embeddable":true,"href":"https:\/\/uj.adatbank.ro\/lexikon\/wp-json\/wp\/v2\/product_tag?post=12421"}],"curies":[{"name":"wp","href":"https:\/\/api.w.org\/{rel}","templated":true}]}}