{"id":12423,"date":"2025-06-29T14:26:43","date_gmt":"2025-06-29T12:26:43","guid":{"rendered":"https:\/\/uj.adatbank.ro\/lexikon\/termek\/kolumban-margit-kolumban-palne-valics-margit\/"},"modified":"2025-06-29T14:26:43","modified_gmt":"2025-06-29T12:26:43","slug":"kolumban-margit-kolumban-palne-valics-margit","status":"publish","type":"product","link":"https:\/\/uj.adatbank.ro\/lexikon\/termek\/kolumban-margit-kolumban-palne-valics-margit\/","title":{"rendered":"KOLUMB\u00c1N Margit; Kolumb\u00e1n P\u00e1ln\u00e9; V\u00e1lics Margit"},"content":{"rendered":"<p>Maros\u00fajv\u00e1r, 1932. okt. t12., \u2020 Mv., 1994. aug. 23.: orvos, balneo-reumatologus. \u2013 \u00c9retts\u00e9gizett Mv.-en az \u00c1llami Le\u00e1nygimn.-ban (1952); orvosi oklevelet szerzett a MOGYI. -n (1959). Balav\u00e1s\u00e1ron k\u00f6rorvos (1959\u201362); a mv.-i Balneofizioterapiai Klinik\u00e1n alorvos (1962\u201365), szakorvos (1965\u201392). Nyugd\u00edjask\u00e9nt m\u00e9g Nagy Ir\u00e9n dr. -n\u0151vel dolgozott Marosszentgy\u00f6rgyon a fizik\u00f3ter\u00e1pi\u00e1s rendel\u0151ben. Az OTT tagja (1962\u2013); az E\u00fc. Munka Kit\u0171ntet\u00e9s (1978). \u2013 Cikke : Az Orvostudom\u00e1nyi Kut. K\u00f6zp. Tud. \u00dcl\u00e9sszak (1959\u201390), VIII. Latin Reumatologiai Kongr. (Buk., 1988). <br \/><strong>Irod.:<\/strong> Bodolai Gy\u00f6ngyi: \u201ePicasso l\u00e1nya\u201d (N\u00fa., 1992. aug. 25); Kiss-P. &#8211; P; K. M. B\u00facs\u00fa (N\u00fa., 1992. aug. 18.); KKACs; [Nekrol\u00f3g] (N\u00fa., 1994. aug. 24.); Nemes Gereldina: Hivat\u00e1s\u00e9rzet (V. Z., 1983. jan. 19.); Nagy L; Orvostudom\u00e1nyi \u00c9rtes\u00edt\u0151 64. k\u00f6t. (1991)<\/br><\/p>\n","protected":false},"excerpt":{"rendered":"<p>Maros\u00fajv\u00e1r, 1932. okt. t12., \u2020 Mv., 1994. aug. 23.: orvos, balneo-reumatologus. \u2013 \u00c9retts\u00e9gizett Mv.-en az \u00c1llami Le\u00e1nygimn.-ban (1952); orvosi oklevelet szerzett a MOGYI. -n (1959). Balav\u00e1s\u00e1ron k\u00f6rorvos (1959\u201362); a mv.-i Balneofizioterapiai Klinik\u00e1n alorvos (1962\u201365), szakorvos (1965\u201392). Nyugd\u00edjask\u00e9nt m\u00e9g Nagy Ir\u00e9n dr. -n\u0151vel dolgozott Marosszentgy\u00f6rgyon a fizik\u00f3ter\u00e1pi\u00e1s rendel\u0151ben. Az OTT tagja (1962\u2013); az E\u00fc. Munka Kit\u0171ntet\u00e9s [&hellip;]<\/p>\n","protected":false},"featured_media":0,"comment_status":"open","ping_status":"closed","template":"","meta":[],"product_brand":[],"product_cat":[137],"product_tag":[],"class_list":{"0":"post-12423","1":"product","2":"type-product","3":"status-publish","5":"product_cat-maros-megyei-eletrajzi-lexikon","7":"first","8":"instock","9":"shipping-taxable","10":"product-type-simple"},"_links":{"self":[{"href":"https:\/\/uj.adatbank.ro\/lexikon\/wp-json\/wp\/v2\/product\/12423","targetHints":{"allow":["GET"]}}],"collection":[{"href":"https:\/\/uj.adatbank.ro\/lexikon\/wp-json\/wp\/v2\/product"}],"about":[{"href":"https:\/\/uj.adatbank.ro\/lexikon\/wp-json\/wp\/v2\/types\/product"}],"replies":[{"embeddable":true,"href":"https:\/\/uj.adatbank.ro\/lexikon\/wp-json\/wp\/v2\/comments?post=12423"}],"wp:attachment":[{"href":"https:\/\/uj.adatbank.ro\/lexikon\/wp-json\/wp\/v2\/media?parent=12423"}],"wp:term":[{"taxonomy":"product_brand","embeddable":true,"href":"https:\/\/uj.adatbank.ro\/lexikon\/wp-json\/wp\/v2\/product_brand?post=12423"},{"taxonomy":"product_cat","embeddable":true,"href":"https:\/\/uj.adatbank.ro\/lexikon\/wp-json\/wp\/v2\/product_cat?post=12423"},{"taxonomy":"product_tag","embeddable":true,"href":"https:\/\/uj.adatbank.ro\/lexikon\/wp-json\/wp\/v2\/product_tag?post=12423"}],"curies":[{"name":"wp","href":"https:\/\/api.w.org\/{rel}","templated":true}]}}