{"id":12425,"date":"2025-06-29T14:26:48","date_gmt":"2025-06-29T12:26:48","guid":{"rendered":"https:\/\/uj.adatbank.ro\/lexikon\/termek\/kolumban-pal-dr\/"},"modified":"2025-06-29T14:26:48","modified_gmt":"2025-06-29T12:26:48","slug":"kolumban-pal-dr","status":"publish","type":"product","link":"https:\/\/uj.adatbank.ro\/lexikon\/termek\/kolumban-pal-dr\/","title":{"rendered":"KOLUMB\u00c1N P\u00e1l, dr."},"content":{"rendered":"<p>Mv., 1935. okt. 22., \u2020 Szov\u00e1ta, 2015. orvos. \u2013 Dr. K. M\u00f3zes katonaorvos \u00e9s Erzs\u00e9bet tan\u00e1rn\u0151 fia. Feles\u00e9ge, V\u00e1lics Margit (Manyika), orvos (\u2020 Mv., 1993. aug. 23.). \u2013 Az elemi iskol\u00e1t Olasztelk\u00e9n kezdte \u00e9s Szov\u00e1t\u00e1n v\u00e9gezte. Kv.-on volt k\u00f6z\u00e9piskol\u00e1s \u00e9s Mv.-en az orvosi egyetemet orsz\u00e1gosan els\u0151nek v\u00e9gezte piros diplom\u00e1val (1959). A tov\u00e1bbiakban is minden vizsg\u00e1t az intern, alorvosi, f\u0151orvosit els\u0151k\u00e9nt v\u00e9gezte. Bentlak\u00f3 orvos az egyetemen (1958\u20131960), a V\u00e9rtranszf\u00fazi\u00f3s k\u00f6zpont alorvosa (1961), szakorvos (1962), f\u0151orvos (1991), \u00e9s nyugd\u00edjaz\u00e1s\u00e1ig igazgat\u00f3 f\u0151orvos (1992\u20132002). Az Eg\u00e9szs\u00e9g\u00fcgyi Miniszt\u00e9rium V\u00e9rtranszf\u00fazi\u00f3s Bizotts\u00e1g\u00e1nak eln\u00f6ke (1998\u20132001). \u2013 <strong>F. m.:<\/strong> Granul\u00e1lt tesztsav\u00f3k el\u0151\u00e1ll\u00edt\u00e1si m\u00f3dszere (1963). Hazai \u00e9s k\u00fclf\u00f6ldi tudom\u00e1nyos szaklapokban k\u00f6z\u00f6lte a t\u00f6bb mint sz\u00e1z tudom\u00e1nyos dolgozat\u00e1t. Megszerezte az orvostudom\u00e1nyok doktora c\u00edmet \u00e9s orvosi eredm\u00e9nyei\u00e9rt t\u00f6bb kit\u00fcntet\u00e9st kapott (1969, 1988), V\u00f6r\u00f6skereszt-elismer\u00e9st (1969, 1979), P\u00e1rizs (1990, 2001), Bp. (1992, 2000), D\u00fcsseldorf (1994), Debrecen (1995), Z\u00fcrich, Graz, Grenoble (1996), B\u00e9cs (1996, 2000), Frankfurt a. Main, Sz\u00f3fia, Oslo, Marseille (1998), Jeruzs\u00e1lem, Balatonf\u00fcred (1999), Lakitelek (2002). Hazai \u00e9s k\u00fclf\u00f6ldi tudom\u00e1nyos Transzf\u00fazi\u00f3s T\u00e1rsas\u00e1gok tagja, az Unit\u00e1rkoop Alap\u00edtv\u00e1ny tiszteletbeli tagja; a V\u00e9rtranszf\u00fazi\u00f3s bizotts\u00e1g\u00e1nak eln\u00f6ke (1998\u20132000). A Rom\u00e1n V\u00e9rtranszf\u00fazi\u00f3s T\u00e1rsas\u00e1g alap\u00edt\u00f3 tagja (1995), a Magyar Eg\u00e9szs\u00e9g\u00fcgyi T\u00e1rsas\u00e1g, a Rom\u00e1n V\u00f6r\u00f6skereszt, az AIDS-ellenes bizotts\u00e1g, az EME orvostud. Szakoszt\u00e1ly \u00e9s a Rom. Orvosi Koll. Transzf\u00fazi\u00f3s Hematol\u00f3giai T\u00e1rs. -nak tagja. <br \/><strong>Irod.:<\/strong> EMKK 2010; Kelemen; Kiss-P. &#8211; P; Kiss Cs. M 4.; Nagy L.<\/br><\/p>\n","protected":false},"excerpt":{"rendered":"<p>Mv., 1935. okt. 22., \u2020 Szov\u00e1ta, 2015. orvos. \u2013 Dr. K. M\u00f3zes katonaorvos \u00e9s Erzs\u00e9bet tan\u00e1rn\u0151 fia. Feles\u00e9ge, V\u00e1lics Margit (Manyika), orvos (\u2020 Mv., 1993. aug. 23.). \u2013 Az elemi iskol\u00e1t Olasztelk\u00e9n kezdte \u00e9s Szov\u00e1t\u00e1n v\u00e9gezte. Kv.-on volt k\u00f6z\u00e9piskol\u00e1s \u00e9s Mv.-en az orvosi egyetemet orsz\u00e1gosan els\u0151nek v\u00e9gezte piros diplom\u00e1val (1959). A tov\u00e1bbiakban is minden vizsg\u00e1t [&hellip;]<\/p>\n","protected":false},"featured_media":0,"comment_status":"open","ping_status":"closed","template":"","meta":[],"product_brand":[],"product_cat":[137],"product_tag":[],"class_list":{"0":"post-12425","1":"product","2":"type-product","3":"status-publish","5":"product_cat-maros-megyei-eletrajzi-lexikon","7":"first","8":"instock","9":"shipping-taxable","10":"product-type-simple"},"_links":{"self":[{"href":"https:\/\/uj.adatbank.ro\/lexikon\/wp-json\/wp\/v2\/product\/12425","targetHints":{"allow":["GET"]}}],"collection":[{"href":"https:\/\/uj.adatbank.ro\/lexikon\/wp-json\/wp\/v2\/product"}],"about":[{"href":"https:\/\/uj.adatbank.ro\/lexikon\/wp-json\/wp\/v2\/types\/product"}],"replies":[{"embeddable":true,"href":"https:\/\/uj.adatbank.ro\/lexikon\/wp-json\/wp\/v2\/comments?post=12425"}],"wp:attachment":[{"href":"https:\/\/uj.adatbank.ro\/lexikon\/wp-json\/wp\/v2\/media?parent=12425"}],"wp:term":[{"taxonomy":"product_brand","embeddable":true,"href":"https:\/\/uj.adatbank.ro\/lexikon\/wp-json\/wp\/v2\/product_brand?post=12425"},{"taxonomy":"product_cat","embeddable":true,"href":"https:\/\/uj.adatbank.ro\/lexikon\/wp-json\/wp\/v2\/product_cat?post=12425"},{"taxonomy":"product_tag","embeddable":true,"href":"https:\/\/uj.adatbank.ro\/lexikon\/wp-json\/wp\/v2\/product_tag?post=12425"}],"curies":[{"name":"wp","href":"https:\/\/api.w.org\/{rel}","templated":true}]}}