{"id":12427,"date":"2025-06-29T14:26:54","date_gmt":"2025-06-29T12:26:54","guid":{"rendered":"https:\/\/uj.adatbank.ro\/lexikon\/termek\/kolumban-valics-margit\/"},"modified":"2025-06-29T14:26:54","modified_gmt":"2025-06-29T12:26:54","slug":"kolumban-valics-margit","status":"publish","type":"product","link":"https:\/\/uj.adatbank.ro\/lexikon\/termek\/kolumban-valics-margit\/","title":{"rendered":"KOLUMB\u00c1N VALICS Margit"},"content":{"rendered":"<p>Maros\u00fajv\u00e1r, 1932., \u2020 Mv., 1994.: szakorvos. \u2013 Mv.-en az eg\u00e9szs\u00e9g\u00fcgyi l\u00edc.-ban \u00e9retts\u00e9gizett, az OGYI orvosi kar\u00e1n v\u00e9gzett (1959). \u00d6sszeh\u00e1zasodott Kolumb\u00e1n. P\u00e1l \u00e9vfolyamt\u00e1rs\u00e1val. Balav\u00e1s\u00e1ron k\u00f6rzeti orvos (1959\u20131962) \u00e9s versenyvizsg\u00e1zott balneol\u00f3gi\u00e1ra. Tov\u00e1bbk\u00e9pz\u00e9s\u00e9t a kv.-i egyetemi klinik\u00e1n folytatta. A szakvizsga ut\u00e1n ker\u00fclt a mv.-i Fizioter\u00e1pi\u00e1ra mint szakorvos. <br \/><strong>Irod.:<\/strong> Kiss-P. &#8211; P; Kiss Cs. M 4.<\/br><\/p>\n","protected":false},"excerpt":{"rendered":"<p>Maros\u00fajv\u00e1r, 1932., \u2020 Mv., 1994.: szakorvos. \u2013 Mv.-en az eg\u00e9szs\u00e9g\u00fcgyi l\u00edc.-ban \u00e9retts\u00e9gizett, az OGYI orvosi kar\u00e1n v\u00e9gzett (1959). \u00d6sszeh\u00e1zasodott Kolumb\u00e1n. P\u00e1l \u00e9vfolyamt\u00e1rs\u00e1val. Balav\u00e1s\u00e1ron k\u00f6rzeti orvos (1959\u20131962) \u00e9s versenyvizsg\u00e1zott balneol\u00f3gi\u00e1ra. Tov\u00e1bbk\u00e9pz\u00e9s\u00e9t a kv.-i egyetemi klinik\u00e1n folytatta. A szakvizsga ut\u00e1n ker\u00fclt a mv.-i Fizioter\u00e1pi\u00e1ra mint szakorvos. Irod.: Kiss-P. &#8211; P; Kiss Cs. M 4.<\/p>\n","protected":false},"featured_media":0,"comment_status":"open","ping_status":"closed","template":"","meta":[],"product_brand":[],"product_cat":[137],"product_tag":[],"class_list":{"0":"post-12427","1":"product","2":"type-product","3":"status-publish","5":"product_cat-maros-megyei-eletrajzi-lexikon","7":"first","8":"instock","9":"shipping-taxable","10":"product-type-simple"},"_links":{"self":[{"href":"https:\/\/uj.adatbank.ro\/lexikon\/wp-json\/wp\/v2\/product\/12427","targetHints":{"allow":["GET"]}}],"collection":[{"href":"https:\/\/uj.adatbank.ro\/lexikon\/wp-json\/wp\/v2\/product"}],"about":[{"href":"https:\/\/uj.adatbank.ro\/lexikon\/wp-json\/wp\/v2\/types\/product"}],"replies":[{"embeddable":true,"href":"https:\/\/uj.adatbank.ro\/lexikon\/wp-json\/wp\/v2\/comments?post=12427"}],"wp:attachment":[{"href":"https:\/\/uj.adatbank.ro\/lexikon\/wp-json\/wp\/v2\/media?parent=12427"}],"wp:term":[{"taxonomy":"product_brand","embeddable":true,"href":"https:\/\/uj.adatbank.ro\/lexikon\/wp-json\/wp\/v2\/product_brand?post=12427"},{"taxonomy":"product_cat","embeddable":true,"href":"https:\/\/uj.adatbank.ro\/lexikon\/wp-json\/wp\/v2\/product_cat?post=12427"},{"taxonomy":"product_tag","embeddable":true,"href":"https:\/\/uj.adatbank.ro\/lexikon\/wp-json\/wp\/v2\/product_tag?post=12427"}],"curies":[{"name":"wp","href":"https:\/\/api.w.org\/{rel}","templated":true}]}}