{"id":12428,"date":"2025-06-29T14:26:56","date_gmt":"2025-06-29T12:26:56","guid":{"rendered":"https:\/\/uj.adatbank.ro\/lexikon\/termek\/komaromi-istvan\/"},"modified":"2025-06-29T14:26:56","modified_gmt":"2025-06-29T12:26:56","slug":"komaromi-istvan","status":"publish","type":"product","link":"https:\/\/uj.adatbank.ro\/lexikon\/termek\/komaromi-istvan\/","title":{"rendered":"KOM\u00c1ROMI Istv\u00e1n"},"content":{"rendered":"<p>? \u2020 ? : tan\u00e1r. \u2013 A Bethlen G\u00e1bor-f\u00e9le \u00f6ssze\u00edr\u00e1sban (1614) f\u0151emberk\u00e9nt szerepel Ny\u00e1r\u00e1dszentbenedeken. Mv.-en h\u00e1rom \u00e9vig viselt \u201esenior officiumot\u201d \u00e9s innen indult Teleki S\u00e1ndor t\u00e1mogat\u00e1s\u00e1val a Frizf\u00f6ldre, Franekerbe tanulni (1618). <br \/><strong>Irod.:<\/strong> Ny\u00e1r\u00e1dszentbenedek; R\u00f3zsa M\u00e1ria: Iskolamestereink Franekerben (N\u00fa., 1991. febr. 22.)<\/br><\/p>\n","protected":false},"excerpt":{"rendered":"<p>? \u2020 ? : tan\u00e1r. \u2013 A Bethlen G\u00e1bor-f\u00e9le \u00f6ssze\u00edr\u00e1sban (1614) f\u0151emberk\u00e9nt szerepel Ny\u00e1r\u00e1dszentbenedeken. Mv.-en h\u00e1rom \u00e9vig viselt \u201esenior officiumot\u201d \u00e9s innen indult Teleki S\u00e1ndor t\u00e1mogat\u00e1s\u00e1val a Frizf\u00f6ldre, Franekerbe tanulni (1618). Irod.: Ny\u00e1r\u00e1dszentbenedek; R\u00f3zsa M\u00e1ria: Iskolamestereink Franekerben (N\u00fa., 1991. febr. 22.)<\/p>\n","protected":false},"featured_media":0,"comment_status":"open","ping_status":"closed","template":"","meta":[],"product_brand":[],"product_cat":[137],"product_tag":[],"class_list":{"0":"post-12428","1":"product","2":"type-product","3":"status-publish","5":"product_cat-maros-megyei-eletrajzi-lexikon","7":"first","8":"instock","9":"shipping-taxable","10":"product-type-simple"},"_links":{"self":[{"href":"https:\/\/uj.adatbank.ro\/lexikon\/wp-json\/wp\/v2\/product\/12428","targetHints":{"allow":["GET"]}}],"collection":[{"href":"https:\/\/uj.adatbank.ro\/lexikon\/wp-json\/wp\/v2\/product"}],"about":[{"href":"https:\/\/uj.adatbank.ro\/lexikon\/wp-json\/wp\/v2\/types\/product"}],"replies":[{"embeddable":true,"href":"https:\/\/uj.adatbank.ro\/lexikon\/wp-json\/wp\/v2\/comments?post=12428"}],"wp:attachment":[{"href":"https:\/\/uj.adatbank.ro\/lexikon\/wp-json\/wp\/v2\/media?parent=12428"}],"wp:term":[{"taxonomy":"product_brand","embeddable":true,"href":"https:\/\/uj.adatbank.ro\/lexikon\/wp-json\/wp\/v2\/product_brand?post=12428"},{"taxonomy":"product_cat","embeddable":true,"href":"https:\/\/uj.adatbank.ro\/lexikon\/wp-json\/wp\/v2\/product_cat?post=12428"},{"taxonomy":"product_tag","embeddable":true,"href":"https:\/\/uj.adatbank.ro\/lexikon\/wp-json\/wp\/v2\/product_tag?post=12428"}],"curies":[{"name":"wp","href":"https:\/\/api.w.org\/{rel}","templated":true}]}}