{"id":12429,"date":"2025-06-29T14:26:57","date_gmt":"2025-06-29T12:26:57","guid":{"rendered":"https:\/\/uj.adatbank.ro\/lexikon\/termek\/komaromi-istvan-janos-misi-szerint\/"},"modified":"2025-06-29T14:26:57","modified_gmt":"2025-06-29T12:26:57","slug":"komaromi-istvan-janos-misi-szerint","status":"publish","type":"product","link":"https:\/\/uj.adatbank.ro\/lexikon\/termek\/komaromi-istvan-janos-misi-szerint\/","title":{"rendered":"KOM\u00c1ROMI Istv\u00e1n, J\u00e1nos Misi szerint"},"content":{"rendered":"<p>? \u2020 ? : senior. \u2013 Seniork\u00e9nt ker\u00fclt Mv. -re a koll. -ba. A gyulafeh\u00e9rv\u00e1ri koll. seniorja, lev\u00e9llell j\u00f6tt Mv. -re (1717), hogy befogad\u00e1st k\u00e9rjen a koll. sz\u00e1m\u00e1ra, el\u0151z\u0151leg \u0151k, fogadt\u00e1k be a S\u00e1rospatakr\u00f3l ki\u0171z\u00f6tt koll.-ot. Mv. \u2013t alkalmasnak tal\u00e1lta a sz\u00e1m\u0171z\u00f6tt iskola befogad\u00e1s\u00e1ra. H\u00edrad\u00e1sa nyom\u00e1n az iskola v\u00e1rosunkba k\u00f6lt\u00f6z\u00f6tt k\u00e9t professzor \u00e9s 50 di\u00e1kkal (1718). Mv.-en h\u00e1rom \u00e9vig viselt \u201esenior officiumot\u201d \u00e9s innen indult Teleki S\u00e1ndor t\u00e1mogat\u00e1s\u00e1val a Frizf\u00f6ldre, Franekerbe tanulni (1618). \u2013 <strong>F. m.:<\/strong> Dissertatio theologica de transfiguratione satanae angelum lucis\u2026 eruditorum examini submittit (Francfurti ad Viadrum, 174\u00f6); Dissertatio theologica prima, de festo tabernaculorum: quam\u2026 praeside Do. Campegio Vitringa, filio\u2026publice disputandam proponit. (Franequerae, 172\u00f6); <br \/><strong>Irod.:<\/strong> Id\u0151t\u00e1r 1; RMK III\/18. sz.; R\u00f3zsa M\u00e1ria: Iskolamestereink Franekerben (N\u00fa. 1991. febr. 22.)<\/br><\/p>\n","protected":false},"excerpt":{"rendered":"<p>? \u2020 ? : senior. \u2013 Seniork\u00e9nt ker\u00fclt Mv. -re a koll. -ba. A gyulafeh\u00e9rv\u00e1ri koll. seniorja, lev\u00e9llell j\u00f6tt Mv. -re (1717), hogy befogad\u00e1st k\u00e9rjen a koll. sz\u00e1m\u00e1ra, el\u0151z\u0151leg \u0151k, fogadt\u00e1k be a S\u00e1rospatakr\u00f3l ki\u0171z\u00f6tt koll.-ot. Mv. \u2013t alkalmasnak tal\u00e1lta a sz\u00e1m\u0171z\u00f6tt iskola befogad\u00e1s\u00e1ra. H\u00edrad\u00e1sa nyom\u00e1n az iskola v\u00e1rosunkba k\u00f6lt\u00f6z\u00f6tt k\u00e9t professzor \u00e9s 50 di\u00e1kkal [&hellip;]<\/p>\n","protected":false},"featured_media":0,"comment_status":"open","ping_status":"closed","template":"","meta":[],"product_brand":[],"product_cat":[137],"product_tag":[],"class_list":{"0":"post-12429","1":"product","2":"type-product","3":"status-publish","5":"product_cat-maros-megyei-eletrajzi-lexikon","7":"first","8":"instock","9":"shipping-taxable","10":"product-type-simple"},"_links":{"self":[{"href":"https:\/\/uj.adatbank.ro\/lexikon\/wp-json\/wp\/v2\/product\/12429","targetHints":{"allow":["GET"]}}],"collection":[{"href":"https:\/\/uj.adatbank.ro\/lexikon\/wp-json\/wp\/v2\/product"}],"about":[{"href":"https:\/\/uj.adatbank.ro\/lexikon\/wp-json\/wp\/v2\/types\/product"}],"replies":[{"embeddable":true,"href":"https:\/\/uj.adatbank.ro\/lexikon\/wp-json\/wp\/v2\/comments?post=12429"}],"wp:attachment":[{"href":"https:\/\/uj.adatbank.ro\/lexikon\/wp-json\/wp\/v2\/media?parent=12429"}],"wp:term":[{"taxonomy":"product_brand","embeddable":true,"href":"https:\/\/uj.adatbank.ro\/lexikon\/wp-json\/wp\/v2\/product_brand?post=12429"},{"taxonomy":"product_cat","embeddable":true,"href":"https:\/\/uj.adatbank.ro\/lexikon\/wp-json\/wp\/v2\/product_cat?post=12429"},{"taxonomy":"product_tag","embeddable":true,"href":"https:\/\/uj.adatbank.ro\/lexikon\/wp-json\/wp\/v2\/product_tag?post=12429"}],"curies":[{"name":"wp","href":"https:\/\/api.w.org\/{rel}","templated":true}]}}