{"id":12430,"date":"2025-06-29T14:26:58","date_gmt":"2025-06-29T12:26:58","guid":{"rendered":"https:\/\/uj.adatbank.ro\/lexikon\/termek\/komaromi-janos-belenyesi-szantai\/"},"modified":"2025-06-29T14:26:58","modified_gmt":"2025-06-29T12:26:58","slug":"komaromi-janos-belenyesi-szantai","status":"publish","type":"product","link":"https:\/\/uj.adatbank.ro\/lexikon\/termek\/komaromi-janos-belenyesi-szantai\/","title":{"rendered":"KOM\u00c1ROMI J\u00e1nos, bel\u00e9nyesi, sz\u00e1ntai"},"content":{"rendered":"<p>? \u2020 Csefalva (S\u00e1ros), Cselfalva 1711.: fejedelmi \u00edr\u00f3de\u00e1k, napl\u00f3\u00edr\u00f3. \u2013 Teleki Mih\u00e1ly majd Th\u00f6k\u00f6ly Imre titk\u00e1ra. Aba\u00fajsz\u00e1nt\u00f3i sz\u00e1rmaz\u00e1s\u00fa ref. kisnemes. A s\u00e1rospataki iskol\u00e1ban tanult. I. Apaffy Mih\u00e1ly szolg\u00e1lat\u00e1ba \u00e1llt (1684\u2013); erd\u00e9lyi honoss\u00e1got \u00e9s Borbereken adom\u00e1nyos birtoklevelet kapott (1687). Teleki Mih\u00e1ly titk\u00e1ra lett. R\u00e9sz vett a zernyesti csat\u00e1ban (1690), ahol ura Teleki Mih\u00e1ly elesett, s Th\u00f6k\u00f6ly rendelet\u00e9re holttest\u00e9t \u0151 vitte G\u00f6rg\u00e9nybe feles\u00e9g\u00e9hez; Th\u00f6k\u00f6ly titk\u00e1ra lett majd megosztotta vele a b\u00fajdos\u00e1st is Belgr\u00e1dba, Konstantin\u00e1polyba, Nikod\u00e9mi\u00e1ba k\u00f6vette; gondoskodott Zrinyi Ilona majd Th\u00f6k\u00f6ly temet\u00e9s\u00e9r\u0151l. Hazat\u00e9rt Magyaro.-ra (1705) Csefalv\u00e1n t\u00f6lt\u00f6tte h\u00e1tralev\u0151 \u00e9veit. Di\u00e1rium\u00e1ban melynek sz\u00e1mos k\u00e9zirata ismert, r\u00f6gz\u00edtette az esem\u00e9nyeket (1697\u20131705) \u2013 <strong>F. m.:<\/strong> Magyarorsz\u00e1gi \u00e9s erd\u00e9lyi bujdos\u00f3 fejedelem K\u00e9sm\u00e1rki Th\u00f6k\u00f6ly Imre secretarius\u00e1nak Kom\u00e1romi J\u00e1nosnak t\u00f6r\u00f6korsz\u00e1gi diu\u00e1riumja s experienti\u00e1ja (Pest, 1861); <strong>ford.:<\/strong> Drexel Jeremias: Heliotropium (M\u00fcnchen, 1627) a ford. k\u00e9zirata elveszett. <br \/><strong>Irod.:<\/strong> Erd\u00e9lyi f\u00e9niks; MAM\u0170L; Sz\u00e1deczky Kardos Lajos : Konstantin\u00e1poly \u00e9s magyar eml\u00e9kei (Bp., 1903); Szamota Istv\u00e1n: R\u00e9gi magyar utaz\u00f3k Eur\u00f3p\u00e1ban (Nagybecskerek, 1892); Szinnye, Szinnyei J.; Teleki Mih\u00e1ly udvartart\u00e1si napl\u00f3ja (1673\u20131681) (Kv., 2007); Toldy<\/br><\/p>\n","protected":false},"excerpt":{"rendered":"<p>? \u2020 Csefalva (S\u00e1ros), Cselfalva 1711.: fejedelmi \u00edr\u00f3de\u00e1k, napl\u00f3\u00edr\u00f3. \u2013 Teleki Mih\u00e1ly majd Th\u00f6k\u00f6ly Imre titk\u00e1ra. Aba\u00fajsz\u00e1nt\u00f3i sz\u00e1rmaz\u00e1s\u00fa ref. kisnemes. A s\u00e1rospataki iskol\u00e1ban tanult. I. Apaffy Mih\u00e1ly szolg\u00e1lat\u00e1ba \u00e1llt (1684\u2013); erd\u00e9lyi honoss\u00e1got \u00e9s Borbereken adom\u00e1nyos birtoklevelet kapott (1687). Teleki Mih\u00e1ly titk\u00e1ra lett. R\u00e9sz vett a zernyesti csat\u00e1ban (1690), ahol ura Teleki Mih\u00e1ly elesett, s Th\u00f6k\u00f6ly [&hellip;]<\/p>\n","protected":false},"featured_media":0,"comment_status":"open","ping_status":"closed","template":"","meta":[],"product_brand":[],"product_cat":[137],"product_tag":[],"class_list":{"0":"post-12430","1":"product","2":"type-product","3":"status-publish","5":"product_cat-maros-megyei-eletrajzi-lexikon","7":"first","8":"instock","9":"shipping-taxable","10":"product-type-simple"},"_links":{"self":[{"href":"https:\/\/uj.adatbank.ro\/lexikon\/wp-json\/wp\/v2\/product\/12430","targetHints":{"allow":["GET"]}}],"collection":[{"href":"https:\/\/uj.adatbank.ro\/lexikon\/wp-json\/wp\/v2\/product"}],"about":[{"href":"https:\/\/uj.adatbank.ro\/lexikon\/wp-json\/wp\/v2\/types\/product"}],"replies":[{"embeddable":true,"href":"https:\/\/uj.adatbank.ro\/lexikon\/wp-json\/wp\/v2\/comments?post=12430"}],"wp:attachment":[{"href":"https:\/\/uj.adatbank.ro\/lexikon\/wp-json\/wp\/v2\/media?parent=12430"}],"wp:term":[{"taxonomy":"product_brand","embeddable":true,"href":"https:\/\/uj.adatbank.ro\/lexikon\/wp-json\/wp\/v2\/product_brand?post=12430"},{"taxonomy":"product_cat","embeddable":true,"href":"https:\/\/uj.adatbank.ro\/lexikon\/wp-json\/wp\/v2\/product_cat?post=12430"},{"taxonomy":"product_tag","embeddable":true,"href":"https:\/\/uj.adatbank.ro\/lexikon\/wp-json\/wp\/v2\/product_tag?post=12430"}],"curies":[{"name":"wp","href":"https:\/\/api.w.org\/{rel}","templated":true}]}}