{"id":12432,"date":"2025-06-29T14:27:02","date_gmt":"2025-06-29T12:27:02","guid":{"rendered":"https:\/\/uj.adatbank.ro\/lexikon\/termek\/komaromy-andor-koji\/"},"modified":"2025-06-29T14:27:02","modified_gmt":"2025-06-29T12:27:02","slug":"komaromy-andor-koji","status":"publish","type":"product","link":"https:\/\/uj.adatbank.ro\/lexikon\/termek\/komaromy-andor-koji\/","title":{"rendered":"KOM\u00c1ROMY Andor, koji"},"content":{"rendered":"<p>Kv., 1841. j\u00fal. 8., \u2020 ?: tanfel\u00fcgyel\u0151. \u2013 Vall\u00e1s- \u00e9s k\u00f6zoktat\u00e1s\u00fcgyi tiszteletbeli fogalmaz\u00f3v\u00e1 nevezt\u00e9k ki (1880), \u00e9s H\u00e1romsz\u00e9kmegye kir. tanker\u00fclet vezet\u0151je lett; \u00e1thelyezt\u00e9k Ugocs\u00e1ra (1886), majd Beregv\u00e1rmegyei tanfel\u00fcgyel\u0151 lett (1888\u2013); Mv. -re k\u00f6lt\u00f6z\u00f6tt nyugalomba vonul\u00e1sa u\u00e1n (1891\u2013). Hivatalos foglalkoz\u00e1s\u00e1n k\u00edv\u0171l a magyaro.-i biszonyk\u00e1nperekre vonatkoz\u00f3 lev\u00e9lt\u00e1ri adatok gy\u0171jt\u00e9s\u00e9vel foglalkozott. \u2013 <strong>F. m.:<\/strong> ford: Goethe: Faust. <br \/><strong>Irod.:<\/strong> Szinnyei<\/br><\/p>\n","protected":false},"excerpt":{"rendered":"<p>Kv., 1841. j\u00fal. 8., \u2020 ?: tanfel\u00fcgyel\u0151. \u2013 Vall\u00e1s- \u00e9s k\u00f6zoktat\u00e1s\u00fcgyi tiszteletbeli fogalmaz\u00f3v\u00e1 nevezt\u00e9k ki (1880), \u00e9s H\u00e1romsz\u00e9kmegye kir. tanker\u00fclet vezet\u0151je lett; \u00e1thelyezt\u00e9k Ugocs\u00e1ra (1886), majd Beregv\u00e1rmegyei tanfel\u00fcgyel\u0151 lett (1888\u2013); Mv. -re k\u00f6lt\u00f6z\u00f6tt nyugalomba vonul\u00e1sa u\u00e1n (1891\u2013). Hivatalos foglalkoz\u00e1s\u00e1n k\u00edv\u0171l a magyaro.-i biszonyk\u00e1nperekre vonatkoz\u00f3 lev\u00e9lt\u00e1ri adatok gy\u0171jt\u00e9s\u00e9vel foglalkozott. \u2013 F. m.: ford: Goethe: Faust. Irod.: [&hellip;]<\/p>\n","protected":false},"featured_media":0,"comment_status":"open","ping_status":"closed","template":"","meta":[],"product_brand":[],"product_cat":[137],"product_tag":[],"class_list":{"0":"post-12432","1":"product","2":"type-product","3":"status-publish","5":"product_cat-maros-megyei-eletrajzi-lexikon","7":"first","8":"instock","9":"shipping-taxable","10":"product-type-simple"},"_links":{"self":[{"href":"https:\/\/uj.adatbank.ro\/lexikon\/wp-json\/wp\/v2\/product\/12432","targetHints":{"allow":["GET"]}}],"collection":[{"href":"https:\/\/uj.adatbank.ro\/lexikon\/wp-json\/wp\/v2\/product"}],"about":[{"href":"https:\/\/uj.adatbank.ro\/lexikon\/wp-json\/wp\/v2\/types\/product"}],"replies":[{"embeddable":true,"href":"https:\/\/uj.adatbank.ro\/lexikon\/wp-json\/wp\/v2\/comments?post=12432"}],"wp:attachment":[{"href":"https:\/\/uj.adatbank.ro\/lexikon\/wp-json\/wp\/v2\/media?parent=12432"}],"wp:term":[{"taxonomy":"product_brand","embeddable":true,"href":"https:\/\/uj.adatbank.ro\/lexikon\/wp-json\/wp\/v2\/product_brand?post=12432"},{"taxonomy":"product_cat","embeddable":true,"href":"https:\/\/uj.adatbank.ro\/lexikon\/wp-json\/wp\/v2\/product_cat?post=12432"},{"taxonomy":"product_tag","embeddable":true,"href":"https:\/\/uj.adatbank.ro\/lexikon\/wp-json\/wp\/v2\/product_tag?post=12432"}],"curies":[{"name":"wp","href":"https:\/\/api.w.org\/{rel}","templated":true}]}}