{"id":12433,"date":"2025-06-29T14:27:04","date_gmt":"2025-06-29T12:27:04","guid":{"rendered":"https:\/\/uj.adatbank.ro\/lexikon\/termek\/komaromy-ferenc-belenyesi-es-borbereki\/"},"modified":"2025-06-29T14:27:04","modified_gmt":"2025-06-29T12:27:04","slug":"komaromy-ferenc-belenyesi-es-borbereki","status":"publish","type":"product","link":"https:\/\/uj.adatbank.ro\/lexikon\/termek\/komaromy-ferenc-belenyesi-es-borbereki\/","title":{"rendered":"KOM\u00c1ROMY Ferenc, bel\u00e9nyesi \u00e9s borbereki"},"content":{"rendered":"<p>Mv., 1823. dec. 27., \u2020 Kv., 1896. j\u00fal. 3.: \u00fcgyv\u00e9d, \u00edr\u00f3. \u2013 Testv\u00e9rei: Anna (1830 \u2013 Iszl\u00f3, 1883. j\u00fal. 15.); Borb\u00e1la; Istv\u00e1n, feles\u00e9ge Gy\u00f6rffy Karolina. \u2013 K\u00f6z\u00e9piskol\u00e1it Nagyenyeden kezdte \u00e9s Mv.-en v\u00e9gezte, ahol a Kir\u00e1lyi t\u00e1bl\u00e1n jogi vizsg\u00e1t tett (1844). Borbereken az apai birtok\u00e1n gazd\u00e1lkodni kezdett; Nagyenyeden a megy\u00e9n\u00e9l alkjegyz\u0151 (1847\u2013); visszat\u00e9rt a Sz\u00e9kelyf\u00f6ldre (1848) ahol az akkori mozgalmakban r\u00e9szt vett, ami\u00e9rt fogoly volt a mv.-i v\u00e1rban (1850) \u00e9s fels\u00e9g\u00e1rul\u00e1s\u00e9rt nyolc\u00e9vi v\u00e1rfogs\u00e1gra \u00edt\u00e9lt\u00e9k, kegyelmet kapott ugyan nov.-ben de birtok\u00e1t elkobozt\u00e1k. Anyj\u00e1n\u00e1l falun \u00e9lt (1851\u201352), Pestre ment ahol reg\u00e9nyeket ford\u00edtott a Pesti Napl\u00f3 sz\u00e1m\u00e1ra, de \u00edrt eredeti elbesz\u00e9l\u00e9seket \u00e9s reg\u00e9nyeket is (1852\u201357); anyja hal\u00e1la ut\u00e1n visszak\u00f6lt\u00f6z\u00f6tt Erd\u00e9lybe (1859), r\u00f6vid ideig der\u00e9ksz\u00e9ki b\u00edr\u00f3 volt (1861); megv\u00e1lasztott\u00e1k Mv.-en t\u00f6rv\u00e9nysz\u00e9ki b\u00edr\u00f3nak (1867\u201372); \u00fcgyv\u00e9di vizsg\u00e1t tett (1870); beutazta D\u00e9ln\u00e9meto-t \u00e9s Sv\u00e1jcot; Kv.-on telepedett le \u00e9s \u00fcgyv\u00e9di gyakorlatot folytatott (1874\u201380); az utols\u00f3 hat\u00e9v\u00e9ben az egyetemi k\u00f6nyvt\u00e1rn\u00e1l dolgozott. Reg\u00e9nyei, cikkei elbesz\u00e9l\u00e9sei : Pesti Divatlap, \u00c9letk\u00e9pek, Bp.-i H\u00edrlap, D\u00e9lib\u00e1b, Csal\u00e1di Lapok, Hetilap, H\u00f6lgyfut\u00e1r, Mv.-i F\u00fczetek, Kv.-i K\u00f6zl\u00f6ny, Kv., Ellenz\u00e9k, \u00c9let \u00e9s Irodalom-ban \u2013 <strong>F. m.:<\/strong> V\u00e9sznapok a Sz\u00e9kelyf\u00f6ld\u00f6n (Mv., 1849); Szent s\u00edr Petrichevich Horv\u00e1th L\u00e1z\u00e1r ut\u00e1n. (Pest, 1854); K. F. besz\u00e9lyei (Pest, 1855); A p\u00e1lyakezd\u0151k (Pest, 1857); P\u00e1rtk\u00fczdelmek : Korrajz Erd\u00e9ly t\u00f6rt\u00e9nelm\u00e9b\u0151l (Kv., 1872; Bp., 1876); Balogh Ger\u0151 (t\u00f6rt. sz\u00ednm\u0171; Bp., 1883); Alkony-\u00f3r\u00e1k (Bp., 1890). <br \/><strong>Irod.:<\/strong> Ferenczy-Danielik; Gy\u00e1szjelent\u0151; RNL; Szinnyei; \u00daM\u00c9L<\/br><\/p>\n","protected":false},"excerpt":{"rendered":"<p>Mv., 1823. dec. 27., \u2020 Kv., 1896. j\u00fal. 3.: \u00fcgyv\u00e9d, \u00edr\u00f3. \u2013 Testv\u00e9rei: Anna (1830 \u2013 Iszl\u00f3, 1883. j\u00fal. 15.); Borb\u00e1la; Istv\u00e1n, feles\u00e9ge Gy\u00f6rffy Karolina. \u2013 K\u00f6z\u00e9piskol\u00e1it Nagyenyeden kezdte \u00e9s Mv.-en v\u00e9gezte, ahol a Kir\u00e1lyi t\u00e1bl\u00e1n jogi vizsg\u00e1t tett (1844). Borbereken az apai birtok\u00e1n gazd\u00e1lkodni kezdett; Nagyenyeden a megy\u00e9n\u00e9l alkjegyz\u0151 (1847\u2013); visszat\u00e9rt a Sz\u00e9kelyf\u00f6ldre (1848) [&hellip;]<\/p>\n","protected":false},"featured_media":0,"comment_status":"open","ping_status":"closed","template":"","meta":[],"product_brand":[],"product_cat":[137],"product_tag":[],"class_list":{"0":"post-12433","1":"product","2":"type-product","3":"status-publish","5":"product_cat-maros-megyei-eletrajzi-lexikon","7":"first","8":"instock","9":"shipping-taxable","10":"product-type-simple"},"_links":{"self":[{"href":"https:\/\/uj.adatbank.ro\/lexikon\/wp-json\/wp\/v2\/product\/12433","targetHints":{"allow":["GET"]}}],"collection":[{"href":"https:\/\/uj.adatbank.ro\/lexikon\/wp-json\/wp\/v2\/product"}],"about":[{"href":"https:\/\/uj.adatbank.ro\/lexikon\/wp-json\/wp\/v2\/types\/product"}],"replies":[{"embeddable":true,"href":"https:\/\/uj.adatbank.ro\/lexikon\/wp-json\/wp\/v2\/comments?post=12433"}],"wp:attachment":[{"href":"https:\/\/uj.adatbank.ro\/lexikon\/wp-json\/wp\/v2\/media?parent=12433"}],"wp:term":[{"taxonomy":"product_brand","embeddable":true,"href":"https:\/\/uj.adatbank.ro\/lexikon\/wp-json\/wp\/v2\/product_brand?post=12433"},{"taxonomy":"product_cat","embeddable":true,"href":"https:\/\/uj.adatbank.ro\/lexikon\/wp-json\/wp\/v2\/product_cat?post=12433"},{"taxonomy":"product_tag","embeddable":true,"href":"https:\/\/uj.adatbank.ro\/lexikon\/wp-json\/wp\/v2\/product_tag?post=12433"}],"curies":[{"name":"wp","href":"https:\/\/api.w.org\/{rel}","templated":true}]}}