{"id":12434,"date":"2025-06-29T14:27:05","date_gmt":"2025-06-29T12:27:05","guid":{"rendered":"https:\/\/uj.adatbank.ro\/lexikon\/termek\/komaromy-sandor-komaromi\/"},"modified":"2025-06-29T14:27:05","modified_gmt":"2025-06-29T12:27:05","slug":"komaromy-sandor-komaromi","status":"publish","type":"product","link":"https:\/\/uj.adatbank.ro\/lexikon\/termek\/komaromy-sandor-komaromi\/","title":{"rendered":"KOM\u00c1ROMY S\u00e1ndor; Kom\u00e1romi"},"content":{"rendered":"<p>1877., \u2020 Debrecen., 1939. m\u00e1rc. 16: \u00edr\u00f3, nyomdatulajdonos. \u2013 Mv.-en volt nyomdatulajdonos \u00e9s \u00fajs\u00e1g\u00edr\u00f3. Az els\u0151 vh. ut\u00e1n Debrecenben telepedett le. &#8211; <strong>F. m.:<\/strong> T\u00fck\u00f6rdarabok (Mv., 1905); Sz\u00e9kely Almanach. <br \/><strong>Irod.:<\/strong> Id\u0151t\u00e1r 3; \u00d6kr\u00f6s<\/br><\/p>\n","protected":false},"excerpt":{"rendered":"<p>1877., \u2020 Debrecen., 1939. m\u00e1rc. 16: \u00edr\u00f3, nyomdatulajdonos. \u2013 Mv.-en volt nyomdatulajdonos \u00e9s \u00fajs\u00e1g\u00edr\u00f3. Az els\u0151 vh. ut\u00e1n Debrecenben telepedett le. &#8211; F. m.: T\u00fck\u00f6rdarabok (Mv., 1905); Sz\u00e9kely Almanach. Irod.: Id\u0151t\u00e1r 3; \u00d6kr\u00f6s<\/p>\n","protected":false},"featured_media":0,"comment_status":"open","ping_status":"closed","template":"","meta":[],"product_brand":[],"product_cat":[137],"product_tag":[],"class_list":{"0":"post-12434","1":"product","2":"type-product","3":"status-publish","5":"product_cat-maros-megyei-eletrajzi-lexikon","7":"first","8":"instock","9":"shipping-taxable","10":"product-type-simple"},"_links":{"self":[{"href":"https:\/\/uj.adatbank.ro\/lexikon\/wp-json\/wp\/v2\/product\/12434","targetHints":{"allow":["GET"]}}],"collection":[{"href":"https:\/\/uj.adatbank.ro\/lexikon\/wp-json\/wp\/v2\/product"}],"about":[{"href":"https:\/\/uj.adatbank.ro\/lexikon\/wp-json\/wp\/v2\/types\/product"}],"replies":[{"embeddable":true,"href":"https:\/\/uj.adatbank.ro\/lexikon\/wp-json\/wp\/v2\/comments?post=12434"}],"wp:attachment":[{"href":"https:\/\/uj.adatbank.ro\/lexikon\/wp-json\/wp\/v2\/media?parent=12434"}],"wp:term":[{"taxonomy":"product_brand","embeddable":true,"href":"https:\/\/uj.adatbank.ro\/lexikon\/wp-json\/wp\/v2\/product_brand?post=12434"},{"taxonomy":"product_cat","embeddable":true,"href":"https:\/\/uj.adatbank.ro\/lexikon\/wp-json\/wp\/v2\/product_cat?post=12434"},{"taxonomy":"product_tag","embeddable":true,"href":"https:\/\/uj.adatbank.ro\/lexikon\/wp-json\/wp\/v2\/product_tag?post=12434"}],"curies":[{"name":"wp","href":"https:\/\/api.w.org\/{rel}","templated":true}]}}