{"id":12438,"date":"2025-06-29T14:27:11","date_gmt":"2025-06-29T12:27:11","guid":{"rendered":"https:\/\/uj.adatbank.ro\/lexikon\/termek\/komives-nagy-lajos-%c2%a7-komuves-nagy-lajos-luigi\/"},"modified":"2025-06-29T14:27:11","modified_gmt":"2025-06-29T12:27:11","slug":"komives-nagy-lajos-%c2%a7-komuves-nagy-lajos-luigi","status":"publish","type":"product","link":"https:\/\/uj.adatbank.ro\/lexikon\/termek\/komives-nagy-lajos-%c2%a7-komuves-nagy-lajos-luigi\/","title":{"rendered":"K\u0150M\u00cdVES NAGY Lajos, \u00a7 K\u00f6m\u0171ves Nagy Lajos, Luigi"},"content":{"rendered":"<p>Bp., 1886. aug. 16., \u2020 Kv., 1977. dec. 9.: \u00fajs\u00e1g\u00edr\u00f3, dramaturg, rendez\u0151. \u2013 Tessit\u00f3ri N\u00f3ra el\u0151ad\u00f3-m\u0171v\u00e9szn\u0151 f\u00e9rje. \u2013 A bp.-i Sz\u00edni Akad. tanult (1903\u201307), egyetemi \u00e9vei ut\u00e1n \u00e9vtizedeken \u00e1t Kv.-on \u00fajs\u00e1g\u00edr\u00f3, az \u00dajs\u00e1g, Kolozsv\u00e1ri H\u00edrlap, Keleti \u00dajs\u00e1g bels\u0151 munkat\u00e1rsa (1907\u201340); rendszeresen dolgozott a Brass\u00f3 Lapoknak, az Ellenz\u00e9knek \u00e9s a P\u00e1sztort\u0171znek. Sz\u00ednikritik\u00e1kat \u00e9s k\u00e9pz\u0151m\u0171v\u00e9szeti kritik\u00e1kat \u00edrt. Egyik els\u0151 felfedez\u0151je \u00e9s n\u00e9pszer\u0171s\u00edt\u0151je Nagy Istv\u00e1n fest\u0151 m\u0171v\u00e9szet\u00e9nek. A kv.-i M. Sz\u00ednh\u00e1z, majd a kv.-i \u00c1ll. M. Sz\u00ednh\u00e1z rendez\u0151je (1941\u201349), igazgat\u00f3ja (1945\u201346). A mv.-i Sz\u00e9kely Sz\u00ednh\u00e1z rendez\u0151je (1955\u201360); A kv.-i M. M\u0171v. Int., majd a mv.-i Szentgy\u00f6rgyi Istv\u00e1n Sz\u00ednm\u0171v\u00e9szeti Int\u00e9zet tan\u00e1ra volt nyugd\u00edjaz\u00e1s\u00e1ig (1947\u201371). Fels\u00e9ge Tessitori N\u00f3ra fell\u00e9p\u00e9s\u00e9t szervezte, rendezte (1922\u201340). Tev\u00e9keny r\u00e9szt vett a K\u00f3s K\u00e1roly kezdem\u00e9nyezte kalotaszegi M. N\u00e9pp\u00e1rt indul\u00e1s\u00e1ban, majd az OMP demokratikus ellenz\u00e9k\u00e9nek reform kezdem\u00e9nyez\u00e9seiben. A forr\u00e1s\u00e9rt\u00e9k\u0171 Ady-cikksorozata (1922\u201324), anyag\u00e1t Zilahon \u00e9s \u00c9rmindszenten gy\u0171jt\u00f6tte. A Metamorphosis Transylvaniae c. gy\u0171jtem\u00e9nyben az erd\u00e9lyi m. k\u00e9pz\u0151m\u0171v\u00e9szetr\u0151l sz\u00f3l\u00f3 tanulm\u00e1ny szerz\u0151je (1937). \u2013 <strong>F. r.:<\/strong>: Shakespeare: III. Rich\u00e1rd, Romeo \u00e9s J\u00falia, A makrancos h\u00f6lgy; Moli\u00e9re: Tartuffe, A n\u0151k iskol\u00e1ja; Moln\u00e1r F.: Liliom; H\u00e1y Gy.: Tiszazug; Isten, cs\u00e1sz\u00e1r, paraszt; Br\u00f3dy S\u00e1ndor: A tan\u00edt\u00f3n\u0151 (1956); V\u00f6r\u00f6smarty M.: Csongor \u00e9s T\u00fcnde; Steinbeck-Kaufmann: Egerek \u00e9s emberek; Katona J.: B\u00e1nk b\u00e1n; Ibsen: N\u00f3ra; Lope de Vega: A kert\u00e9sz kuty\u00e1ja; Szophoklesz: Antigone; Hauptmann: \u00c9s Pippa t\u00e1ncol; Shaw: Warrenn\u00e9 mesters\u00e9ge; Afinogenov: Kis unok\u00e1m, M\u00f3ricz Zs.: L\u00e9gy j\u00f3 mindhal\u00e1lig; Ibsen: N\u00f3ra; Szimonov : Egy szerelem t\u00f6rt\u00e9nete, Voitin : Emberek; Miksz\u00e1th: K\u00fcl\u00f6n\u00f6s h\u00e1zass\u00e1g, a Sz\u00ednm\u0171v\u00e9szeti F\u0151iskol\u00e1n: Szophokl\u00e9sz: Antigine; Gorkij: \u00c9jjeli mened\u00e9khely; Baranga: Dudva; Csehov: H\u00e1rom n\u0151v\u00e9r; V\u00f6r\u00f6smarty; Csongor \u00e9s T\u00fcnde; Szigligeti Ede: Liliomfi, A csik\u00f3s; Schiller: \u00c1rm\u00e1ny \u00e9s szerelem; Shakespeare: Szentiv\u00e1n\u00e9jji \u00e1lom. <br \/><strong>Irod.:<\/strong> Chereji Peris 2000; Helikon 1924\u20131944; A H\u00e9t \u00e9vk. (1982); K\u00e1ntor-K\u00f6t\u0151; Katona Szab\u00f3 Istv\u00e1n: Az \u00daj \u00c9let lexikona, 94. (\u00daj \u00c9let, 10. sz. 1974.); Marosi-Helikon; Marosi-KZST; KZST1930; Molter 2., 3.; MSZL; Peris Ter\u00e9z: K. N. L. (Mv. R\u00e1di\u00f3, 1999. dec. 7.); RMIL; Tessit\u00f3ri N\u00f3ra m\u0171v\u00e9szete: cikkek, versek, em\u00adl\u00e9kez\u00e9sek, levelek (Bev. \u00e9s sajt\u00f3 al\u00e1 rendezte Marosi Ildik\u00f3; Buk., 1986); T\u00f6r\u00f6k S\u00e1ndor: Utols\u00f3 besz\u00e9lget\u00e9s K. N. L. -sal (Utunk, 1977); \u00daj \u00c9let (1974. 10. sz.); \u00daM\u00c9L; T\u00f6tt\u00f6sy; Ungv\u00e1ri Z. I.: Vil\u00e1gfi a sz\u00ednh\u00e1zban = L\u00e1zok-Ungv\u00e1ri Zrinyi; \u00dcnnepi k\u00f6nyv; Viharban<\/br><\/p>\n","protected":false},"excerpt":{"rendered":"<p>Bp., 1886. aug. 16., \u2020 Kv., 1977. dec. 9.: \u00fajs\u00e1g\u00edr\u00f3, dramaturg, rendez\u0151. \u2013 Tessit\u00f3ri N\u00f3ra el\u0151ad\u00f3-m\u0171v\u00e9szn\u0151 f\u00e9rje. \u2013 A bp.-i Sz\u00edni Akad. tanult (1903\u201307), egyetemi \u00e9vei ut\u00e1n \u00e9vtizedeken \u00e1t Kv.-on \u00fajs\u00e1g\u00edr\u00f3, az \u00dajs\u00e1g, Kolozsv\u00e1ri H\u00edrlap, Keleti \u00dajs\u00e1g bels\u0151 munkat\u00e1rsa (1907\u201340); rendszeresen dolgozott a Brass\u00f3 Lapoknak, az Ellenz\u00e9knek \u00e9s a P\u00e1sztort\u0171znek. Sz\u00ednikritik\u00e1kat \u00e9s k\u00e9pz\u0151m\u0171v\u00e9szeti kritik\u00e1kat \u00edrt. [&hellip;]<\/p>\n","protected":false},"featured_media":0,"comment_status":"open","ping_status":"closed","template":"","meta":[],"product_brand":[],"product_cat":[137],"product_tag":[],"class_list":{"0":"post-12438","1":"product","2":"type-product","3":"status-publish","5":"product_cat-maros-megyei-eletrajzi-lexikon","7":"first","8":"instock","9":"shipping-taxable","10":"product-type-simple"},"_links":{"self":[{"href":"https:\/\/uj.adatbank.ro\/lexikon\/wp-json\/wp\/v2\/product\/12438","targetHints":{"allow":["GET"]}}],"collection":[{"href":"https:\/\/uj.adatbank.ro\/lexikon\/wp-json\/wp\/v2\/product"}],"about":[{"href":"https:\/\/uj.adatbank.ro\/lexikon\/wp-json\/wp\/v2\/types\/product"}],"replies":[{"embeddable":true,"href":"https:\/\/uj.adatbank.ro\/lexikon\/wp-json\/wp\/v2\/comments?post=12438"}],"wp:attachment":[{"href":"https:\/\/uj.adatbank.ro\/lexikon\/wp-json\/wp\/v2\/media?parent=12438"}],"wp:term":[{"taxonomy":"product_brand","embeddable":true,"href":"https:\/\/uj.adatbank.ro\/lexikon\/wp-json\/wp\/v2\/product_brand?post=12438"},{"taxonomy":"product_cat","embeddable":true,"href":"https:\/\/uj.adatbank.ro\/lexikon\/wp-json\/wp\/v2\/product_cat?post=12438"},{"taxonomy":"product_tag","embeddable":true,"href":"https:\/\/uj.adatbank.ro\/lexikon\/wp-json\/wp\/v2\/product_tag?post=12438"}],"curies":[{"name":"wp","href":"https:\/\/api.w.org\/{rel}","templated":true}]}}