{"id":12440,"date":"2025-06-29T14:27:18","date_gmt":"2025-06-29T12:27:18","guid":{"rendered":"https:\/\/uj.adatbank.ro\/lexikon\/termek\/komjathy-jozsef-komjati-jozsef\/"},"modified":"2025-06-29T14:27:18","modified_gmt":"2025-06-29T12:27:18","slug":"komjathy-jozsef-komjati-jozsef","status":"publish","type":"product","link":"https:\/\/uj.adatbank.ro\/lexikon\/termek\/komjathy-jozsef-komjati-jozsef\/","title":{"rendered":"KOMJ\u00c1THY J\u00f3zsef; Komj\u00e1ti J\u00f3zsef,"},"content":{"rendered":"<p>? \u2020 ? : m\u00e9rn\u00f6k, \u00fasz\u00f3, edz\u0151. \u2013 Tagja lett az MSE. -nek (1919). A labdar\u00fag\u00f3 szakoszt\u00e1lynak j\u00e1t\u00e9kosa \u00e9s int\u00e9z\u0151je volt (1921\u2013). Mint \u00fasz\u00f3 bekapcsol\u00f3dott az \u00fasz\u00f3 szakoszt\u00e1ly vezet\u00e9s\u00e9be (1921) \u00e9s lelkes szervez\u0151 \u00e9s edz\u0151i munk\u00e1ja k\u00f6vetkezt\u00e9ben a 30-as \u00e9vekben nagy fejl\u0151d\u00e9snek indut v\u00e1rosunk \u00fasz\u00f3sportja, \u00e1lland\u00f3an 100- 150 \u00fasz\u00f3ja volt akik k\u00f6z\u00fcl sz\u00e1mos tehets\u00e9g ker\u00fclt ki. Rendezett \u00fasz\u00f3versenyeket megh\u00edvta a legkiv\u00e1l\u00f3bb \u00fasz\u00f3kat, hogy ez\u00e1ltal is fejlessze a vezet\u00e9se alatt \u00e1ll\u00f3 fiatalok tud\u00e1s\u00e1t. A Buk.-ban rendezett \u00fasz\u00f3bajnoks\u00e1gon (1937) 18 sz\u00e1mb\u00f3l 17 et mv.-iek nyertek meg mv.-i sportol\u00f3k; a vizipol\u00f3 csapat orsz\u00e1gos bajnok lett (1936). A rom\u00e1n \u00fasz\u00f3sz\u00f6vets\u00e9g Maros-menti ker\u00fclet\u00e9nek eln\u00f6ke volt (1930\u201334). A MSE k\u00f6zgy\u0171l\u00e9se p\u00e9ld\u00e1s munk\u00e1ja elismer\u00e9sek\u00e9nt \u00f6r\u00f6k\u00f6s tiszteletbeli tagj\u00e1v\u00e1 v\u00e1lasztotta (1941). <br \/><strong>Irod.:<\/strong> Kl\u00f3sz\u2013Tolok\u00e1n; Molter K\u00e1roly: Mv. (\u00daj Kezdet, 6. sz., 2010. j\u00fan.); Pluh\u00e1r; Sipos<\/br><\/p>\n","protected":false},"excerpt":{"rendered":"<p>? \u2020 ? : m\u00e9rn\u00f6k, \u00fasz\u00f3, edz\u0151. \u2013 Tagja lett az MSE. -nek (1919). A labdar\u00fag\u00f3 szakoszt\u00e1lynak j\u00e1t\u00e9kosa \u00e9s int\u00e9z\u0151je volt (1921\u2013). Mint \u00fasz\u00f3 bekapcsol\u00f3dott az \u00fasz\u00f3 szakoszt\u00e1ly vezet\u00e9s\u00e9be (1921) \u00e9s lelkes szervez\u0151 \u00e9s edz\u0151i munk\u00e1ja k\u00f6vetkezt\u00e9ben a 30-as \u00e9vekben nagy fejl\u0151d\u00e9snek indut v\u00e1rosunk \u00fasz\u00f3sportja, \u00e1lland\u00f3an 100- 150 \u00fasz\u00f3ja volt akik k\u00f6z\u00fcl sz\u00e1mos tehets\u00e9g ker\u00fclt [&hellip;]<\/p>\n","protected":false},"featured_media":0,"comment_status":"open","ping_status":"closed","template":"","meta":[],"product_brand":[],"product_cat":[137],"product_tag":[],"class_list":{"0":"post-12440","1":"product","2":"type-product","3":"status-publish","5":"product_cat-maros-megyei-eletrajzi-lexikon","7":"first","8":"instock","9":"shipping-taxable","10":"product-type-simple"},"_links":{"self":[{"href":"https:\/\/uj.adatbank.ro\/lexikon\/wp-json\/wp\/v2\/product\/12440","targetHints":{"allow":["GET"]}}],"collection":[{"href":"https:\/\/uj.adatbank.ro\/lexikon\/wp-json\/wp\/v2\/product"}],"about":[{"href":"https:\/\/uj.adatbank.ro\/lexikon\/wp-json\/wp\/v2\/types\/product"}],"replies":[{"embeddable":true,"href":"https:\/\/uj.adatbank.ro\/lexikon\/wp-json\/wp\/v2\/comments?post=12440"}],"wp:attachment":[{"href":"https:\/\/uj.adatbank.ro\/lexikon\/wp-json\/wp\/v2\/media?parent=12440"}],"wp:term":[{"taxonomy":"product_brand","embeddable":true,"href":"https:\/\/uj.adatbank.ro\/lexikon\/wp-json\/wp\/v2\/product_brand?post=12440"},{"taxonomy":"product_cat","embeddable":true,"href":"https:\/\/uj.adatbank.ro\/lexikon\/wp-json\/wp\/v2\/product_cat?post=12440"},{"taxonomy":"product_tag","embeddable":true,"href":"https:\/\/uj.adatbank.ro\/lexikon\/wp-json\/wp\/v2\/product_tag?post=12440"}],"curies":[{"name":"wp","href":"https:\/\/api.w.org\/{rel}","templated":true}]}}