{"id":12442,"date":"2025-06-29T14:27:21","date_gmt":"2025-06-29T12:27:21","guid":{"rendered":"https:\/\/uj.adatbank.ro\/lexikon\/termek\/komjati-nandor-komjathy-nandor\/"},"modified":"2025-06-29T14:27:21","modified_gmt":"2025-06-29T12:27:21","slug":"komjati-nandor-komjathy-nandor","status":"publish","type":"product","link":"https:\/\/uj.adatbank.ro\/lexikon\/termek\/komjati-nandor-komjathy-nandor\/","title":{"rendered":"KOMJ\u00c1TI N\u00e1ndor, Komj\u00e1thy N\u00e1ndor"},"content":{"rendered":"<p>Csonkapapi, 1869., \u2020 ?: igazgat\u00f3. \u2013 A Generala Biztos\u00edt\u00f3 Int\u00e9zet mv.-i f\u0151\u00fcgyn\u00f6ks\u00e9g\u00e9nek vezet\u0151je. Fels\u0151kereskedelmi \u00e9retts\u00e9git Bp.-en tett, azut\u00e1n a bp.-i Unio kem\u00e9ny\u00edt\u0151gy\u00e1r tisztvisel\u0151je lett, majd 13 \u00e9vig amerikai biztos\u00edt\u00f3 int\u00e9zetn\u00e9l dolgozott, valamint a Standard \u00e9s a Generala biztos\u00edt\u00f3 int\u00e9zetekn\u00e9l. Az ut\u00f3bbi int\u00e9zetn\u00e9l el\u00e9rt eredm\u00e9nyei r\u00e9v\u00e9n a mv.-i f\u0151\u00fcgyn\u00f6ks\u00e9g igazgat\u00e1s\u00e1val bizt\u00e1k meg. Sz\u00e1mos helybeli t\u00e1rsadalmi \u00e9s kultur\u00e1lis egyes\u00fclet tagja volt. Az Erd\u00e9lyi Helikon mv.-i tagjai k\u00f6zt szerepelt (1930). Mv.-r\u0151l deport\u00e1lt\u00e1k feles\u00e9g\u00e9vel (1870\u2013) egy\u00fctt (1944. m\u00e1j. 29.). <br \/><strong>Irod.:<\/strong> Ki kicsoda?; Marosi-Helikon; Mv. zsid\u00f3s\u00e1ga<\/br><\/p>\n","protected":false},"excerpt":{"rendered":"<p>Csonkapapi, 1869., \u2020 ?: igazgat\u00f3. \u2013 A Generala Biztos\u00edt\u00f3 Int\u00e9zet mv.-i f\u0151\u00fcgyn\u00f6ks\u00e9g\u00e9nek vezet\u0151je. Fels\u0151kereskedelmi \u00e9retts\u00e9git Bp.-en tett, azut\u00e1n a bp.-i Unio kem\u00e9ny\u00edt\u0151gy\u00e1r tisztvisel\u0151je lett, majd 13 \u00e9vig amerikai biztos\u00edt\u00f3 int\u00e9zetn\u00e9l dolgozott, valamint a Standard \u00e9s a Generala biztos\u00edt\u00f3 int\u00e9zetekn\u00e9l. Az ut\u00f3bbi int\u00e9zetn\u00e9l el\u00e9rt eredm\u00e9nyei r\u00e9v\u00e9n a mv.-i f\u0151\u00fcgyn\u00f6ks\u00e9g igazgat\u00e1s\u00e1val bizt\u00e1k meg. Sz\u00e1mos helybeli t\u00e1rsadalmi \u00e9s [&hellip;]<\/p>\n","protected":false},"featured_media":0,"comment_status":"open","ping_status":"closed","template":"","meta":[],"product_brand":[],"product_cat":[137],"product_tag":[],"class_list":{"0":"post-12442","1":"product","2":"type-product","3":"status-publish","5":"product_cat-maros-megyei-eletrajzi-lexikon","7":"first","8":"instock","9":"shipping-taxable","10":"product-type-simple"},"_links":{"self":[{"href":"https:\/\/uj.adatbank.ro\/lexikon\/wp-json\/wp\/v2\/product\/12442","targetHints":{"allow":["GET"]}}],"collection":[{"href":"https:\/\/uj.adatbank.ro\/lexikon\/wp-json\/wp\/v2\/product"}],"about":[{"href":"https:\/\/uj.adatbank.ro\/lexikon\/wp-json\/wp\/v2\/types\/product"}],"replies":[{"embeddable":true,"href":"https:\/\/uj.adatbank.ro\/lexikon\/wp-json\/wp\/v2\/comments?post=12442"}],"wp:attachment":[{"href":"https:\/\/uj.adatbank.ro\/lexikon\/wp-json\/wp\/v2\/media?parent=12442"}],"wp:term":[{"taxonomy":"product_brand","embeddable":true,"href":"https:\/\/uj.adatbank.ro\/lexikon\/wp-json\/wp\/v2\/product_brand?post=12442"},{"taxonomy":"product_cat","embeddable":true,"href":"https:\/\/uj.adatbank.ro\/lexikon\/wp-json\/wp\/v2\/product_cat?post=12442"},{"taxonomy":"product_tag","embeddable":true,"href":"https:\/\/uj.adatbank.ro\/lexikon\/wp-json\/wp\/v2\/product_tag?post=12442"}],"curies":[{"name":"wp","href":"https:\/\/api.w.org\/{rel}","templated":true}]}}