{"id":12445,"date":"2025-06-29T14:27:27","date_gmt":"2025-06-29T12:27:27","guid":{"rendered":"https:\/\/uj.adatbank.ro\/lexikon\/termek\/komjatszegi-sandor\/"},"modified":"2025-06-29T14:27:27","modified_gmt":"2025-06-29T12:27:27","slug":"komjatszegi-sandor","status":"publish","type":"product","link":"https:\/\/uj.adatbank.ro\/lexikon\/termek\/komjatszegi-sandor\/","title":{"rendered":"KOMJ\u00c1TSZEGI S\u00e1ndor"},"content":{"rendered":"<p>Kv., 1922. febr. 8., \u2020 2019 : orvos. \u2013 \u00c9retts\u00e9gizett sz\u00fcl\u0151v\u00e1ros\u00e1ban az Unit. Koll.-ban (1941); az egyetemet Kv.-on, Bp.-en \u00e9s Halleban folytatta s a BTE mv.-i orvostudom\u00e1nyi kar\u00e1nak els\u0151 doktorai k\u00f6z\u00f6tt v\u00e9gzett: summa cum laude-val (1947). Mv.-en Haranghy L\u00e1szl\u00f3 mellett (1947\u201349), majd az Ideggy\u00f3gy\u00e1szati Klinik\u00e1n Miskolczy Dezs\u0151 mellett tan\u00e1rseg\u00e9d (1950\u201352). Idegseb\u00e9sz szakorvos (1953\u201392). Szakirodalmi munk\u00e1ss\u00e1g\u00e1t a bukaresti Revista \u015etiin\u0163elor Medicale has\u00e1bjain kezdte (1950). K\u00f6zel f\u00e9lsz\u00e1z ideggy\u00f3gy\u00e1szati tanulm\u00e1nya a Revista Medical\u0103 \u2013 Orvosi Szemle, Studii \u015fi Cercet\u0103ri de Neurologie s m\u00e1s szakfoly\u00f3iratokban jelent meg. Az agydaganatok k\u00f3rsz\u00f6vettan\u00e1r\u00f3l 1130 eset elemz\u00e9se alapj\u00e1n \u00edrt k\u00f6zlem\u00e9nyt, k\u00e9s\u0151bb pszichokirurgikai kezdem\u00e9nyez\u00e9sei nyom\u00e1n \u00f6szt\u00f6nd\u00edjjal P\u00e1rizsban folytatta kutat\u00e1sait (1972). Egyes k\u00f3rk\u00e9pek, \u00edgy a diszkuszs\u00e9rv, arcidegzs\u00e1ba m\u0171t\u00e9ti kezel\u00e9se, a seb\u00e9sz d\u00f6nt\u00e9s\u00e9nek etik\u00e1ja foglalkoztatta. K\u00f6z\u00f6lt a : Revista \u015etiin\u0163elor Medicale, Revisa Medical\u0103-Orvosi Szemle,., Cercet\u0103ri de Neurologie, A H\u00e9t, Jurnal of Neurosurgery- ben, a N\u00fa., helyi lapban. Tudom\u00e1nyos ismeretterjeszt\u00e9ssel is foglalkozott. A ref. temet\u0151ben nyugszik. \u2013 <strong>F. m.:<\/strong> Tudat \u00e9s val\u00f3s\u00e1g (Buk., 1986); Tudat, Val\u00f3s\u00e1g, Hit (Kv., 2000); <strong>t\u00e1rssz.:<\/strong> Endokrinol\u00f3gia (Mv., 1951); Idegk\u00f3rtan (Mv., 1958). <br \/><strong>Irod.:<\/strong> Genersich; Barab\u00e1s-P\u00e9ter M.\u2013P\u00e9ter H. M.; Kiss-P- P; RMKK; RMIL; Tett (1986. nr. 4.); Tizenk\u00e9t \u00e9v<\/br><\/p>\n","protected":false},"excerpt":{"rendered":"<p>Kv., 1922. febr. 8., \u2020 2019 : orvos. \u2013 \u00c9retts\u00e9gizett sz\u00fcl\u0151v\u00e1ros\u00e1ban az Unit. Koll.-ban (1941); az egyetemet Kv.-on, Bp.-en \u00e9s Halleban folytatta s a BTE mv.-i orvostudom\u00e1nyi kar\u00e1nak els\u0151 doktorai k\u00f6z\u00f6tt v\u00e9gzett: summa cum laude-val (1947). Mv.-en Haranghy L\u00e1szl\u00f3 mellett (1947\u201349), majd az Ideggy\u00f3gy\u00e1szati Klinik\u00e1n Miskolczy Dezs\u0151 mellett tan\u00e1rseg\u00e9d (1950\u201352). Idegseb\u00e9sz szakorvos (1953\u201392). Szakirodalmi munk\u00e1ss\u00e1g\u00e1t [&hellip;]<\/p>\n","protected":false},"featured_media":0,"comment_status":"open","ping_status":"closed","template":"","meta":[],"product_brand":[],"product_cat":[137],"product_tag":[],"class_list":{"0":"post-12445","1":"product","2":"type-product","3":"status-publish","5":"product_cat-maros-megyei-eletrajzi-lexikon","7":"first","8":"instock","9":"shipping-taxable","10":"product-type-simple"},"_links":{"self":[{"href":"https:\/\/uj.adatbank.ro\/lexikon\/wp-json\/wp\/v2\/product\/12445","targetHints":{"allow":["GET"]}}],"collection":[{"href":"https:\/\/uj.adatbank.ro\/lexikon\/wp-json\/wp\/v2\/product"}],"about":[{"href":"https:\/\/uj.adatbank.ro\/lexikon\/wp-json\/wp\/v2\/types\/product"}],"replies":[{"embeddable":true,"href":"https:\/\/uj.adatbank.ro\/lexikon\/wp-json\/wp\/v2\/comments?post=12445"}],"wp:attachment":[{"href":"https:\/\/uj.adatbank.ro\/lexikon\/wp-json\/wp\/v2\/media?parent=12445"}],"wp:term":[{"taxonomy":"product_brand","embeddable":true,"href":"https:\/\/uj.adatbank.ro\/lexikon\/wp-json\/wp\/v2\/product_brand?post=12445"},{"taxonomy":"product_cat","embeddable":true,"href":"https:\/\/uj.adatbank.ro\/lexikon\/wp-json\/wp\/v2\/product_cat?post=12445"},{"taxonomy":"product_tag","embeddable":true,"href":"https:\/\/uj.adatbank.ro\/lexikon\/wp-json\/wp\/v2\/product_tag?post=12445"}],"curies":[{"name":"wp","href":"https:\/\/api.w.org\/{rel}","templated":true}]}}