{"id":12447,"date":"2025-06-29T14:27:30","date_gmt":"2025-06-29T12:27:30","guid":{"rendered":"https:\/\/uj.adatbank.ro\/lexikon\/termek\/komocsy-jozsef-komocsi\/"},"modified":"2025-06-29T14:27:30","modified_gmt":"2025-06-29T12:27:30","slug":"komocsy-jozsef-komocsi","status":"publish","type":"product","link":"https:\/\/uj.adatbank.ro\/lexikon\/termek\/komocsy-jozsef-komocsi\/","title":{"rendered":"K\u00d6M\u0150CSY J\u00f3zsef; K\u00f6m\u00f6csi"},"content":{"rendered":"<p>? \u2020 ?: dr., p\u00e9nz\u00fcgyi fogalmaz\u00f3, m. k. p\u00e9nz\u00fcgyigazgat\u00f3, tan\u00e1csos, k\u00f6zgazdas\u00e1gi \u00edr\u00f3. \u2013 Az EMKE segesv\u00e1ri fi\u00f3k v\u00e1lasztm\u00e1ny\u00e1ban mint titk\u00e1r tev\u00e9kenykedett (1886\u2013). Dr., m. k. p\u00e9nz\u00fcgyiigazgat\u00f3s\u00e1gi titk\u00e1r, tan\u00e1csos, a mv.-i Sz\u00e9kely T\u00e1rsas\u00e1g alap\u00edt\u00f3tagja, eln\u00f6ke (1901. \u00e1pr. 9. \u2013). Az iparos polg\u00e1ri egylet nev\u00e9ben megkoszor\u00fazta a mv.-i Kossuth szobrot (1902. szept. 25). A K\u00f6zigazgat\u00e1si tanfolyam tan\u00e1ra (1910); a p\u00e9nz\u00fcgyminiszter kinevezt\u00e9t a mv.-i P\u00e9nz\u00fcgyigazgat\u00f3s\u00e1g \u00e9l\u00e9re (1913. aug.), kir. tan\u00e1csosi c. is elnyerte. Repatri\u00e1\u00e9t Mo.-ra (1920). &#8211; <strong>F. m.:<\/strong> B\u00edr\u00e1k \u00e9s p\u00e9nz\u00fcgyi titk\u00e1rok (Mv., 1903); A p\u00e9nz\u00fcgyi k\u00f6zigazgat\u00e1si bir\u00e1skod\u00e1sr\u00f3l \u00e9s az 1883. \u00e9vi XLIII. T\u00f6rv\u00e9nycikkr\u0151l (Bp., 1884); <strong>t\u00e1rssz.:<\/strong> T\u00e1rsas kir\u00e1ndul\u00e1sok a Sz\u00e9kelyf\u00f6ldre (Mv., 1905); Eml\u00e9klapok De\u00e1k Lajos kir. tan\u00e1csos tanfel\u00fcgyel\u0151 huszon\u00f6t\u00e9ves jubileuma alkalm\u00e1b\u00f3l (Mv., 1908). <br \/><strong>Irod.:<\/strong> Balaton Petra: A sz\u00e9kely t\u00e1rsadalom \u00f6nszervez\u0151d\u00e9se: A Sz\u00e9kely T\u00e1rsas\u00e1gok (I.-iI.): T\u00f6rekv\u00e9sek Sz\u00e9kelyf\u00f6ld felz\u00e1rk\u00f3ztat\u00e1s\u00e1ra a 20. sz\u00e1zad elej\u00e9n (Korunk, 1. sz., 2010. jan.; 2. sz., 2010. febr.); F\u00fcl\u00f6p\u2013Ferencz; Id\u0151t\u00e1r 2; Id\u0151t\u00e1r 3, P\u00e1l-Antal 2003; A Sz\u00e9kely Kongresszus szervezete, tagjainak n\u00e9vsora, t\u00e1rgyal\u00e1sai \u00e9s hat\u00e1rozatai (Bp., 1902); S\u00e1ndor<\/br><\/p>\n","protected":false},"excerpt":{"rendered":"<p>? \u2020 ?: dr., p\u00e9nz\u00fcgyi fogalmaz\u00f3, m. k. p\u00e9nz\u00fcgyigazgat\u00f3, tan\u00e1csos, k\u00f6zgazdas\u00e1gi \u00edr\u00f3. \u2013 Az EMKE segesv\u00e1ri fi\u00f3k v\u00e1lasztm\u00e1ny\u00e1ban mint titk\u00e1r tev\u00e9kenykedett (1886\u2013). Dr., m. k. p\u00e9nz\u00fcgyiigazgat\u00f3s\u00e1gi titk\u00e1r, tan\u00e1csos, a mv.-i Sz\u00e9kely T\u00e1rsas\u00e1g alap\u00edt\u00f3tagja, eln\u00f6ke (1901. \u00e1pr. 9. \u2013). Az iparos polg\u00e1ri egylet nev\u00e9ben megkoszor\u00fazta a mv.-i Kossuth szobrot (1902. szept. 25). A K\u00f6zigazgat\u00e1si tanfolyam tan\u00e1ra [&hellip;]<\/p>\n","protected":false},"featured_media":0,"comment_status":"open","ping_status":"closed","template":"","meta":[],"product_brand":[],"product_cat":[137],"product_tag":[],"class_list":{"0":"post-12447","1":"product","2":"type-product","3":"status-publish","5":"product_cat-maros-megyei-eletrajzi-lexikon","7":"first","8":"instock","9":"shipping-taxable","10":"product-type-simple"},"_links":{"self":[{"href":"https:\/\/uj.adatbank.ro\/lexikon\/wp-json\/wp\/v2\/product\/12447","targetHints":{"allow":["GET"]}}],"collection":[{"href":"https:\/\/uj.adatbank.ro\/lexikon\/wp-json\/wp\/v2\/product"}],"about":[{"href":"https:\/\/uj.adatbank.ro\/lexikon\/wp-json\/wp\/v2\/types\/product"}],"replies":[{"embeddable":true,"href":"https:\/\/uj.adatbank.ro\/lexikon\/wp-json\/wp\/v2\/comments?post=12447"}],"wp:attachment":[{"href":"https:\/\/uj.adatbank.ro\/lexikon\/wp-json\/wp\/v2\/media?parent=12447"}],"wp:term":[{"taxonomy":"product_brand","embeddable":true,"href":"https:\/\/uj.adatbank.ro\/lexikon\/wp-json\/wp\/v2\/product_brand?post=12447"},{"taxonomy":"product_cat","embeddable":true,"href":"https:\/\/uj.adatbank.ro\/lexikon\/wp-json\/wp\/v2\/product_cat?post=12447"},{"taxonomy":"product_tag","embeddable":true,"href":"https:\/\/uj.adatbank.ro\/lexikon\/wp-json\/wp\/v2\/product_tag?post=12447"}],"curies":[{"name":"wp","href":"https:\/\/api.w.org\/{rel}","templated":true}]}}