{"id":12448,"date":"2025-06-29T14:27:33","date_gmt":"2025-06-29T12:27:33","guid":{"rendered":"https:\/\/uj.adatbank.ro\/lexikon\/termek\/komocsy-maria\/"},"modified":"2025-06-29T14:27:33","modified_gmt":"2025-06-29T12:27:33","slug":"komocsy-maria","status":"publish","type":"product","link":"https:\/\/uj.adatbank.ro\/lexikon\/termek\/komocsy-maria\/","title":{"rendered":"K\u00d6M\u00d6CSY M\u00e1ria"},"content":{"rendered":"<p>? ?: \u00f3v\u00f3n\u0151 Segesv\u00e1ron. \u2013 Az EMKE t\u00e1mogatta a segesv\u00e1ri \u00f3voda fel\u00e1ll\u00edt\u00e1s\u00e1t (1888), amely r\u00e9szt vett a bp.-i M\u00e1ria Dorottya Egyes\u00fclet rendezte orsz. ki\u00e1ll\u00edt\u00e1son, ahol ki\u00e1ll\u00edt\u00f3i arany d\u00edszoklev\u00e9llel t\u00fcntett\u00e9k ki, az \u00f3v\u00f3n\u0151 pedig a helyi k\u00f6z\u00f6ss\u00e9gt\u0151l gy\u0171jt\u00e9s \u00fatj\u00e1n d\u00edszes arany-karperecben r\u00e9szes\u00fclt. <br \/><strong>Irod.:<\/strong> S\u00e1ndor<\/br><\/p>\n","protected":false},"excerpt":{"rendered":"<p>? ?: \u00f3v\u00f3n\u0151 Segesv\u00e1ron. \u2013 Az EMKE t\u00e1mogatta a segesv\u00e1ri \u00f3voda fel\u00e1ll\u00edt\u00e1s\u00e1t (1888), amely r\u00e9szt vett a bp.-i M\u00e1ria Dorottya Egyes\u00fclet rendezte orsz. ki\u00e1ll\u00edt\u00e1son, ahol ki\u00e1ll\u00edt\u00f3i arany d\u00edszoklev\u00e9llel t\u00fcntett\u00e9k ki, az \u00f3v\u00f3n\u0151 pedig a helyi k\u00f6z\u00f6ss\u00e9gt\u0151l gy\u0171jt\u00e9s \u00fatj\u00e1n d\u00edszes arany-karperecben r\u00e9szes\u00fclt. Irod.: S\u00e1ndor<\/p>\n","protected":false},"featured_media":0,"comment_status":"open","ping_status":"closed","template":"","meta":[],"product_brand":[],"product_cat":[137],"product_tag":[],"class_list":{"0":"post-12448","1":"product","2":"type-product","3":"status-publish","5":"product_cat-maros-megyei-eletrajzi-lexikon","7":"first","8":"instock","9":"shipping-taxable","10":"product-type-simple"},"_links":{"self":[{"href":"https:\/\/uj.adatbank.ro\/lexikon\/wp-json\/wp\/v2\/product\/12448","targetHints":{"allow":["GET"]}}],"collection":[{"href":"https:\/\/uj.adatbank.ro\/lexikon\/wp-json\/wp\/v2\/product"}],"about":[{"href":"https:\/\/uj.adatbank.ro\/lexikon\/wp-json\/wp\/v2\/types\/product"}],"replies":[{"embeddable":true,"href":"https:\/\/uj.adatbank.ro\/lexikon\/wp-json\/wp\/v2\/comments?post=12448"}],"wp:attachment":[{"href":"https:\/\/uj.adatbank.ro\/lexikon\/wp-json\/wp\/v2\/media?parent=12448"}],"wp:term":[{"taxonomy":"product_brand","embeddable":true,"href":"https:\/\/uj.adatbank.ro\/lexikon\/wp-json\/wp\/v2\/product_brand?post=12448"},{"taxonomy":"product_cat","embeddable":true,"href":"https:\/\/uj.adatbank.ro\/lexikon\/wp-json\/wp\/v2\/product_cat?post=12448"},{"taxonomy":"product_tag","embeddable":true,"href":"https:\/\/uj.adatbank.ro\/lexikon\/wp-json\/wp\/v2\/product_tag?post=12448"}],"curies":[{"name":"wp","href":"https:\/\/api.w.org\/{rel}","templated":true}]}}