{"id":12449,"date":"2025-06-29T14:27:35","date_gmt":"2025-06-29T12:27:35","guid":{"rendered":"https:\/\/uj.adatbank.ro\/lexikon\/termek\/komor-marcell\/"},"modified":"2025-06-29T14:27:35","modified_gmt":"2025-06-29T12:27:35","slug":"komor-marcell","status":"publish","type":"product","link":"https:\/\/uj.adatbank.ro\/lexikon\/termek\/komor-marcell\/","title":{"rendered":"KOMOR Marcell"},"content":{"rendered":"<p>Pest, 1868. nov. 7., Sopronkereszt\u00far (Deutschkreutz), 1944. nov. 29.: \u00e9p\u00edt\u00e9sz. \u2013 Jakab De\u00adzs\u0151vel k\u00f6z\u00f6s \u00e9p\u00edt\u00e9szirod\u00e1t nyitott (1897\u2013), mely az I. vh. v\u00e9g\u00e9ig m\u0171k\u00f6d\u00f6tt. V\u00e1llalkoz\u00e1suk igen sikeresnek bizonyult: sz\u00e1mos tervp\u00e1ly\u00e1zatot nyertek, amelyek nagy r\u00e9sz\u00e9t meg is val\u00f3s\u00ed\u00adtott\u00e1k. Bern\u00e1dy Gy\u00f6rgy polg\u00e1rmester megb\u00edz\u00e1s\u00e1b\u00f3l k\u00f6z\u00f6sen Jakab Dezs\u0151vel tervezte, szecesszi\u00f3s st\u00edlusban, a mv.-i V\u00e1rosh\u00e1z\u00e1t (1906\u20131908), \u00e9s a Kult\u00farpalot\u00e1t (1911\u201313), amelynek k\u00fcls\u0151-bels\u0151 d\u00edsz\u00ed\u00adt\u00e9s\u00e9t a g\u00f6d\u00f6ll\u0151i m\u0171v\u00e9sztelep alkot\u00f3i (K\u00f6r\u00f6sf\u0151i-Kriesch Alad\u00e1r, Nagy S\u00e1ndor, Sidl\u00f3 Ferenc, Toroczkai Wigand Ede) k\u00e9sz\u00edtett\u00e9k. A Fa- \u00e9s F\u00e9mipari Szakiskola is az \u0151 tervei alapj\u00e1n k\u00e9sz\u00fclt Keresztes szerint (1906). V\u00e1rmegyeh\u00e1zat \u00e9s Sz\u00ednh\u00e1zat is akartak vele terveztetni, ez azonban nem val\u00f3sukt meg. <br \/><strong>Irod.:<\/strong> Bede; Bodolai Gy\u00f6ngyi. A Nyugd\u00edjpalota \u00e9p\u00edt\u00e9se \u00e9s rendeltet\u00e9se (N\u00fa., 2023. jan. 6.); D\u00e9ry B\u00e9la : Almanach (Bp., 1912); \u00c9ber; Id\u0151t\u00e1r 2; Jakab; Keresztes; Keresztes Gyula: Szecesszi\u00f3 Mv.-en: A v\u00e1rosh\u00e1za 2. (N\u00fa., 1991. okt. 19.; 1991. okt. 26); Keresztes Gyula: Szecesszi\u00f3 Mv.-en: 5.: K\u00f6zm\u0171vel\u0151d\u00e9si h\u00e1z 1\u20135. (N\u00fa., 1991. nov. 23.; 1991. dec. 7.; 1991. dec. 14.; 1992. jan. 4.; 1992. jan. 11.); Maros megyei m. -s\u00e1g. 4.; Marosi Barna 1974; MNL; Moln\u00e1r; Mv. r\u00e9gi V\u00e1rosh\u00e1za; Mv. V\u00e1rosh\u00e1za; Mv.-i kult\u00farpalota 2013; Nagyjaink; Tg. \u2013Mure\u0219 \u2013 Mv.; T\u00eergu Mure\u015f; Turisztikai kalauz; \u00daIL; \u00daM\u00c9L; Wertzberger<\/br><\/p>\n","protected":false},"excerpt":{"rendered":"<p>Pest, 1868. nov. 7., Sopronkereszt\u00far (Deutschkreutz), 1944. nov. 29.: \u00e9p\u00edt\u00e9sz. \u2013 Jakab De\u00adzs\u0151vel k\u00f6z\u00f6s \u00e9p\u00edt\u00e9szirod\u00e1t nyitott (1897\u2013), mely az I. vh. v\u00e9g\u00e9ig m\u0171k\u00f6d\u00f6tt. V\u00e1llalkoz\u00e1suk igen sikeresnek bizonyult: sz\u00e1mos tervp\u00e1ly\u00e1zatot nyertek, amelyek nagy r\u00e9sz\u00e9t meg is val\u00f3s\u00ed\u00adtott\u00e1k. Bern\u00e1dy Gy\u00f6rgy polg\u00e1rmester megb\u00edz\u00e1s\u00e1b\u00f3l k\u00f6z\u00f6sen Jakab Dezs\u0151vel tervezte, szecesszi\u00f3s st\u00edlusban, a mv.-i V\u00e1rosh\u00e1z\u00e1t (1906\u20131908), \u00e9s a Kult\u00farpalot\u00e1t (1911\u201313), amelynek [&hellip;]<\/p>\n","protected":false},"featured_media":0,"comment_status":"open","ping_status":"closed","template":"","meta":[],"product_brand":[],"product_cat":[137],"product_tag":[],"class_list":{"0":"post-12449","1":"product","2":"type-product","3":"status-publish","5":"product_cat-maros-megyei-eletrajzi-lexikon","7":"first","8":"instock","9":"shipping-taxable","10":"product-type-simple"},"_links":{"self":[{"href":"https:\/\/uj.adatbank.ro\/lexikon\/wp-json\/wp\/v2\/product\/12449","targetHints":{"allow":["GET"]}}],"collection":[{"href":"https:\/\/uj.adatbank.ro\/lexikon\/wp-json\/wp\/v2\/product"}],"about":[{"href":"https:\/\/uj.adatbank.ro\/lexikon\/wp-json\/wp\/v2\/types\/product"}],"replies":[{"embeddable":true,"href":"https:\/\/uj.adatbank.ro\/lexikon\/wp-json\/wp\/v2\/comments?post=12449"}],"wp:attachment":[{"href":"https:\/\/uj.adatbank.ro\/lexikon\/wp-json\/wp\/v2\/media?parent=12449"}],"wp:term":[{"taxonomy":"product_brand","embeddable":true,"href":"https:\/\/uj.adatbank.ro\/lexikon\/wp-json\/wp\/v2\/product_brand?post=12449"},{"taxonomy":"product_cat","embeddable":true,"href":"https:\/\/uj.adatbank.ro\/lexikon\/wp-json\/wp\/v2\/product_cat?post=12449"},{"taxonomy":"product_tag","embeddable":true,"href":"https:\/\/uj.adatbank.ro\/lexikon\/wp-json\/wp\/v2\/product_tag?post=12449"}],"curies":[{"name":"wp","href":"https:\/\/api.w.org\/{rel}","templated":true}]}}