{"id":12450,"date":"2025-06-29T14:27:37","date_gmt":"2025-06-29T12:27:37","guid":{"rendered":"https:\/\/uj.adatbank.ro\/lexikon\/termek\/kompo-ilona-kompo-istvanne-szep-kompo-ilona\/"},"modified":"2025-06-29T14:27:37","modified_gmt":"2025-06-29T12:27:37","slug":"kompo-ilona-kompo-istvanne-szep-kompo-ilona","status":"publish","type":"product","link":"https:\/\/uj.adatbank.ro\/lexikon\/termek\/kompo-ilona-kompo-istvanne-szep-kompo-ilona\/","title":{"rendered":"KOMP\u00d3 Ilona, Komp\u00f3 Istv\u00e1nn\u00e9, Sz\u00e9p Komp\u00f3 Ilona"},"content":{"rendered":"<p>Cs\u00edkszereda, 1932. nov. 21 \u2020 Mv., 2003. aug. 9.: orvos. \u2013 Cs\u00edkszered\u00e1ban v\u00e9gezte a l\u00edc.-ot , a MOGYE orvoskar\u00e1n v\u00e9gzett. Mez\u0151panitban kezdte orvosi hivat\u00e1s\u00e1t, Mv.-en aneszteziol\u00f3gus szakorvos. <br \/><strong>Irod.:<\/strong> MOGYE; [Nekrol\u00f3g] (N\u00fa., 2003. aug. 10.); Kiss\u2013P\u00e9terffy\u2013P\u00e9terffy<\/br><\/p>\n","protected":false},"excerpt":{"rendered":"<p>Cs\u00edkszereda, 1932. nov. 21 \u2020 Mv., 2003. aug. 9.: orvos. \u2013 Cs\u00edkszered\u00e1ban v\u00e9gezte a l\u00edc.-ot , a MOGYE orvoskar\u00e1n v\u00e9gzett. Mez\u0151panitban kezdte orvosi hivat\u00e1s\u00e1t, Mv.-en aneszteziol\u00f3gus szakorvos. Irod.: MOGYE; [Nekrol\u00f3g] (N\u00fa., 2003. aug. 10.); Kiss\u2013P\u00e9terffy\u2013P\u00e9terffy<\/p>\n","protected":false},"featured_media":0,"comment_status":"open","ping_status":"closed","template":"","meta":[],"product_brand":[],"product_cat":[137],"product_tag":[],"class_list":{"0":"post-12450","1":"product","2":"type-product","3":"status-publish","5":"product_cat-maros-megyei-eletrajzi-lexikon","7":"first","8":"instock","9":"shipping-taxable","10":"product-type-simple"},"_links":{"self":[{"href":"https:\/\/uj.adatbank.ro\/lexikon\/wp-json\/wp\/v2\/product\/12450","targetHints":{"allow":["GET"]}}],"collection":[{"href":"https:\/\/uj.adatbank.ro\/lexikon\/wp-json\/wp\/v2\/product"}],"about":[{"href":"https:\/\/uj.adatbank.ro\/lexikon\/wp-json\/wp\/v2\/types\/product"}],"replies":[{"embeddable":true,"href":"https:\/\/uj.adatbank.ro\/lexikon\/wp-json\/wp\/v2\/comments?post=12450"}],"wp:attachment":[{"href":"https:\/\/uj.adatbank.ro\/lexikon\/wp-json\/wp\/v2\/media?parent=12450"}],"wp:term":[{"taxonomy":"product_brand","embeddable":true,"href":"https:\/\/uj.adatbank.ro\/lexikon\/wp-json\/wp\/v2\/product_brand?post=12450"},{"taxonomy":"product_cat","embeddable":true,"href":"https:\/\/uj.adatbank.ro\/lexikon\/wp-json\/wp\/v2\/product_cat?post=12450"},{"taxonomy":"product_tag","embeddable":true,"href":"https:\/\/uj.adatbank.ro\/lexikon\/wp-json\/wp\/v2\/product_tag?post=12450"}],"curies":[{"name":"wp","href":"https:\/\/api.w.org\/{rel}","templated":true}]}}