{"id":12451,"date":"2025-06-29T14:27:40","date_gmt":"2025-06-29T12:27:40","guid":{"rendered":"https:\/\/uj.adatbank.ro\/lexikon\/termek\/kompo-istvan\/"},"modified":"2025-06-29T14:27:40","modified_gmt":"2025-06-29T12:27:40","slug":"kompo-istvan","status":"publish","type":"product","link":"https:\/\/uj.adatbank.ro\/lexikon\/termek\/kompo-istvan\/","title":{"rendered":"KOMP\u00d3 Istv\u00e1n"},"content":{"rendered":"<p>Zsib\u00f3, 1920. m\u00e1rc. 31., \u2020 Mv., 2013.: orvos, n\u0151gy\u00f3gy\u00e1sz. \u2013 Az egyetemet Kv.-on v\u00e9gezte a Ferenc J\u00f3zsef TE (1945). Kv.-on gyakornok (1943\u201345); a mv.-i OGYI Sz\u00fcl\u00e9szeti N\u0151gy\u00f3gy\u00e1szati Klinik\u00e1j\u00e1n tan\u00e1rseg\u00e9d (1945\u201348); szakorvos (1948\u2013); tan\u00e1rseg\u00e9d (1948\u201363); sz\u00fcl\u00e9sz- n\u0151gy\u00f3gy\u00e1sz f\u0151orvos a sz\u00e1szr\u00e9geni K\u00f3rh\u00e1zban (1963\u201383). a Carit-San mag\u00e1nrendel\u0151 k\u00f6zkedvelt n\u0151gy\u00f3gy\u00e1sza. Kongresszusokon vett r\u00e9szt. T\u00f6bb dolgozata jelent meg, 80\u201390szakdolgozata jelent meg, kongresszusokon. T\u00f6bb kit\u00fcntet\u00e9s birtokosa. \u2013 <strong>F. m.:<\/strong> N\u0151gy\u00f3gy\u00e1szati jegyzet (Mv., 1954); Sz\u00fcl\u00e9szeti jegyzet (Mv., 1954, 1959); N\u0151gy\u00f3gy\u00e1szat (Mv., 1960) T\u00e1rsszerz\u0151: k\u00f6zel 100 szakdolgozata jelent meg: <br \/><strong>Irod.:<\/strong> EMKK; Barab\u00e1s-P\u00e9ter M.\u2013P\u00e9ter H. M.; Kiss\u2013P\u00e9terffy\u2013P\u00e9terffy; RMKK<\/br><\/p>\n","protected":false},"excerpt":{"rendered":"<p>Zsib\u00f3, 1920. m\u00e1rc. 31., \u2020 Mv., 2013.: orvos, n\u0151gy\u00f3gy\u00e1sz. \u2013 Az egyetemet Kv.-on v\u00e9gezte a Ferenc J\u00f3zsef TE (1945). Kv.-on gyakornok (1943\u201345); a mv.-i OGYI Sz\u00fcl\u00e9szeti N\u0151gy\u00f3gy\u00e1szati Klinik\u00e1j\u00e1n tan\u00e1rseg\u00e9d (1945\u201348); szakorvos (1948\u2013); tan\u00e1rseg\u00e9d (1948\u201363); sz\u00fcl\u00e9sz- n\u0151gy\u00f3gy\u00e1sz f\u0151orvos a sz\u00e1szr\u00e9geni K\u00f3rh\u00e1zban (1963\u201383). a Carit-San mag\u00e1nrendel\u0151 k\u00f6zkedvelt n\u0151gy\u00f3gy\u00e1sza. Kongresszusokon vett r\u00e9szt. T\u00f6bb dolgozata jelent meg, 80\u201390szakdolgozata jelent [&hellip;]<\/p>\n","protected":false},"featured_media":0,"comment_status":"open","ping_status":"closed","template":"","meta":[],"product_brand":[],"product_cat":[137],"product_tag":[],"class_list":{"0":"post-12451","1":"product","2":"type-product","3":"status-publish","5":"product_cat-maros-megyei-eletrajzi-lexikon","7":"first","8":"instock","9":"shipping-taxable","10":"product-type-simple"},"_links":{"self":[{"href":"https:\/\/uj.adatbank.ro\/lexikon\/wp-json\/wp\/v2\/product\/12451","targetHints":{"allow":["GET"]}}],"collection":[{"href":"https:\/\/uj.adatbank.ro\/lexikon\/wp-json\/wp\/v2\/product"}],"about":[{"href":"https:\/\/uj.adatbank.ro\/lexikon\/wp-json\/wp\/v2\/types\/product"}],"replies":[{"embeddable":true,"href":"https:\/\/uj.adatbank.ro\/lexikon\/wp-json\/wp\/v2\/comments?post=12451"}],"wp:attachment":[{"href":"https:\/\/uj.adatbank.ro\/lexikon\/wp-json\/wp\/v2\/media?parent=12451"}],"wp:term":[{"taxonomy":"product_brand","embeddable":true,"href":"https:\/\/uj.adatbank.ro\/lexikon\/wp-json\/wp\/v2\/product_brand?post=12451"},{"taxonomy":"product_cat","embeddable":true,"href":"https:\/\/uj.adatbank.ro\/lexikon\/wp-json\/wp\/v2\/product_cat?post=12451"},{"taxonomy":"product_tag","embeddable":true,"href":"https:\/\/uj.adatbank.ro\/lexikon\/wp-json\/wp\/v2\/product_tag?post=12451"}],"curies":[{"name":"wp","href":"https:\/\/api.w.org\/{rel}","templated":true}]}}