{"id":12453,"date":"2025-06-29T14:27:45","date_gmt":"2025-06-29T12:27:45","guid":{"rendered":"https:\/\/uj.adatbank.ro\/lexikon\/termek\/koncz-andras-nagysolymosi-koncz-kaunz-andreas-1874-ig\/"},"modified":"2025-06-29T14:27:45","modified_gmt":"2025-06-29T12:27:45","slug":"koncz-andras-nagysolymosi-koncz-kaunz-andreas-1874-ig","status":"publish","type":"product","link":"https:\/\/uj.adatbank.ro\/lexikon\/termek\/koncz-andras-nagysolymosi-koncz-kaunz-andreas-1874-ig\/","title":{"rendered":"KONCZ Andr\u00e1s, nagysolymosi, Koncz Kaunz Andreas (1874-ig)"},"content":{"rendered":"<p>Segesv\u00e1r, 1808. m\u00e1rc. 10., \u2020 Sz\u00e9kelyudvarhely, 1891. \u00e1pr. 1.: gy\u00f3gyszer\u00e9sz. \u2013 Apja K. D\u00e1niel Andr\u00e1s segesv\u00e1ri m\u00e9sz\u00e1ros (1781\u20131833), anyja D\u00e9li Katalin (1790\u20131851). Feles\u00e9ge: 1. Fronius Karolina, 7 gyermek anyja, \u00c1rmin (1855\u20131927. aug. 15.) fi\u00fak gy\u00f3gyszer\u00e9sz lett; Henrik (1858-Bp., 1918) alt\u00e1bornagy; 2. N\u00f6sner M\u00e1ria, gyermekeik: Aurel (1864), Irma (1866). \u2013 Sz\u00e9kelykereszt\u00faron az Unit. Gimn.-ban tanult, majd Segesv\u00e1ron \u00e9s B\u00e9csben v\u00e9gezte az egyetemet (1831). Seg\u00e9d gy\u00f3gyszer\u00e9sz B\u00e9csben (1831\u201334). Sz\u00e9keludvarhelyen telepedett le, alap\u00edtott gy\u00f3gyszert\u00e1rat (1835\u2013), csal\u00e1dot, a patika vezet\u00e9s\u00e9t \u00e1tadta \u00c1rmin fi\u00e1nak (1885\u2013). <br \/><strong>Irod.:<\/strong> P\u00e9ter H. M.; P\u00e9ter H. M. 2013; Szab\u00f3\u2013Sz\u00f6gi<\/br><\/p>\n","protected":false},"excerpt":{"rendered":"<p>Segesv\u00e1r, 1808. m\u00e1rc. 10., \u2020 Sz\u00e9kelyudvarhely, 1891. \u00e1pr. 1.: gy\u00f3gyszer\u00e9sz. \u2013 Apja K. D\u00e1niel Andr\u00e1s segesv\u00e1ri m\u00e9sz\u00e1ros (1781\u20131833), anyja D\u00e9li Katalin (1790\u20131851). Feles\u00e9ge: 1. Fronius Karolina, 7 gyermek anyja, \u00c1rmin (1855\u20131927. aug. 15.) fi\u00fak gy\u00f3gyszer\u00e9sz lett; Henrik (1858-Bp., 1918) alt\u00e1bornagy; 2. N\u00f6sner M\u00e1ria, gyermekeik: Aurel (1864), Irma (1866). \u2013 Sz\u00e9kelykereszt\u00faron az Unit. Gimn.-ban tanult, majd [&hellip;]<\/p>\n","protected":false},"featured_media":0,"comment_status":"open","ping_status":"closed","template":"","meta":[],"product_brand":[],"product_cat":[137],"product_tag":[],"class_list":{"0":"post-12453","1":"product","2":"type-product","3":"status-publish","5":"product_cat-maros-megyei-eletrajzi-lexikon","7":"first","8":"instock","9":"shipping-taxable","10":"product-type-simple"},"_links":{"self":[{"href":"https:\/\/uj.adatbank.ro\/lexikon\/wp-json\/wp\/v2\/product\/12453","targetHints":{"allow":["GET"]}}],"collection":[{"href":"https:\/\/uj.adatbank.ro\/lexikon\/wp-json\/wp\/v2\/product"}],"about":[{"href":"https:\/\/uj.adatbank.ro\/lexikon\/wp-json\/wp\/v2\/types\/product"}],"replies":[{"embeddable":true,"href":"https:\/\/uj.adatbank.ro\/lexikon\/wp-json\/wp\/v2\/comments?post=12453"}],"wp:attachment":[{"href":"https:\/\/uj.adatbank.ro\/lexikon\/wp-json\/wp\/v2\/media?parent=12453"}],"wp:term":[{"taxonomy":"product_brand","embeddable":true,"href":"https:\/\/uj.adatbank.ro\/lexikon\/wp-json\/wp\/v2\/product_brand?post=12453"},{"taxonomy":"product_cat","embeddable":true,"href":"https:\/\/uj.adatbank.ro\/lexikon\/wp-json\/wp\/v2\/product_cat?post=12453"},{"taxonomy":"product_tag","embeddable":true,"href":"https:\/\/uj.adatbank.ro\/lexikon\/wp-json\/wp\/v2\/product_tag?post=12453"}],"curies":[{"name":"wp","href":"https:\/\/api.w.org\/{rel}","templated":true}]}}